{"id":705,"date":"2025-03-12T16:44:29","date_gmt":"2025-03-12T15:44:29","guid":{"rendered":"https:\/\/sfpi-consulting.com\/?page_id=705"},"modified":"2025-03-13T11:11:26","modified_gmt":"2025-03-13T10:11:26","slug":"gardiennage-et-surveillance-de-sites-protection-24h-24-en-ariege-et-haute-garonne","status":"publish","type":"page","link":"https:\/\/sfpi-consulting.com\/index.php\/gardiennage-et-surveillance-de-sites-protection-24h-24-en-ariege-et-haute-garonne\/","title":{"rendered":"Gardiennage et surveillance de sites : protection 24h\/24 en Ari\u00e8ge et Haute-Garonne"},"content":{"rendered":"\t\t<div data-elementor-type=\"wp-page\" data-elementor-id=\"705\" class=\"elementor elementor-705\">\n\t\t\t\t<div class=\"elementor-element elementor-element-5d01223 e-flex e-con-boxed wpr-particle-no wpr-jarallax-no wpr-parallax-no wpr-sticky-section-no e-con e-parent\" data-id=\"5d01223\" data-element_type=\"container\">\n\t\t\t\t\t<div class=\"e-con-inner\">\n\t\t\t\t<div class=\"elementor-element elementor-element-1e54063 elementor-widget elementor-widget-html\" data-id=\"1e54063\" data-element_type=\"widget\" data-widget_type=\"html.default\">\n\t\t\t\t<div class=\"elementor-widget-container\">\n\t\t\t\t\t<!DOCTYPE html>\n<html lang=\"fr\">\n<head>\n    <meta charset=\"UTF-8\">\n    <meta name=\"viewport\" content=\"width=device-width, initial-scale=1.0\">\n    <meta name=\"description\" content=\"Gardiennage et surveillance de sites en Ari\u00e8ge et Haute-Garonne : A1 EVENTS offre une protection 24h\/24 pour garantir la s\u00e9curit\u00e9 de vos biens et locaux.\">\n    <meta name=\"keywords\" content=\"gardiennage, surveillance de sites, protection 24h\/24, Ari\u00e8ge, Haute-Garonne, s\u00e9curit\u00e9, A1 EVENTS\">\n    <title>Gardiennage et surveillance de sites : protection 24h\/24 en Ari\u00e8ge et Haute-Garonne<\/title>\n    <link rel=\"stylesheet\" href=\"styles.css\">\n<\/head>\n<body>\n\n<div class=\"container\">\n    <h1>Gardiennage et surveillance de sites : protection 24h\/24 en Ari\u00e8ge et Haute-Garonne<\/h1>\n\n    <section>\n        <h2>Qu'est-ce que le gardiennage et la surveillance de sites ?<\/h2>\n        <p>Le gardiennage et la surveillance de sites consistent \u00e0 prot\u00e9ger vos locaux, b\u00e2timents ou chantiers en garantissant une pr\u00e9sence continue pour pr\u00e9venir toute intrusion, vandalisme ou dommage. Nos agents de s\u00e9curit\u00e9 assurent une surveillance de haute qualit\u00e9 24h\/24 pour garantir la s\u00e9curit\u00e9 de vos biens et de vos \u00e9quipes.<\/p>\n    <\/section>\n\n    <section>\n        <h2>Nos services de gardiennage en Ari\u00e8ge et Haute-Garonne<\/h2>\n        <p>Nous proposons des solutions de gardiennage adapt\u00e9es \u00e0 vos besoins sp\u00e9cifiques dans les d\u00e9partements de l'Ari\u00e8ge (09) et de la Haute-Garonne (31). Que ce soit pour des sites industriels, commerciaux ou r\u00e9sidentiels, nos agents sont form\u00e9s pour assurer la s\u00e9curit\u00e9 optimale de vos locaux et de vos infrastructures.<\/p>\n        <p><a href=\"https:\/\/sfpi-consulting.com\/\" class=\"button\">En savoir plus sur nos services de gardiennage<\/a><\/p>\n    <\/section>\n\n    <section>\n        <h2>Protection 24h\/24, 7 jours sur 7<\/h2>\n        <p>Notre \u00e9quipe de s\u00e9curit\u00e9 assure une surveillance en continu, 24 heures sur 24 et 7 jours sur 7, pour une protection maximale de vos biens. Nos agents sont \u00e9quip\u00e9s pour intervenir en cas de besoin, \u00e0 tout moment, et garantir un environnement s\u00e9curis\u00e9.<\/p>\n        <p><a href=\"https:\/\/sfpi-consulting.com\/\" class=\"button\">D\u00e9couvrez notre dispositif de protection 24h\/24<\/a><\/p>\n    <\/section>\n\n    <section>\n        <h2>Une surveillance adapt\u00e9e \u00e0 chaque type de site<\/h2>\n        <p>Nous comprenons que chaque site n\u00e9cessite des solutions de s\u00e9curit\u00e9 sp\u00e9cifiques. Que ce soit pour des sites industriels, des entrep\u00f4ts, des bureaux ou des chantiers, nos agents de s\u00e9curit\u00e9 sont form\u00e9s pour r\u00e9pondre aux exigences particuli\u00e8res de chaque environnement.<\/p>\n        <p><a href=\"https:\/\/sfpi-consulting.com\/\" class=\"button\">Contactez-nous pour un service de surveillance adapt\u00e9<\/a><\/p>\n    <\/section>\n\n    <section>\n        <h2>Les avantages de notre service de surveillance<\/h2>\n        <p>Opter pour nos services de gardiennage et de surveillance vous permet de b\u00e9n\u00e9ficier d'une s\u00e9curit\u00e9 renforc\u00e9e. Nos agents exp\u00e9riment\u00e9s d\u00e9tectent rapidement toute anomalie et r\u00e9agissent efficacement pour minimiser les risques. Vous b\u00e9n\u00e9ficiez \u00e9galement de rapports d\u00e9taill\u00e9s sur les incidents et les actions prises.<\/p>\n        <p><a href=\"https:\/\/sfpi-consulting.com\/\" class=\"button\">En savoir plus sur nos avantages de surveillance<\/a><\/p>\n    <\/section>\n\n    <section>\n        <h2>Interventions en cas d'incident<\/h2>\n        <p>En cas d'incident, nos agents sont form\u00e9s pour intervenir imm\u00e9diatement et prendre les mesures n\u00e9cessaires. Cela inclut l'alerte des autorit\u00e9s, la gestion de l'\u00e9vacuation, et la mise en s\u00e9curit\u00e9 de vos biens. Nous garantissons une r\u00e9activit\u00e9 maximale \u00e0 toute situation d'urgence.<\/p>\n        <p><a href=\"https:\/\/sfpi-consulting.com\/\" class=\"button\">En savoir plus sur nos interventions<\/a><\/p>\n    <\/section>\n\n    <section>\n        <h2>Contactez-nous pour un devis de gardiennage<\/h2>\n        <p>Vous souhaitez s\u00e9curiser votre site en Ari\u00e8ge ou Haute-Garonne ? Contactez-nous d\u00e8s aujourd'hui pour obtenir un devis personnalis\u00e9 adapt\u00e9 \u00e0 vos besoins en gardiennage et surveillance de sites.<\/p>\n        <p><a href=\"https:\/\/sfpi-consulting.com\/\" class=\"button\">Demandez un devis de gardiennage<\/a><\/p>\n    <\/section>\n\n<\/div>\n\n<\/body>\n<\/html>\n\t\t\t\t<\/div>\n\t\t\t\t<\/div>\n\t\t\t\t\t<\/div>\n\t\t\t\t<\/div>\n\t\t\t\t<\/div>\n\t\t","protected":false},"excerpt":{"rendered":"<p>Gardiennage et surveillance de sites : protection 24h\/24 en Ari\u00e8ge et Haute-Garonne Gardiennage et surveillance de sites : protection 24h\/24 en Ari\u00e8ge et Haute-Garonne Qu&#8217;est-ce que le gardiennage et la surveillance de sites ? Le gardiennage et la surveillance de sites consistent \u00e0 prot\u00e9ger vos locaux, b\u00e2timents ou chantiers en garantissant une pr\u00e9sence continue pour pr\u00e9venir toute intrusion, vandalisme ou dommage. Nos agents de s\u00e9curit\u00e9 assurent une surveillance de haute qualit\u00e9 24h\/24 pour garantir la s\u00e9curit\u00e9 de vos biens et de vos \u00e9quipes. Nos services de gardiennage en Ari\u00e8ge et Haute-Garonne Nous proposons des solutions de gardiennage adapt\u00e9es \u00e0 vos besoins sp\u00e9cifiques dans les d\u00e9partements de l&#8217;Ari\u00e8ge (09) et de la Haute-Garonne (31). Que ce soit pour des sites industriels, commerciaux ou r\u00e9sidentiels, nos agents sont form\u00e9s pour assurer la s\u00e9curit\u00e9 optimale de vos locaux et de vos infrastructures. En savoir plus sur nos services de gardiennage Protection 24h\/24, 7 jours sur 7 Notre \u00e9quipe de s\u00e9curit\u00e9 assure une surveillance en continu, 24 heures sur 24 et 7 jours sur 7, pour une protection maximale de vos biens. Nos agents sont \u00e9quip\u00e9s pour intervenir en cas de besoin, \u00e0 tout moment, et garantir un environnement s\u00e9curis\u00e9. D\u00e9couvrez notre dispositif de protection 24h\/24 Une surveillance adapt\u00e9e \u00e0 chaque type de site Nous comprenons que chaque site n\u00e9cessite des solutions de s\u00e9curit\u00e9 sp\u00e9cifiques. Que ce soit pour des sites industriels, des entrep\u00f4ts, des bureaux ou des chantiers, nos agents de s\u00e9curit\u00e9 sont form\u00e9s pour r\u00e9pondre aux exigences particuli\u00e8res de chaque environnement. Contactez-nous pour un service de surveillance adapt\u00e9 Les avantages de notre service de surveillance Opter pour nos services de gardiennage et de surveillance vous permet de b\u00e9n\u00e9ficier d&#8217;une s\u00e9curit\u00e9 renforc\u00e9e. Nos agents exp\u00e9riment\u00e9s d\u00e9tectent rapidement toute anomalie et r\u00e9agissent efficacement pour minimiser les risques. Vous b\u00e9n\u00e9ficiez \u00e9galement de rapports d\u00e9taill\u00e9s sur les incidents et les actions prises. En savoir plus sur nos avantages de surveillance Interventions en cas d&#8217;incident En cas d&#8217;incident, nos agents sont form\u00e9s pour intervenir imm\u00e9diatement et prendre les mesures n\u00e9cessaires. Cela inclut l&#8217;alerte des autorit\u00e9s, la gestion de l&#8217;\u00e9vacuation, et la mise en s\u00e9curit\u00e9 de vos biens. Nous garantissons une r\u00e9activit\u00e9 maximale \u00e0 toute situation d&#8217;urgence. En savoir plus sur nos interventions Contactez-nous pour un devis de gardiennage Vous souhaitez s\u00e9curiser votre site en Ari\u00e8ge ou Haute-Garonne ? Contactez-nous d\u00e8s aujourd&#8217;hui pour obtenir un devis personnalis\u00e9 adapt\u00e9 \u00e0 vos besoins en gardiennage et surveillance de sites. Demandez un devis de gardiennage<\/p>\n","protected":false},"author":1,"featured_media":0,"parent":0,"menu_order":0,"comment_status":"closed","ping_status":"closed","template":"","meta":{"site-sidebar-layout":"no-sidebar","site-content-layout":"","ast-site-content-layout":"full-width-container","site-content-style":"default","site-sidebar-style":"default","ast-global-header-display":"","ast-banner-title-visibility":"","ast-main-header-display":"","ast-hfb-above-header-display":"","ast-hfb-below-header-display":"","ast-hfb-mobile-header-display":"","site-post-title":"disabled","ast-breadcrumbs-content":"","ast-featured-img":"disabled","footer-sml-layout":"","theme-transparent-header-meta":"","adv-header-id-meta":"","stick-header-meta":"","header-above-stick-meta":"","header-main-stick-meta":"","header-below-stick-meta":"","astra-migrate-meta-layouts":"default","ast-page-background-enabled":"default","ast-page-background-meta":{"desktop":{"background-color":"var(--ast-global-color-5)","background-image":"","background-repeat":"repeat","background-position":"center center","background-size":"auto","background-attachment":"scroll","background-type":"","background-media":"","overlay-type":"","overlay-color":"","overlay-opacity":"","overlay-gradient":""},"tablet":{"background-color":"","background-image":"","background-repeat":"repeat","background-position":"center center","background-size":"auto","background-attachment":"scroll","background-type":"","background-media":"","overlay-type":"","overlay-color":"","overlay-opacity":"","overlay-gradient":""},"mobile":{"background-color":"","background-image":"","background-repeat":"repeat","background-position":"center center","background-size":"auto","background-attachment":"scroll","background-type":"","background-media":"","overlay-type":"","overlay-color":"","overlay-opacity":"","overlay-gradient":""}},"ast-content-background-meta":{"desktop":{"background-color":"var(--ast-global-color-4)","background-image":"","background-repeat":"repeat","background-position":"center center","background-size":"auto","background-attachment":"scroll","background-type":"","background-media":"","overlay-type":"","overlay-color":"","overlay-opacity":"","overlay-gradient":""},"tablet":{"background-color":"var(--ast-global-color-4)","background-image":"","background-repeat":"repeat","background-position":"center center","background-size":"auto","background-attachment":"scroll","background-type":"","background-media":"","overlay-type":"","overlay-color":"","overlay-opacity":"","overlay-gradient":""},"mobile":{"background-color":"var(--ast-global-color-4)","background-image":"","background-repeat":"repeat","background-position":"center center","background-size":"auto","background-attachment":"scroll","background-type":"","background-media":"","overlay-type":"","overlay-color":"","overlay-opacity":"","overlay-gradient":""}},"footnotes":""},"class_list":["post-705","page","type-page","status-publish","hentry"],"yoast_head":"<!-- This site is optimized with the Yoast SEO plugin v25.9 - https:\/\/yoast.com\/wordpress\/plugins\/seo\/ -->\n<title>Gardiennage et surveillance de sites : protection 24h\/24 en Ari\u00e8ge et Haute-Garonne - SFPI Consulting<\/title>\n<meta name=\"robots\" content=\"index, follow, max-snippet:-1, max-image-preview:large, max-video-preview:-1\" \/>\n<link rel=\"canonical\" href=\"https:\/\/sfpi-consulting.com\/index.php\/gardiennage-et-surveillance-de-sites-protection-24h-24-en-ariege-et-haute-garonne\/\" \/>\n<meta property=\"og:locale\" content=\"en_US\" \/>\n<meta property=\"og:type\" content=\"article\" \/>\n<meta property=\"og:title\" content=\"Gardiennage et surveillance de sites : protection 24h\/24 en Ari\u00e8ge et Haute-Garonne - SFPI Consulting\" \/>\n<meta property=\"og:description\" content=\"Gardiennage et surveillance de sites : protection 24h\/24 en Ari\u00e8ge et Haute-Garonne Gardiennage et surveillance de sites : protection 24h\/24 en Ari\u00e8ge et Haute-Garonne Qu&#8217;est-ce que le gardiennage et la surveillance de sites ? Le gardiennage et la surveillance de sites consistent \u00e0 prot\u00e9ger vos locaux, b\u00e2timents ou chantiers en garantissant une pr\u00e9sence continue pour pr\u00e9venir toute intrusion, vandalisme ou dommage. Nos agents de s\u00e9curit\u00e9 assurent une surveillance de haute qualit\u00e9 24h\/24 pour garantir la s\u00e9curit\u00e9 de vos biens et de vos \u00e9quipes. Nos services de gardiennage en Ari\u00e8ge et Haute-Garonne Nous proposons des solutions de gardiennage adapt\u00e9es \u00e0 vos besoins sp\u00e9cifiques dans les d\u00e9partements de l&#8217;Ari\u00e8ge (09) et de la Haute-Garonne (31). Que ce soit pour des sites industriels, commerciaux ou r\u00e9sidentiels, nos agents sont form\u00e9s pour assurer la s\u00e9curit\u00e9 optimale de vos locaux et de vos infrastructures. En savoir plus sur nos services de gardiennage Protection 24h\/24, 7 jours sur 7 Notre \u00e9quipe de s\u00e9curit\u00e9 assure une surveillance en continu, 24 heures sur 24 et 7 jours sur 7, pour une protection maximale de vos biens. Nos agents sont \u00e9quip\u00e9s pour intervenir en cas de besoin, \u00e0 tout moment, et garantir un environnement s\u00e9curis\u00e9. D\u00e9couvrez notre dispositif de protection 24h\/24 Une surveillance adapt\u00e9e \u00e0 chaque type de site Nous comprenons que chaque site n\u00e9cessite des solutions de s\u00e9curit\u00e9 sp\u00e9cifiques. Que ce soit pour des sites industriels, des entrep\u00f4ts, des bureaux ou des chantiers, nos agents de s\u00e9curit\u00e9 sont form\u00e9s pour r\u00e9pondre aux exigences particuli\u00e8res de chaque environnement. Contactez-nous pour un service de surveillance adapt\u00e9 Les avantages de notre service de surveillance Opter pour nos services de gardiennage et de surveillance vous permet de b\u00e9n\u00e9ficier d&#8217;une s\u00e9curit\u00e9 renforc\u00e9e. Nos agents exp\u00e9riment\u00e9s d\u00e9tectent rapidement toute anomalie et r\u00e9agissent efficacement pour minimiser les risques. Vous b\u00e9n\u00e9ficiez \u00e9galement de rapports d\u00e9taill\u00e9s sur les incidents et les actions prises. En savoir plus sur nos avantages de surveillance Interventions en cas d&#8217;incident En cas d&#8217;incident, nos agents sont form\u00e9s pour intervenir imm\u00e9diatement et prendre les mesures n\u00e9cessaires. Cela inclut l&#8217;alerte des autorit\u00e9s, la gestion de l&#8217;\u00e9vacuation, et la mise en s\u00e9curit\u00e9 de vos biens. Nous garantissons une r\u00e9activit\u00e9 maximale \u00e0 toute situation d&#8217;urgence. En savoir plus sur nos interventions Contactez-nous pour un devis de gardiennage Vous souhaitez s\u00e9curiser votre site en Ari\u00e8ge ou Haute-Garonne ? Contactez-nous d\u00e8s aujourd&#8217;hui pour obtenir un devis personnalis\u00e9 adapt\u00e9 \u00e0 vos besoins en gardiennage et surveillance de sites. Demandez un devis de gardiennage\" \/>\n<meta property=\"og:url\" content=\"https:\/\/sfpi-consulting.com\/index.php\/gardiennage-et-surveillance-de-sites-protection-24h-24-en-ariege-et-haute-garonne\/\" \/>\n<meta property=\"og:site_name\" content=\"SFPI Consulting\" \/>\n<meta property=\"article:modified_time\" content=\"2025-03-13T10:11:26+00:00\" \/>\n<meta name=\"twitter:card\" content=\"summary_large_image\" \/>\n<meta name=\"twitter:label1\" content=\"Est. reading time\" \/>\n\t<meta name=\"twitter:data1\" content=\"3 minutes\" \/>\n<script type=\"application\/ld+json\" class=\"yoast-schema-graph\">{\"@context\":\"https:\/\/schema.org\",\"@graph\":[{\"@type\":\"WebPage\",\"@id\":\"https:\/\/sfpi-consulting.com\/index.php\/gardiennage-et-surveillance-de-sites-protection-24h-24-en-ariege-et-haute-garonne\/\",\"url\":\"https:\/\/sfpi-consulting.com\/index.php\/gardiennage-et-surveillance-de-sites-protection-24h-24-en-ariege-et-haute-garonne\/\",\"name\":\"Gardiennage et surveillance de sites : protection 24h\/24 en Ari\u00e8ge et Haute-Garonne - SFPI Consulting\",\"isPartOf\":{\"@id\":\"https:\/\/sfpi-consulting.com\/#website\"},\"datePublished\":\"2025-03-12T15:44:29+00:00\",\"dateModified\":\"2025-03-13T10:11:26+00:00\",\"breadcrumb\":{\"@id\":\"https:\/\/sfpi-consulting.com\/index.php\/gardiennage-et-surveillance-de-sites-protection-24h-24-en-ariege-et-haute-garonne\/#breadcrumb\"},\"inLanguage\":\"en-US\",\"potentialAction\":[{\"@type\":\"ReadAction\",\"target\":[\"https:\/\/sfpi-consulting.com\/index.php\/gardiennage-et-surveillance-de-sites-protection-24h-24-en-ariege-et-haute-garonne\/\"]}]},{\"@type\":\"BreadcrumbList\",\"@id\":\"https:\/\/sfpi-consulting.com\/index.php\/gardiennage-et-surveillance-de-sites-protection-24h-24-en-ariege-et-haute-garonne\/#breadcrumb\",\"itemListElement\":[{\"@type\":\"ListItem\",\"position\":1,\"name\":\"Accueil\",\"item\":\"https:\/\/sfpi-consulting.com\/\"},{\"@type\":\"ListItem\",\"position\":2,\"name\":\"Gardiennage et surveillance de sites : protection 24h\/24 en Ari\u00e8ge et Haute-Garonne\"}]},{\"@type\":\"WebSite\",\"@id\":\"https:\/\/sfpi-consulting.com\/#website\",\"url\":\"https:\/\/sfpi-consulting.com\/\",\"name\":\"SFPI Consulting\",\"description\":\"\",\"publisher\":{\"@id\":\"https:\/\/sfpi-consulting.com\/#organization\"},\"potentialAction\":[{\"@type\":\"SearchAction\",\"target\":{\"@type\":\"EntryPoint\",\"urlTemplate\":\"https:\/\/sfpi-consulting.com\/?s={search_term_string}\"},\"query-input\":{\"@type\":\"PropertyValueSpecification\",\"valueRequired\":true,\"valueName\":\"search_term_string\"}}],\"inLanguage\":\"en-US\"},{\"@type\":\"Organization\",\"@id\":\"https:\/\/sfpi-consulting.com\/#organization\",\"name\":\"SFPI Consulting\",\"url\":\"https:\/\/sfpi-consulting.com\/\",\"logo\":{\"@type\":\"ImageObject\",\"inLanguage\":\"en-US\",\"@id\":\"https:\/\/sfpi-consulting.com\/#\/schema\/logo\/image\/\",\"url\":\"https:\/\/sfpi-consulting.com\/wp-content\/uploads\/2025\/03\/cropped-SFPIC-scaled.png\",\"contentUrl\":\"https:\/\/sfpi-consulting.com\/wp-content\/uploads\/2025\/03\/cropped-SFPIC-scaled.png\",\"width\":2560,\"height\":2109,\"caption\":\"SFPI Consulting\"},\"image\":{\"@id\":\"https:\/\/sfpi-consulting.com\/#\/schema\/logo\/image\/\"}}]}<\/script>\n<!-- \/ Yoast SEO plugin. -->","yoast_head_json":{"title":"Gardiennage et surveillance de sites : protection 24h\/24 en Ari\u00e8ge et Haute-Garonne - SFPI Consulting","robots":{"index":"index","follow":"follow","max-snippet":"max-snippet:-1","max-image-preview":"max-image-preview:large","max-video-preview":"max-video-preview:-1"},"canonical":"https:\/\/sfpi-consulting.com\/index.php\/gardiennage-et-surveillance-de-sites-protection-24h-24-en-ariege-et-haute-garonne\/","og_locale":"en_US","og_type":"article","og_title":"Gardiennage et surveillance de sites : protection 24h\/24 en Ari\u00e8ge et Haute-Garonne - SFPI Consulting","og_description":"Gardiennage et surveillance de sites : protection 24h\/24 en Ari\u00e8ge et Haute-Garonne Gardiennage et surveillance de sites : protection 24h\/24 en Ari\u00e8ge et Haute-Garonne Qu&#8217;est-ce que le gardiennage et la surveillance de sites ? Le gardiennage et la surveillance de sites consistent \u00e0 prot\u00e9ger vos locaux, b\u00e2timents ou chantiers en garantissant une pr\u00e9sence continue pour pr\u00e9venir toute intrusion, vandalisme ou dommage. Nos agents de s\u00e9curit\u00e9 assurent une surveillance de haute qualit\u00e9 24h\/24 pour garantir la s\u00e9curit\u00e9 de vos biens et de vos \u00e9quipes. Nos services de gardiennage en Ari\u00e8ge et Haute-Garonne Nous proposons des solutions de gardiennage adapt\u00e9es \u00e0 vos besoins sp\u00e9cifiques dans les d\u00e9partements de l&#8217;Ari\u00e8ge (09) et de la Haute-Garonne (31). Que ce soit pour des sites industriels, commerciaux ou r\u00e9sidentiels, nos agents sont form\u00e9s pour assurer la s\u00e9curit\u00e9 optimale de vos locaux et de vos infrastructures. En savoir plus sur nos services de gardiennage Protection 24h\/24, 7 jours sur 7 Notre \u00e9quipe de s\u00e9curit\u00e9 assure une surveillance en continu, 24 heures sur 24 et 7 jours sur 7, pour une protection maximale de vos biens. Nos agents sont \u00e9quip\u00e9s pour intervenir en cas de besoin, \u00e0 tout moment, et garantir un environnement s\u00e9curis\u00e9. D\u00e9couvrez notre dispositif de protection 24h\/24 Une surveillance adapt\u00e9e \u00e0 chaque type de site Nous comprenons que chaque site n\u00e9cessite des solutions de s\u00e9curit\u00e9 sp\u00e9cifiques. Que ce soit pour des sites industriels, des entrep\u00f4ts, des bureaux ou des chantiers, nos agents de s\u00e9curit\u00e9 sont form\u00e9s pour r\u00e9pondre aux exigences particuli\u00e8res de chaque environnement. Contactez-nous pour un service de surveillance adapt\u00e9 Les avantages de notre service de surveillance Opter pour nos services de gardiennage et de surveillance vous permet de b\u00e9n\u00e9ficier d&#8217;une s\u00e9curit\u00e9 renforc\u00e9e. Nos agents exp\u00e9riment\u00e9s d\u00e9tectent rapidement toute anomalie et r\u00e9agissent efficacement pour minimiser les risques. Vous b\u00e9n\u00e9ficiez \u00e9galement de rapports d\u00e9taill\u00e9s sur les incidents et les actions prises. En savoir plus sur nos avantages de surveillance Interventions en cas d&#8217;incident En cas d&#8217;incident, nos agents sont form\u00e9s pour intervenir imm\u00e9diatement et prendre les mesures n\u00e9cessaires. Cela inclut l&#8217;alerte des autorit\u00e9s, la gestion de l&#8217;\u00e9vacuation, et la mise en s\u00e9curit\u00e9 de vos biens. Nous garantissons une r\u00e9activit\u00e9 maximale \u00e0 toute situation d&#8217;urgence. En savoir plus sur nos interventions Contactez-nous pour un devis de gardiennage Vous souhaitez s\u00e9curiser votre site en Ari\u00e8ge ou Haute-Garonne ? Contactez-nous d\u00e8s aujourd&#8217;hui pour obtenir un devis personnalis\u00e9 adapt\u00e9 \u00e0 vos besoins en gardiennage et surveillance de sites. Demandez un devis de gardiennage","og_url":"https:\/\/sfpi-consulting.com\/index.php\/gardiennage-et-surveillance-de-sites-protection-24h-24-en-ariege-et-haute-garonne\/","og_site_name":"SFPI Consulting","article_modified_time":"2025-03-13T10:11:26+00:00","twitter_card":"summary_large_image","twitter_misc":{"Est. reading time":"3 minutes"},"schema":{"@context":"https:\/\/schema.org","@graph":[{"@type":"WebPage","@id":"https:\/\/sfpi-consulting.com\/index.php\/gardiennage-et-surveillance-de-sites-protection-24h-24-en-ariege-et-haute-garonne\/","url":"https:\/\/sfpi-consulting.com\/index.php\/gardiennage-et-surveillance-de-sites-protection-24h-24-en-ariege-et-haute-garonne\/","name":"Gardiennage et surveillance de sites : protection 24h\/24 en Ari\u00e8ge et Haute-Garonne - SFPI Consulting","isPartOf":{"@id":"https:\/\/sfpi-consulting.com\/#website"},"datePublished":"2025-03-12T15:44:29+00:00","dateModified":"2025-03-13T10:11:26+00:00","breadcrumb":{"@id":"https:\/\/sfpi-consulting.com\/index.php\/gardiennage-et-surveillance-de-sites-protection-24h-24-en-ariege-et-haute-garonne\/#breadcrumb"},"inLanguage":"en-US","potentialAction":[{"@type":"ReadAction","target":["https:\/\/sfpi-consulting.com\/index.php\/gardiennage-et-surveillance-de-sites-protection-24h-24-en-ariege-et-haute-garonne\/"]}]},{"@type":"BreadcrumbList","@id":"https:\/\/sfpi-consulting.com\/index.php\/gardiennage-et-surveillance-de-sites-protection-24h-24-en-ariege-et-haute-garonne\/#breadcrumb","itemListElement":[{"@type":"ListItem","position":1,"name":"Accueil","item":"https:\/\/sfpi-consulting.com\/"},{"@type":"ListItem","position":2,"name":"Gardiennage et surveillance de sites : protection 24h\/24 en Ari\u00e8ge et Haute-Garonne"}]},{"@type":"WebSite","@id":"https:\/\/sfpi-consulting.com\/#website","url":"https:\/\/sfpi-consulting.com\/","name":"SFPI Consulting","description":"","publisher":{"@id":"https:\/\/sfpi-consulting.com\/#organization"},"potentialAction":[{"@type":"SearchAction","target":{"@type":"EntryPoint","urlTemplate":"https:\/\/sfpi-consulting.com\/?s={search_term_string}"},"query-input":{"@type":"PropertyValueSpecification","valueRequired":true,"valueName":"search_term_string"}}],"inLanguage":"en-US"},{"@type":"Organization","@id":"https:\/\/sfpi-consulting.com\/#organization","name":"SFPI Consulting","url":"https:\/\/sfpi-consulting.com\/","logo":{"@type":"ImageObject","inLanguage":"en-US","@id":"https:\/\/sfpi-consulting.com\/#\/schema\/logo\/image\/","url":"https:\/\/sfpi-consulting.com\/wp-content\/uploads\/2025\/03\/cropped-SFPIC-scaled.png","contentUrl":"https:\/\/sfpi-consulting.com\/wp-content\/uploads\/2025\/03\/cropped-SFPIC-scaled.png","width":2560,"height":2109,"caption":"SFPI Consulting"},"image":{"@id":"https:\/\/sfpi-consulting.com\/#\/schema\/logo\/image\/"}}]}},"_links":{"self":[{"href":"https:\/\/sfpi-consulting.com\/index.php\/wp-json\/wp\/v2\/pages\/705","targetHints":{"allow":["GET"]}}],"collection":[{"href":"https:\/\/sfpi-consulting.com\/index.php\/wp-json\/wp\/v2\/pages"}],"about":[{"href":"https:\/\/sfpi-consulting.com\/index.php\/wp-json\/wp\/v2\/types\/page"}],"author":[{"embeddable":true,"href":"https:\/\/sfpi-consulting.com\/index.php\/wp-json\/wp\/v2\/users\/1"}],"replies":[{"embeddable":true,"href":"https:\/\/sfpi-consulting.com\/index.php\/wp-json\/wp\/v2\/comments?post=705"}],"version-history":[{"count":7,"href":"https:\/\/sfpi-consulting.com\/index.php\/wp-json\/wp\/v2\/pages\/705\/revisions"}],"predecessor-version":[{"id":980,"href":"https:\/\/sfpi-consulting.com\/index.php\/wp-json\/wp\/v2\/pages\/705\/revisions\/980"}],"wp:attachment":[{"href":"https:\/\/sfpi-consulting.com\/index.php\/wp-json\/wp\/v2\/media?parent=705"}],"curies":[{"name":"wp","href":"https:\/\/api.w.org\/{rel}","templated":true}]}}