{"id":701,"date":"2025-03-12T16:43:25","date_gmt":"2025-03-12T15:43:25","guid":{"rendered":"https:\/\/sfpi-consulting.com\/?page_id=701"},"modified":"2025-03-13T11:09:33","modified_gmt":"2025-03-13T10:09:33","slug":"a1-events-entreprise-de-securite-privee-et-gardiennage-a-toulouse","status":"publish","type":"page","link":"https:\/\/sfpi-consulting.com\/index.php\/a1-events-entreprise-de-securite-privee-et-gardiennage-a-toulouse\/","title":{"rendered":"A1 EVENTS : entreprise de s\u00e9curit\u00e9 priv\u00e9e et gardiennage \u00e0 Toulouse"},"content":{"rendered":"\t\t<div data-elementor-type=\"wp-page\" data-elementor-id=\"701\" class=\"elementor elementor-701\">\n\t\t\t\t<div class=\"elementor-element elementor-element-8f290c2 e-flex e-con-boxed wpr-particle-no wpr-jarallax-no wpr-parallax-no wpr-sticky-section-no e-con e-parent\" data-id=\"8f290c2\" data-element_type=\"container\">\n\t\t\t\t\t<div class=\"e-con-inner\">\n\t\t\t\t<div class=\"elementor-element elementor-element-64870c1 elementor-widget elementor-widget-html\" data-id=\"64870c1\" data-element_type=\"widget\" data-widget_type=\"html.default\">\n\t\t\t\t<div class=\"elementor-widget-container\">\n\t\t\t\t\t<!DOCTYPE html>\n<html lang=\"fr\">\n<head>\n    <meta charset=\"UTF-8\">\n    <meta name=\"viewport\" content=\"width=device-width, initial-scale=1.0\">\n    <meta name=\"description\" content=\"A1 EVENTS est une entreprise sp\u00e9cialis\u00e9e dans la s\u00e9curit\u00e9 priv\u00e9e et le gardiennage \u00e0 Toulouse. D\u00e9couvrez nos services de s\u00e9curit\u00e9 adapt\u00e9s \u00e0 vos besoins.\">\n    <meta name=\"keywords\" content=\"s\u00e9curit\u00e9 priv\u00e9e Toulouse, gardiennage Toulouse, A1 EVENTS, s\u00e9curit\u00e9 \u00e9v\u00e9nementielle, s\u00e9curit\u00e9 entreprise\">\n    <title>A1 EVENTS : entreprise de s\u00e9curit\u00e9 priv\u00e9e et gardiennage \u00e0 Toulouse<\/title>\n    <link rel=\"stylesheet\" href=\"styles.css\">\n<\/head>\n<body>\n\n<div class=\"container\">\n    <h1>A1 EVENTS : entreprise de s\u00e9curit\u00e9 priv\u00e9e et gardiennage \u00e0 Toulouse<\/h1>\n\n    <section>\n        <h2>Pr\u00e9sentation d'A1 EVENTS<\/h2>\n        <p>A1 EVENTS est une entreprise de s\u00e9curit\u00e9 priv\u00e9e et de gardiennage situ\u00e9e \u00e0 Toulouse. Nous mettons \u00e0 votre disposition des solutions de s\u00e9curit\u00e9 sur mesure, adapt\u00e9es \u00e0 vos besoins sp\u00e9cifiques. Que ce soit pour la s\u00e9curit\u00e9 d'un \u00e9v\u00e9nement, la surveillance de vos locaux ou la protection de vos biens, A1 EVENTS est le partenaire id\u00e9al pour assurer votre tranquillit\u00e9.<\/p>\n    <\/section>\n\n    <section>\n        <h2>Nos services de s\u00e9curit\u00e9 priv\u00e9e<\/h2>\n        <p>Nous offrons une large gamme de services en s\u00e9curit\u00e9 priv\u00e9e, incluant le gardiennage, la surveillance humaine et la s\u00e9curit\u00e9 \u00e9v\u00e9nementielle. Nos agents de s\u00e9curit\u00e9 sont form\u00e9s et certifi\u00e9s, pr\u00eats \u00e0 intervenir dans toutes les situations pour garantir la s\u00e9curit\u00e9 de vos installations et de vos \u00e9v\u00e9nements.<\/p>\n        <p><a href=\"https:\/\/sfpi-consulting.com\/\" class=\"button\">D\u00e9couvrez nos services de s\u00e9curit\u00e9 priv\u00e9e<\/a><\/p>\n    <\/section>\n\n    <section>\n        <h2>S\u00e9curit\u00e9 \u00e9v\u00e9nementielle<\/h2>\n        <p>Nous offrons des services de s\u00e9curit\u00e9 \u00e9v\u00e9nementielle pour tous types d'\u00e9v\u00e9nements : concerts, conf\u00e9rences, salons professionnels, \u00e9v\u00e9nements sportifs, etc. Nos agents sont sp\u00e9cialement form\u00e9s pour g\u00e9rer les foules, assurer la s\u00e9curit\u00e9 des lieux et garantir le bon d\u00e9roulement de votre \u00e9v\u00e9nement.<\/p>\n        <p><a href=\"https:\/\/sfpi-consulting.com\/\" class=\"button\">En savoir plus sur la s\u00e9curit\u00e9 \u00e9v\u00e9nementielle<\/a><\/p>\n    <\/section>\n\n    <section>\n        <h2>Gardiennage et surveillance des locaux<\/h2>\n        <p>Nous proposons \u00e9galement des services de gardiennage et de surveillance des locaux d'entreprise. Nos agents sont form\u00e9s pour d\u00e9tecter toute situation anormale et intervenir rapidement pour assurer la protection de vos biens et de vos employ\u00e9s.<\/p>\n        <p><a href=\"https:\/\/sfpi-consulting.com\/\" class=\"button\">D\u00e9couvrez nos solutions de gardiennage<\/a><\/p>\n    <\/section>\n\n    <section>\n        <h2>Formation en s\u00e9curit\u00e9 pour vos \u00e9quipes<\/h2>\n        <p>Chez A1 EVENTS, nous offrons des formations en s\u00e9curit\u00e9 pour vos \u00e9quipes, allant de la gestion des risques \u00e0 la s\u00e9curit\u00e9 incendie en passant par la gestion des situations d'urgence. Nos formations sont adapt\u00e9es aux besoins sp\u00e9cifiques de chaque entreprise, afin de garantir un environnement de travail s\u00e9curis\u00e9.<\/p>\n        <p><a href=\"https:\/\/sfpi-consulting.com\/\" class=\"button\">Obtenez plus d'informations sur nos formations<\/a><\/p>\n    <\/section>\n\n    <section>\n        <h2>Pourquoi choisir A1 EVENTS ?<\/h2>\n        <p>A1 EVENTS se distingue par son expertise, son professionnalisme et son engagement \u00e0 offrir des solutions de s\u00e9curit\u00e9 de haute qualit\u00e9. Nous nous adaptons \u00e0 chaque situation et garantissons des interventions efficaces, rapidement ex\u00e9cut\u00e9es et conformes aux normes de s\u00e9curit\u00e9 en vigueur.<\/p>\n        <p><a href=\"https:\/\/sfpi-consulting.com\/\" class=\"button\">Contactez-nous pour un devis personnalis\u00e9<\/a><\/p>\n    <\/section>\n\n    <section>\n        <h2>Contactez A1 EVENTS pour vos besoins en s\u00e9curit\u00e9<\/h2>\n        <p>Vous souhaitez en savoir plus sur nos services de s\u00e9curit\u00e9 priv\u00e9e et de gardiennage \u00e0 Toulouse ? N\u2019h\u00e9sitez pas \u00e0 nous contacter pour discuter de vos besoins. Nous serons heureux de vous fournir des solutions adapt\u00e9es et personnalis\u00e9es pour assurer la s\u00e9curit\u00e9 de vos biens et de vos \u00e9v\u00e9nements.<\/p>\n        <p><a href=\"https:\/\/sfpi-consulting.com\/\" class=\"button\">Contactez-nous maintenant<\/a><\/p>\n    <\/section>\n\n<\/div>\n\n<\/body>\n<\/html>\n\t\t\t\t<\/div>\n\t\t\t\t<\/div>\n\t\t\t\t\t<\/div>\n\t\t\t\t<\/div>\n\t\t\t\t<\/div>\n\t\t","protected":false},"excerpt":{"rendered":"<p>A1 EVENTS : entreprise de s\u00e9curit\u00e9 priv\u00e9e et gardiennage \u00e0 Toulouse A1 EVENTS : entreprise de s\u00e9curit\u00e9 priv\u00e9e et gardiennage \u00e0 Toulouse Pr\u00e9sentation d&#8217;A1 EVENTS A1 EVENTS est une entreprise de s\u00e9curit\u00e9 priv\u00e9e et de gardiennage situ\u00e9e \u00e0 Toulouse. Nous mettons \u00e0 votre disposition des solutions de s\u00e9curit\u00e9 sur mesure, adapt\u00e9es \u00e0 vos besoins sp\u00e9cifiques. Que ce soit pour la s\u00e9curit\u00e9 d&#8217;un \u00e9v\u00e9nement, la surveillance de vos locaux ou la protection de vos biens, A1 EVENTS est le partenaire id\u00e9al pour assurer votre tranquillit\u00e9. Nos services de s\u00e9curit\u00e9 priv\u00e9e Nous offrons une large gamme de services en s\u00e9curit\u00e9 priv\u00e9e, incluant le gardiennage, la surveillance humaine et la s\u00e9curit\u00e9 \u00e9v\u00e9nementielle. Nos agents de s\u00e9curit\u00e9 sont form\u00e9s et certifi\u00e9s, pr\u00eats \u00e0 intervenir dans toutes les situations pour garantir la s\u00e9curit\u00e9 de vos installations et de vos \u00e9v\u00e9nements. D\u00e9couvrez nos services de s\u00e9curit\u00e9 priv\u00e9e S\u00e9curit\u00e9 \u00e9v\u00e9nementielle Nous offrons des services de s\u00e9curit\u00e9 \u00e9v\u00e9nementielle pour tous types d&#8217;\u00e9v\u00e9nements : concerts, conf\u00e9rences, salons professionnels, \u00e9v\u00e9nements sportifs, etc. Nos agents sont sp\u00e9cialement form\u00e9s pour g\u00e9rer les foules, assurer la s\u00e9curit\u00e9 des lieux et garantir le bon d\u00e9roulement de votre \u00e9v\u00e9nement. En savoir plus sur la s\u00e9curit\u00e9 \u00e9v\u00e9nementielle Gardiennage et surveillance des locaux Nous proposons \u00e9galement des services de gardiennage et de surveillance des locaux d&#8217;entreprise. Nos agents sont form\u00e9s pour d\u00e9tecter toute situation anormale et intervenir rapidement pour assurer la protection de vos biens et de vos employ\u00e9s. D\u00e9couvrez nos solutions de gardiennage Formation en s\u00e9curit\u00e9 pour vos \u00e9quipes Chez A1 EVENTS, nous offrons des formations en s\u00e9curit\u00e9 pour vos \u00e9quipes, allant de la gestion des risques \u00e0 la s\u00e9curit\u00e9 incendie en passant par la gestion des situations d&#8217;urgence. Nos formations sont adapt\u00e9es aux besoins sp\u00e9cifiques de chaque entreprise, afin de garantir un environnement de travail s\u00e9curis\u00e9. Obtenez plus d&#8217;informations sur nos formations Pourquoi choisir A1 EVENTS ? A1 EVENTS se distingue par son expertise, son professionnalisme et son engagement \u00e0 offrir des solutions de s\u00e9curit\u00e9 de haute qualit\u00e9. Nous nous adaptons \u00e0 chaque situation et garantissons des interventions efficaces, rapidement ex\u00e9cut\u00e9es et conformes aux normes de s\u00e9curit\u00e9 en vigueur. Contactez-nous pour un devis personnalis\u00e9 Contactez A1 EVENTS pour vos besoins en s\u00e9curit\u00e9 Vous souhaitez en savoir plus sur nos services de s\u00e9curit\u00e9 priv\u00e9e et de gardiennage \u00e0 Toulouse ? N\u2019h\u00e9sitez pas \u00e0 nous contacter pour discuter de vos besoins. Nous serons heureux de vous fournir des solutions adapt\u00e9es et personnalis\u00e9es pour assurer la s\u00e9curit\u00e9 de vos biens et de vos \u00e9v\u00e9nements. Contactez-nous maintenant<\/p>\n","protected":false},"author":1,"featured_media":0,"parent":0,"menu_order":0,"comment_status":"closed","ping_status":"closed","template":"","meta":{"site-sidebar-layout":"no-sidebar","site-content-layout":"","ast-site-content-layout":"full-width-container","site-content-style":"default","site-sidebar-style":"default","ast-global-header-display":"","ast-banner-title-visibility":"","ast-main-header-display":"","ast-hfb-above-header-display":"","ast-hfb-below-header-display":"","ast-hfb-mobile-header-display":"","site-post-title":"disabled","ast-breadcrumbs-content":"","ast-featured-img":"disabled","footer-sml-layout":"","theme-transparent-header-meta":"","adv-header-id-meta":"","stick-header-meta":"","header-above-stick-meta":"","header-main-stick-meta":"","header-below-stick-meta":"","astra-migrate-meta-layouts":"default","ast-page-background-enabled":"default","ast-page-background-meta":{"desktop":{"background-color":"var(--ast-global-color-5)","background-image":"","background-repeat":"repeat","background-position":"center center","background-size":"auto","background-attachment":"scroll","background-type":"","background-media":"","overlay-type":"","overlay-color":"","overlay-opacity":"","overlay-gradient":""},"tablet":{"background-color":"","background-image":"","background-repeat":"repeat","background-position":"center center","background-size":"auto","background-attachment":"scroll","background-type":"","background-media":"","overlay-type":"","overlay-color":"","overlay-opacity":"","overlay-gradient":""},"mobile":{"background-color":"","background-image":"","background-repeat":"repeat","background-position":"center center","background-size":"auto","background-attachment":"scroll","background-type":"","background-media":"","overlay-type":"","overlay-color":"","overlay-opacity":"","overlay-gradient":""}},"ast-content-background-meta":{"desktop":{"background-color":"var(--ast-global-color-4)","background-image":"","background-repeat":"repeat","background-position":"center center","background-size":"auto","background-attachment":"scroll","background-type":"","background-media":"","overlay-type":"","overlay-color":"","overlay-opacity":"","overlay-gradient":""},"tablet":{"background-color":"var(--ast-global-color-4)","background-image":"","background-repeat":"repeat","background-position":"center center","background-size":"auto","background-attachment":"scroll","background-type":"","background-media":"","overlay-type":"","overlay-color":"","overlay-opacity":"","overlay-gradient":""},"mobile":{"background-color":"var(--ast-global-color-4)","background-image":"","background-repeat":"repeat","background-position":"center center","background-size":"auto","background-attachment":"scroll","background-type":"","background-media":"","overlay-type":"","overlay-color":"","overlay-opacity":"","overlay-gradient":""}},"footnotes":""},"class_list":["post-701","page","type-page","status-publish","hentry"],"yoast_head":"<!-- This site is optimized with the Yoast SEO plugin v25.9 - https:\/\/yoast.com\/wordpress\/plugins\/seo\/ -->\n<title>A1 EVENTS : entreprise de s\u00e9curit\u00e9 priv\u00e9e et gardiennage \u00e0 Toulouse - SFPI Consulting<\/title>\n<meta name=\"robots\" content=\"index, follow, max-snippet:-1, max-image-preview:large, max-video-preview:-1\" \/>\n<link rel=\"canonical\" href=\"https:\/\/sfpi-consulting.com\/index.php\/a1-events-entreprise-de-securite-privee-et-gardiennage-a-toulouse\/\" \/>\n<meta property=\"og:locale\" content=\"en_US\" \/>\n<meta property=\"og:type\" content=\"article\" \/>\n<meta property=\"og:title\" content=\"A1 EVENTS : entreprise de s\u00e9curit\u00e9 priv\u00e9e et gardiennage \u00e0 Toulouse - SFPI Consulting\" \/>\n<meta property=\"og:description\" content=\"A1 EVENTS : entreprise de s\u00e9curit\u00e9 priv\u00e9e et gardiennage \u00e0 Toulouse A1 EVENTS : entreprise de s\u00e9curit\u00e9 priv\u00e9e et gardiennage \u00e0 Toulouse Pr\u00e9sentation d&#8217;A1 EVENTS A1 EVENTS est une entreprise de s\u00e9curit\u00e9 priv\u00e9e et de gardiennage situ\u00e9e \u00e0 Toulouse. Nous mettons \u00e0 votre disposition des solutions de s\u00e9curit\u00e9 sur mesure, adapt\u00e9es \u00e0 vos besoins sp\u00e9cifiques. Que ce soit pour la s\u00e9curit\u00e9 d&#8217;un \u00e9v\u00e9nement, la surveillance de vos locaux ou la protection de vos biens, A1 EVENTS est le partenaire id\u00e9al pour assurer votre tranquillit\u00e9. Nos services de s\u00e9curit\u00e9 priv\u00e9e Nous offrons une large gamme de services en s\u00e9curit\u00e9 priv\u00e9e, incluant le gardiennage, la surveillance humaine et la s\u00e9curit\u00e9 \u00e9v\u00e9nementielle. Nos agents de s\u00e9curit\u00e9 sont form\u00e9s et certifi\u00e9s, pr\u00eats \u00e0 intervenir dans toutes les situations pour garantir la s\u00e9curit\u00e9 de vos installations et de vos \u00e9v\u00e9nements. D\u00e9couvrez nos services de s\u00e9curit\u00e9 priv\u00e9e S\u00e9curit\u00e9 \u00e9v\u00e9nementielle Nous offrons des services de s\u00e9curit\u00e9 \u00e9v\u00e9nementielle pour tous types d&#8217;\u00e9v\u00e9nements : concerts, conf\u00e9rences, salons professionnels, \u00e9v\u00e9nements sportifs, etc. Nos agents sont sp\u00e9cialement form\u00e9s pour g\u00e9rer les foules, assurer la s\u00e9curit\u00e9 des lieux et garantir le bon d\u00e9roulement de votre \u00e9v\u00e9nement. En savoir plus sur la s\u00e9curit\u00e9 \u00e9v\u00e9nementielle Gardiennage et surveillance des locaux Nous proposons \u00e9galement des services de gardiennage et de surveillance des locaux d&#8217;entreprise. Nos agents sont form\u00e9s pour d\u00e9tecter toute situation anormale et intervenir rapidement pour assurer la protection de vos biens et de vos employ\u00e9s. D\u00e9couvrez nos solutions de gardiennage Formation en s\u00e9curit\u00e9 pour vos \u00e9quipes Chez A1 EVENTS, nous offrons des formations en s\u00e9curit\u00e9 pour vos \u00e9quipes, allant de la gestion des risques \u00e0 la s\u00e9curit\u00e9 incendie en passant par la gestion des situations d&#8217;urgence. Nos formations sont adapt\u00e9es aux besoins sp\u00e9cifiques de chaque entreprise, afin de garantir un environnement de travail s\u00e9curis\u00e9. Obtenez plus d&#8217;informations sur nos formations Pourquoi choisir A1 EVENTS ? A1 EVENTS se distingue par son expertise, son professionnalisme et son engagement \u00e0 offrir des solutions de s\u00e9curit\u00e9 de haute qualit\u00e9. Nous nous adaptons \u00e0 chaque situation et garantissons des interventions efficaces, rapidement ex\u00e9cut\u00e9es et conformes aux normes de s\u00e9curit\u00e9 en vigueur. Contactez-nous pour un devis personnalis\u00e9 Contactez A1 EVENTS pour vos besoins en s\u00e9curit\u00e9 Vous souhaitez en savoir plus sur nos services de s\u00e9curit\u00e9 priv\u00e9e et de gardiennage \u00e0 Toulouse ? N\u2019h\u00e9sitez pas \u00e0 nous contacter pour discuter de vos besoins. Nous serons heureux de vous fournir des solutions adapt\u00e9es et personnalis\u00e9es pour assurer la s\u00e9curit\u00e9 de vos biens et de vos \u00e9v\u00e9nements. Contactez-nous maintenant\" \/>\n<meta property=\"og:url\" content=\"https:\/\/sfpi-consulting.com\/index.php\/a1-events-entreprise-de-securite-privee-et-gardiennage-a-toulouse\/\" \/>\n<meta property=\"og:site_name\" content=\"SFPI Consulting\" \/>\n<meta property=\"article:modified_time\" content=\"2025-03-13T10:09:33+00:00\" \/>\n<meta name=\"twitter:card\" content=\"summary_large_image\" \/>\n<meta name=\"twitter:label1\" content=\"Est. reading time\" \/>\n\t<meta name=\"twitter:data1\" content=\"3 minutes\" \/>\n<script type=\"application\/ld+json\" class=\"yoast-schema-graph\">{\"@context\":\"https:\/\/schema.org\",\"@graph\":[{\"@type\":\"WebPage\",\"@id\":\"https:\/\/sfpi-consulting.com\/index.php\/a1-events-entreprise-de-securite-privee-et-gardiennage-a-toulouse\/\",\"url\":\"https:\/\/sfpi-consulting.com\/index.php\/a1-events-entreprise-de-securite-privee-et-gardiennage-a-toulouse\/\",\"name\":\"A1 EVENTS : entreprise de s\u00e9curit\u00e9 priv\u00e9e et gardiennage \u00e0 Toulouse - SFPI Consulting\",\"isPartOf\":{\"@id\":\"https:\/\/sfpi-consulting.com\/#website\"},\"datePublished\":\"2025-03-12T15:43:25+00:00\",\"dateModified\":\"2025-03-13T10:09:33+00:00\",\"breadcrumb\":{\"@id\":\"https:\/\/sfpi-consulting.com\/index.php\/a1-events-entreprise-de-securite-privee-et-gardiennage-a-toulouse\/#breadcrumb\"},\"inLanguage\":\"en-US\",\"potentialAction\":[{\"@type\":\"ReadAction\",\"target\":[\"https:\/\/sfpi-consulting.com\/index.php\/a1-events-entreprise-de-securite-privee-et-gardiennage-a-toulouse\/\"]}]},{\"@type\":\"BreadcrumbList\",\"@id\":\"https:\/\/sfpi-consulting.com\/index.php\/a1-events-entreprise-de-securite-privee-et-gardiennage-a-toulouse\/#breadcrumb\",\"itemListElement\":[{\"@type\":\"ListItem\",\"position\":1,\"name\":\"Accueil\",\"item\":\"https:\/\/sfpi-consulting.com\/\"},{\"@type\":\"ListItem\",\"position\":2,\"name\":\"A1 EVENTS : entreprise de s\u00e9curit\u00e9 priv\u00e9e et gardiennage \u00e0 Toulouse\"}]},{\"@type\":\"WebSite\",\"@id\":\"https:\/\/sfpi-consulting.com\/#website\",\"url\":\"https:\/\/sfpi-consulting.com\/\",\"name\":\"SFPI Consulting\",\"description\":\"\",\"publisher\":{\"@id\":\"https:\/\/sfpi-consulting.com\/#organization\"},\"potentialAction\":[{\"@type\":\"SearchAction\",\"target\":{\"@type\":\"EntryPoint\",\"urlTemplate\":\"https:\/\/sfpi-consulting.com\/?s={search_term_string}\"},\"query-input\":{\"@type\":\"PropertyValueSpecification\",\"valueRequired\":true,\"valueName\":\"search_term_string\"}}],\"inLanguage\":\"en-US\"},{\"@type\":\"Organization\",\"@id\":\"https:\/\/sfpi-consulting.com\/#organization\",\"name\":\"SFPI Consulting\",\"url\":\"https:\/\/sfpi-consulting.com\/\",\"logo\":{\"@type\":\"ImageObject\",\"inLanguage\":\"en-US\",\"@id\":\"https:\/\/sfpi-consulting.com\/#\/schema\/logo\/image\/\",\"url\":\"https:\/\/sfpi-consulting.com\/wp-content\/uploads\/2025\/03\/cropped-SFPIC-scaled.png\",\"contentUrl\":\"https:\/\/sfpi-consulting.com\/wp-content\/uploads\/2025\/03\/cropped-SFPIC-scaled.png\",\"width\":2560,\"height\":2109,\"caption\":\"SFPI Consulting\"},\"image\":{\"@id\":\"https:\/\/sfpi-consulting.com\/#\/schema\/logo\/image\/\"}}]}<\/script>\n<!-- \/ Yoast SEO plugin. -->","yoast_head_json":{"title":"A1 EVENTS : entreprise de s\u00e9curit\u00e9 priv\u00e9e et gardiennage \u00e0 Toulouse - SFPI Consulting","robots":{"index":"index","follow":"follow","max-snippet":"max-snippet:-1","max-image-preview":"max-image-preview:large","max-video-preview":"max-video-preview:-1"},"canonical":"https:\/\/sfpi-consulting.com\/index.php\/a1-events-entreprise-de-securite-privee-et-gardiennage-a-toulouse\/","og_locale":"en_US","og_type":"article","og_title":"A1 EVENTS : entreprise de s\u00e9curit\u00e9 priv\u00e9e et gardiennage \u00e0 Toulouse - SFPI Consulting","og_description":"A1 EVENTS : entreprise de s\u00e9curit\u00e9 priv\u00e9e et gardiennage \u00e0 Toulouse A1 EVENTS : entreprise de s\u00e9curit\u00e9 priv\u00e9e et gardiennage \u00e0 Toulouse Pr\u00e9sentation d&#8217;A1 EVENTS A1 EVENTS est une entreprise de s\u00e9curit\u00e9 priv\u00e9e et de gardiennage situ\u00e9e \u00e0 Toulouse. Nous mettons \u00e0 votre disposition des solutions de s\u00e9curit\u00e9 sur mesure, adapt\u00e9es \u00e0 vos besoins sp\u00e9cifiques. Que ce soit pour la s\u00e9curit\u00e9 d&#8217;un \u00e9v\u00e9nement, la surveillance de vos locaux ou la protection de vos biens, A1 EVENTS est le partenaire id\u00e9al pour assurer votre tranquillit\u00e9. Nos services de s\u00e9curit\u00e9 priv\u00e9e Nous offrons une large gamme de services en s\u00e9curit\u00e9 priv\u00e9e, incluant le gardiennage, la surveillance humaine et la s\u00e9curit\u00e9 \u00e9v\u00e9nementielle. Nos agents de s\u00e9curit\u00e9 sont form\u00e9s et certifi\u00e9s, pr\u00eats \u00e0 intervenir dans toutes les situations pour garantir la s\u00e9curit\u00e9 de vos installations et de vos \u00e9v\u00e9nements. D\u00e9couvrez nos services de s\u00e9curit\u00e9 priv\u00e9e S\u00e9curit\u00e9 \u00e9v\u00e9nementielle Nous offrons des services de s\u00e9curit\u00e9 \u00e9v\u00e9nementielle pour tous types d&#8217;\u00e9v\u00e9nements : concerts, conf\u00e9rences, salons professionnels, \u00e9v\u00e9nements sportifs, etc. Nos agents sont sp\u00e9cialement form\u00e9s pour g\u00e9rer les foules, assurer la s\u00e9curit\u00e9 des lieux et garantir le bon d\u00e9roulement de votre \u00e9v\u00e9nement. En savoir plus sur la s\u00e9curit\u00e9 \u00e9v\u00e9nementielle Gardiennage et surveillance des locaux Nous proposons \u00e9galement des services de gardiennage et de surveillance des locaux d&#8217;entreprise. Nos agents sont form\u00e9s pour d\u00e9tecter toute situation anormale et intervenir rapidement pour assurer la protection de vos biens et de vos employ\u00e9s. D\u00e9couvrez nos solutions de gardiennage Formation en s\u00e9curit\u00e9 pour vos \u00e9quipes Chez A1 EVENTS, nous offrons des formations en s\u00e9curit\u00e9 pour vos \u00e9quipes, allant de la gestion des risques \u00e0 la s\u00e9curit\u00e9 incendie en passant par la gestion des situations d&#8217;urgence. Nos formations sont adapt\u00e9es aux besoins sp\u00e9cifiques de chaque entreprise, afin de garantir un environnement de travail s\u00e9curis\u00e9. Obtenez plus d&#8217;informations sur nos formations Pourquoi choisir A1 EVENTS ? A1 EVENTS se distingue par son expertise, son professionnalisme et son engagement \u00e0 offrir des solutions de s\u00e9curit\u00e9 de haute qualit\u00e9. Nous nous adaptons \u00e0 chaque situation et garantissons des interventions efficaces, rapidement ex\u00e9cut\u00e9es et conformes aux normes de s\u00e9curit\u00e9 en vigueur. Contactez-nous pour un devis personnalis\u00e9 Contactez A1 EVENTS pour vos besoins en s\u00e9curit\u00e9 Vous souhaitez en savoir plus sur nos services de s\u00e9curit\u00e9 priv\u00e9e et de gardiennage \u00e0 Toulouse ? N\u2019h\u00e9sitez pas \u00e0 nous contacter pour discuter de vos besoins. Nous serons heureux de vous fournir des solutions adapt\u00e9es et personnalis\u00e9es pour assurer la s\u00e9curit\u00e9 de vos biens et de vos \u00e9v\u00e9nements. Contactez-nous maintenant","og_url":"https:\/\/sfpi-consulting.com\/index.php\/a1-events-entreprise-de-securite-privee-et-gardiennage-a-toulouse\/","og_site_name":"SFPI Consulting","article_modified_time":"2025-03-13T10:09:33+00:00","twitter_card":"summary_large_image","twitter_misc":{"Est. reading time":"3 minutes"},"schema":{"@context":"https:\/\/schema.org","@graph":[{"@type":"WebPage","@id":"https:\/\/sfpi-consulting.com\/index.php\/a1-events-entreprise-de-securite-privee-et-gardiennage-a-toulouse\/","url":"https:\/\/sfpi-consulting.com\/index.php\/a1-events-entreprise-de-securite-privee-et-gardiennage-a-toulouse\/","name":"A1 EVENTS : entreprise de s\u00e9curit\u00e9 priv\u00e9e et gardiennage \u00e0 Toulouse - SFPI Consulting","isPartOf":{"@id":"https:\/\/sfpi-consulting.com\/#website"},"datePublished":"2025-03-12T15:43:25+00:00","dateModified":"2025-03-13T10:09:33+00:00","breadcrumb":{"@id":"https:\/\/sfpi-consulting.com\/index.php\/a1-events-entreprise-de-securite-privee-et-gardiennage-a-toulouse\/#breadcrumb"},"inLanguage":"en-US","potentialAction":[{"@type":"ReadAction","target":["https:\/\/sfpi-consulting.com\/index.php\/a1-events-entreprise-de-securite-privee-et-gardiennage-a-toulouse\/"]}]},{"@type":"BreadcrumbList","@id":"https:\/\/sfpi-consulting.com\/index.php\/a1-events-entreprise-de-securite-privee-et-gardiennage-a-toulouse\/#breadcrumb","itemListElement":[{"@type":"ListItem","position":1,"name":"Accueil","item":"https:\/\/sfpi-consulting.com\/"},{"@type":"ListItem","position":2,"name":"A1 EVENTS : entreprise de s\u00e9curit\u00e9 priv\u00e9e et gardiennage \u00e0 Toulouse"}]},{"@type":"WebSite","@id":"https:\/\/sfpi-consulting.com\/#website","url":"https:\/\/sfpi-consulting.com\/","name":"SFPI Consulting","description":"","publisher":{"@id":"https:\/\/sfpi-consulting.com\/#organization"},"potentialAction":[{"@type":"SearchAction","target":{"@type":"EntryPoint","urlTemplate":"https:\/\/sfpi-consulting.com\/?s={search_term_string}"},"query-input":{"@type":"PropertyValueSpecification","valueRequired":true,"valueName":"search_term_string"}}],"inLanguage":"en-US"},{"@type":"Organization","@id":"https:\/\/sfpi-consulting.com\/#organization","name":"SFPI Consulting","url":"https:\/\/sfpi-consulting.com\/","logo":{"@type":"ImageObject","inLanguage":"en-US","@id":"https:\/\/sfpi-consulting.com\/#\/schema\/logo\/image\/","url":"https:\/\/sfpi-consulting.com\/wp-content\/uploads\/2025\/03\/cropped-SFPIC-scaled.png","contentUrl":"https:\/\/sfpi-consulting.com\/wp-content\/uploads\/2025\/03\/cropped-SFPIC-scaled.png","width":2560,"height":2109,"caption":"SFPI Consulting"},"image":{"@id":"https:\/\/sfpi-consulting.com\/#\/schema\/logo\/image\/"}}]}},"_links":{"self":[{"href":"https:\/\/sfpi-consulting.com\/index.php\/wp-json\/wp\/v2\/pages\/701","targetHints":{"allow":["GET"]}}],"collection":[{"href":"https:\/\/sfpi-consulting.com\/index.php\/wp-json\/wp\/v2\/pages"}],"about":[{"href":"https:\/\/sfpi-consulting.com\/index.php\/wp-json\/wp\/v2\/types\/page"}],"author":[{"embeddable":true,"href":"https:\/\/sfpi-consulting.com\/index.php\/wp-json\/wp\/v2\/users\/1"}],"replies":[{"embeddable":true,"href":"https:\/\/sfpi-consulting.com\/index.php\/wp-json\/wp\/v2\/comments?post=701"}],"version-history":[{"count":7,"href":"https:\/\/sfpi-consulting.com\/index.php\/wp-json\/wp\/v2\/pages\/701\/revisions"}],"predecessor-version":[{"id":974,"href":"https:\/\/sfpi-consulting.com\/index.php\/wp-json\/wp\/v2\/pages\/701\/revisions\/974"}],"wp:attachment":[{"href":"https:\/\/sfpi-consulting.com\/index.php\/wp-json\/wp\/v2\/media?parent=701"}],"curies":[{"name":"wp","href":"https:\/\/api.w.org\/{rel}","templated":true}]}}