{"id":685,"date":"2025-03-12T16:37:55","date_gmt":"2025-03-12T15:37:55","guid":{"rendered":"https:\/\/sfpi-consulting.com\/?page_id=685"},"modified":"2025-03-13T10:38:08","modified_gmt":"2025-03-13T09:38:08","slug":"plan-devacuation-et-securite-incendie-obligations-et-formations","status":"publish","type":"page","link":"https:\/\/sfpi-consulting.com\/index.php\/plan-devacuation-et-securite-incendie-obligations-et-formations\/","title":{"rendered":"Plan d\u2019\u00e9vacuation et s\u00e9curit\u00e9 incendie : obligations et formations"},"content":{"rendered":"\t\t<div data-elementor-type=\"wp-page\" data-elementor-id=\"685\" class=\"elementor elementor-685\">\n\t\t\t\t<div class=\"elementor-element elementor-element-013c8a1 e-flex e-con-boxed wpr-particle-no wpr-jarallax-no wpr-parallax-no wpr-sticky-section-no e-con e-parent\" data-id=\"013c8a1\" data-element_type=\"container\">\n\t\t\t\t\t<div class=\"e-con-inner\">\n\t\t\t\t<div class=\"elementor-element elementor-element-d159cdc elementor-widget elementor-widget-html\" data-id=\"d159cdc\" data-element_type=\"widget\" data-widget_type=\"html.default\">\n\t\t\t\t<div class=\"elementor-widget-container\">\n\t\t\t\t\t<!DOCTYPE html>\n<html lang=\"fr\">\n<head>\n    <meta charset=\"UTF-8\">\n    <meta name=\"viewport\" content=\"width=device-width, initial-scale=1.0\">\n    <meta name=\"description\" content=\"D\u00e9couvrez les obligations li\u00e9es aux plans d\u2019\u00e9vacuation et \u00e0 la s\u00e9curit\u00e9 incendie en entreprise. Formations n\u00e9cessaires pour une gestion efficace de la s\u00e9curit\u00e9 incendie.\">\n    <meta name=\"keywords\" content=\"plan d'\u00e9vacuation, s\u00e9curit\u00e9 incendie, formation s\u00e9curit\u00e9 incendie, obligations s\u00e9curit\u00e9 incendie, formation entreprise incendie, pr\u00e9vention incendie entreprise\">\n    <title>Plan d\u2019\u00e9vacuation et s\u00e9curit\u00e9 incendie : obligations et formations<\/title>\n    <link rel=\"stylesheet\" href=\"styles.css\">\n<\/head>\n<body>\n\n<div class=\"container\">\n    <h1>Plan d\u2019\u00e9vacuation et s\u00e9curit\u00e9 incendie : obligations et formations<\/h1>\n\n    <section>\n        <h2>Qu\u2019est-ce qu\u2019un plan d\u2019\u00e9vacuation incendie ?<\/h2>\n        <p>Un plan d\u2019\u00e9vacuation incendie est un dispositif mis en place pour organiser l'\u00e9vacuation rapide et s\u00e9curis\u00e9e des personnes en cas d'incendie. Ce plan doit \u00eatre affich\u00e9 dans les locaux et r\u00e9vis\u00e9 r\u00e9guli\u00e8rement pour garantir son efficacit\u00e9 en cas d'urgence.<\/p>\n    <\/section>\n\n    <section>\n        <h2>Les obligations l\u00e9gales en mati\u00e8re de s\u00e9curit\u00e9 incendie<\/h2>\n        <p>La r\u00e9glementation impose \u00e0 toutes les entreprises de mettre en place des mesures de s\u00e9curit\u00e9 incendie adapt\u00e9es \u00e0 la taille et \u00e0 l\u2019activit\u00e9 de l\u2019entreprise. Cela inclut notamment la r\u00e9alisation d\u2019un plan d\u2019\u00e9vacuation, la formation des employ\u00e9s et la maintenance des \u00e9quipements de s\u00e9curit\u00e9 incendie.<\/p>\n    <\/section>\n\n    <section>\n        <h2>Le contenu d\u2019un plan d\u2019\u00e9vacuation incendie<\/h2>\n        <p>Un plan d\u2019\u00e9vacuation incendie doit inclure les \u00e9l\u00e9ments suivants :\n            <ul>\n                <li>Les chemins d\u2019\u00e9vacuation \u00e0 suivre en cas d\u2019incendie.<\/li>\n                <li>Les sorties de secours accessibles.<\/li>\n                <li>Les \u00e9quipements de lutte contre l\u2019incendie (extincteurs, alarmes, etc.).<\/li>\n                <li>Les points de rassemblement \u00e0 l\u2019ext\u00e9rieur de l\u2019\u00e9tablissement.<\/li>\n            <\/ul>\n        <\/p>\n    <\/section>\n\n    <section>\n        <h2>Pourquoi former vos employ\u00e9s \u00e0 la s\u00e9curit\u00e9 incendie ?<\/h2>\n        <p>La formation des employ\u00e9s \u00e0 la s\u00e9curit\u00e9 incendie est essentielle pour garantir leur r\u00e9activit\u00e9 et leur s\u00e9curit\u00e9 en cas d\u2019incendie. Chaque employ\u00e9 doit \u00eatre form\u00e9 pour conna\u00eetre les gestes \u00e0 adopter, les proc\u00e9dures d\u2019\u00e9vacuation et comment utiliser les \u00e9quipements de s\u00e9curit\u00e9 incendie.<\/p>\n    <\/section>\n\n    <section>\n        <h2>Les formations en s\u00e9curit\u00e9 incendie propos\u00e9es<\/h2>\n        <p>Il existe plusieurs formations adapt\u00e9es aux besoins des entreprises, telles que :\n            <ul>\n                <li><strong>Formation \u00e0 l\u2019\u00e9vacuation incendie<\/strong> : Apprendre \u00e0 \u00e9vacuer les locaux de mani\u00e8re ordonn\u00e9e et rapide.<\/li>\n                <li><strong>Formation \u00e0 l\u2019utilisation des extincteurs<\/strong> : Former les employ\u00e9s \u00e0 l\u2019utilisation des extincteurs en cas d\u2019incendie.<\/li>\n                <li><strong>Formation aux risques sp\u00e9cifiques<\/strong> : Formation adapt\u00e9e aux risques sp\u00e9cifiques de votre entreprise (incendie dans des locaux particuliers, risques chimiques, etc.).<\/li>\n            <\/ul>\n        <\/p>\n    <\/section>\n\n    <section>\n        <h2>Pourquoi choisir SFPI Consulting pour vos formations ?<\/h2>\n        <p>SFPI Consulting vous propose des formations compl\u00e8tes et personnalis\u00e9es en s\u00e9curit\u00e9 incendie. Nos formateurs certifi\u00e9s vous accompagnent pour respecter les obligations l\u00e9gales et garantir la s\u00e9curit\u00e9 de vos employ\u00e9s en cas d\u2019incendie. Nous vous aidons \u00e0 mettre en place un plan d\u2019\u00e9vacuation efficace et \u00e0 sensibiliser vos \u00e9quipes.<\/p>\n        <a href=\"https:\/\/sfpi-consulting.com\/\" class=\"button\">En savoir plus sur nos formations en s\u00e9curit\u00e9 incendie<\/a>\n    <\/section>\n\n    <section>\n        <h2>Contactez-nous pour une \u00e9valuation de votre s\u00e9curit\u00e9 incendie<\/h2>\n        <p>Vous souhaitez mettre en place un plan d\u2019\u00e9vacuation ou former vos employ\u00e9s \u00e0 la s\u00e9curit\u00e9 incendie ? Contactez SFPI Consulting pour b\u00e9n\u00e9ficier d'une formation sur mesure et conforme aux r\u00e9glementations.<\/p>\n        <a href=\"https:\/\/sfpi-consulting.com\/\" class=\"button\">Contactez-nous d\u00e8s maintenant<\/a>\n    <\/section>\n<\/div>\n\n<\/body>\n<\/html>\n\t\t\t\t<\/div>\n\t\t\t\t<\/div>\n\t\t\t\t\t<\/div>\n\t\t\t\t<\/div>\n\t\t\t\t<\/div>\n\t\t","protected":false},"excerpt":{"rendered":"<p>Plan d\u2019\u00e9vacuation et s\u00e9curit\u00e9 incendie : obligations et formations Plan d\u2019\u00e9vacuation et s\u00e9curit\u00e9 incendie : obligations et formations Qu\u2019est-ce qu\u2019un plan d\u2019\u00e9vacuation incendie ? Un plan d\u2019\u00e9vacuation incendie est un dispositif mis en place pour organiser l&#8217;\u00e9vacuation rapide et s\u00e9curis\u00e9e des personnes en cas d&#8217;incendie. Ce plan doit \u00eatre affich\u00e9 dans les locaux et r\u00e9vis\u00e9 r\u00e9guli\u00e8rement pour garantir son efficacit\u00e9 en cas d&#8217;urgence. Les obligations l\u00e9gales en mati\u00e8re de s\u00e9curit\u00e9 incendie La r\u00e9glementation impose \u00e0 toutes les entreprises de mettre en place des mesures de s\u00e9curit\u00e9 incendie adapt\u00e9es \u00e0 la taille et \u00e0 l\u2019activit\u00e9 de l\u2019entreprise. Cela inclut notamment la r\u00e9alisation d\u2019un plan d\u2019\u00e9vacuation, la formation des employ\u00e9s et la maintenance des \u00e9quipements de s\u00e9curit\u00e9 incendie. Le contenu d\u2019un plan d\u2019\u00e9vacuation incendie Un plan d\u2019\u00e9vacuation incendie doit inclure les \u00e9l\u00e9ments suivants : Les chemins d\u2019\u00e9vacuation \u00e0 suivre en cas d\u2019incendie. Les sorties de secours accessibles. Les \u00e9quipements de lutte contre l\u2019incendie (extincteurs, alarmes, etc.). Les points de rassemblement \u00e0 l\u2019ext\u00e9rieur de l\u2019\u00e9tablissement. Pourquoi former vos employ\u00e9s \u00e0 la s\u00e9curit\u00e9 incendie ? La formation des employ\u00e9s \u00e0 la s\u00e9curit\u00e9 incendie est essentielle pour garantir leur r\u00e9activit\u00e9 et leur s\u00e9curit\u00e9 en cas d\u2019incendie. Chaque employ\u00e9 doit \u00eatre form\u00e9 pour conna\u00eetre les gestes \u00e0 adopter, les proc\u00e9dures d\u2019\u00e9vacuation et comment utiliser les \u00e9quipements de s\u00e9curit\u00e9 incendie. Les formations en s\u00e9curit\u00e9 incendie propos\u00e9es Il existe plusieurs formations adapt\u00e9es aux besoins des entreprises, telles que : Formation \u00e0 l\u2019\u00e9vacuation incendie : Apprendre \u00e0 \u00e9vacuer les locaux de mani\u00e8re ordonn\u00e9e et rapide. Formation \u00e0 l\u2019utilisation des extincteurs : Former les employ\u00e9s \u00e0 l\u2019utilisation des extincteurs en cas d\u2019incendie. Formation aux risques sp\u00e9cifiques : Formation adapt\u00e9e aux risques sp\u00e9cifiques de votre entreprise (incendie dans des locaux particuliers, risques chimiques, etc.). Pourquoi choisir SFPI Consulting pour vos formations ? SFPI Consulting vous propose des formations compl\u00e8tes et personnalis\u00e9es en s\u00e9curit\u00e9 incendie. Nos formateurs certifi\u00e9s vous accompagnent pour respecter les obligations l\u00e9gales et garantir la s\u00e9curit\u00e9 de vos employ\u00e9s en cas d\u2019incendie. Nous vous aidons \u00e0 mettre en place un plan d\u2019\u00e9vacuation efficace et \u00e0 sensibiliser vos \u00e9quipes. En savoir plus sur nos formations en s\u00e9curit\u00e9 incendie Contactez-nous pour une \u00e9valuation de votre s\u00e9curit\u00e9 incendie Vous souhaitez mettre en place un plan d\u2019\u00e9vacuation ou former vos employ\u00e9s \u00e0 la s\u00e9curit\u00e9 incendie ? Contactez SFPI Consulting pour b\u00e9n\u00e9ficier d&#8217;une formation sur mesure et conforme aux r\u00e9glementations. Contactez-nous d\u00e8s maintenant<\/p>\n","protected":false},"author":1,"featured_media":0,"parent":0,"menu_order":0,"comment_status":"closed","ping_status":"closed","template":"","meta":{"site-sidebar-layout":"no-sidebar","site-content-layout":"","ast-site-content-layout":"full-width-container","site-content-style":"default","site-sidebar-style":"default","ast-global-header-display":"","ast-banner-title-visibility":"","ast-main-header-display":"","ast-hfb-above-header-display":"","ast-hfb-below-header-display":"","ast-hfb-mobile-header-display":"","site-post-title":"disabled","ast-breadcrumbs-content":"","ast-featured-img":"disabled","footer-sml-layout":"","theme-transparent-header-meta":"","adv-header-id-meta":"","stick-header-meta":"","header-above-stick-meta":"","header-main-stick-meta":"","header-below-stick-meta":"","astra-migrate-meta-layouts":"default","ast-page-background-enabled":"default","ast-page-background-meta":{"desktop":{"background-color":"var(--ast-global-color-5)","background-image":"","background-repeat":"repeat","background-position":"center center","background-size":"auto","background-attachment":"scroll","background-type":"","background-media":"","overlay-type":"","overlay-color":"","overlay-opacity":"","overlay-gradient":""},"tablet":{"background-color":"","background-image":"","background-repeat":"repeat","background-position":"center center","background-size":"auto","background-attachment":"scroll","background-type":"","background-media":"","overlay-type":"","overlay-color":"","overlay-opacity":"","overlay-gradient":""},"mobile":{"background-color":"","background-image":"","background-repeat":"repeat","background-position":"center center","background-size":"auto","background-attachment":"scroll","background-type":"","background-media":"","overlay-type":"","overlay-color":"","overlay-opacity":"","overlay-gradient":""}},"ast-content-background-meta":{"desktop":{"background-color":"var(--ast-global-color-4)","background-image":"","background-repeat":"repeat","background-position":"center center","background-size":"auto","background-attachment":"scroll","background-type":"","background-media":"","overlay-type":"","overlay-color":"","overlay-opacity":"","overlay-gradient":""},"tablet":{"background-color":"var(--ast-global-color-4)","background-image":"","background-repeat":"repeat","background-position":"center center","background-size":"auto","background-attachment":"scroll","background-type":"","background-media":"","overlay-type":"","overlay-color":"","overlay-opacity":"","overlay-gradient":""},"mobile":{"background-color":"var(--ast-global-color-4)","background-image":"","background-repeat":"repeat","background-position":"center center","background-size":"auto","background-attachment":"scroll","background-type":"","background-media":"","overlay-type":"","overlay-color":"","overlay-opacity":"","overlay-gradient":""}},"footnotes":""},"class_list":["post-685","page","type-page","status-publish","hentry"],"yoast_head":"<!-- This site is optimized with the Yoast SEO plugin v25.9 - https:\/\/yoast.com\/wordpress\/plugins\/seo\/ -->\n<title>Plan d\u2019\u00e9vacuation et s\u00e9curit\u00e9 incendie : obligations et formations - SFPI Consulting<\/title>\n<meta name=\"robots\" content=\"index, follow, max-snippet:-1, max-image-preview:large, max-video-preview:-1\" \/>\n<link rel=\"canonical\" href=\"https:\/\/sfpi-consulting.com\/index.php\/plan-devacuation-et-securite-incendie-obligations-et-formations\/\" \/>\n<meta property=\"og:locale\" content=\"en_US\" \/>\n<meta property=\"og:type\" content=\"article\" \/>\n<meta property=\"og:title\" content=\"Plan d\u2019\u00e9vacuation et s\u00e9curit\u00e9 incendie : obligations et formations - SFPI Consulting\" \/>\n<meta property=\"og:description\" content=\"Plan d\u2019\u00e9vacuation et s\u00e9curit\u00e9 incendie : obligations et formations Plan d\u2019\u00e9vacuation et s\u00e9curit\u00e9 incendie : obligations et formations Qu\u2019est-ce qu\u2019un plan d\u2019\u00e9vacuation incendie ? Un plan d\u2019\u00e9vacuation incendie est un dispositif mis en place pour organiser l&#8217;\u00e9vacuation rapide et s\u00e9curis\u00e9e des personnes en cas d&#8217;incendie. Ce plan doit \u00eatre affich\u00e9 dans les locaux et r\u00e9vis\u00e9 r\u00e9guli\u00e8rement pour garantir son efficacit\u00e9 en cas d&#8217;urgence. Les obligations l\u00e9gales en mati\u00e8re de s\u00e9curit\u00e9 incendie La r\u00e9glementation impose \u00e0 toutes les entreprises de mettre en place des mesures de s\u00e9curit\u00e9 incendie adapt\u00e9es \u00e0 la taille et \u00e0 l\u2019activit\u00e9 de l\u2019entreprise. Cela inclut notamment la r\u00e9alisation d\u2019un plan d\u2019\u00e9vacuation, la formation des employ\u00e9s et la maintenance des \u00e9quipements de s\u00e9curit\u00e9 incendie. Le contenu d\u2019un plan d\u2019\u00e9vacuation incendie Un plan d\u2019\u00e9vacuation incendie doit inclure les \u00e9l\u00e9ments suivants : Les chemins d\u2019\u00e9vacuation \u00e0 suivre en cas d\u2019incendie. Les sorties de secours accessibles. Les \u00e9quipements de lutte contre l\u2019incendie (extincteurs, alarmes, etc.). Les points de rassemblement \u00e0 l\u2019ext\u00e9rieur de l\u2019\u00e9tablissement. Pourquoi former vos employ\u00e9s \u00e0 la s\u00e9curit\u00e9 incendie ? La formation des employ\u00e9s \u00e0 la s\u00e9curit\u00e9 incendie est essentielle pour garantir leur r\u00e9activit\u00e9 et leur s\u00e9curit\u00e9 en cas d\u2019incendie. Chaque employ\u00e9 doit \u00eatre form\u00e9 pour conna\u00eetre les gestes \u00e0 adopter, les proc\u00e9dures d\u2019\u00e9vacuation et comment utiliser les \u00e9quipements de s\u00e9curit\u00e9 incendie. Les formations en s\u00e9curit\u00e9 incendie propos\u00e9es Il existe plusieurs formations adapt\u00e9es aux besoins des entreprises, telles que : Formation \u00e0 l\u2019\u00e9vacuation incendie : Apprendre \u00e0 \u00e9vacuer les locaux de mani\u00e8re ordonn\u00e9e et rapide. Formation \u00e0 l\u2019utilisation des extincteurs : Former les employ\u00e9s \u00e0 l\u2019utilisation des extincteurs en cas d\u2019incendie. Formation aux risques sp\u00e9cifiques : Formation adapt\u00e9e aux risques sp\u00e9cifiques de votre entreprise (incendie dans des locaux particuliers, risques chimiques, etc.). Pourquoi choisir SFPI Consulting pour vos formations ? SFPI Consulting vous propose des formations compl\u00e8tes et personnalis\u00e9es en s\u00e9curit\u00e9 incendie. Nos formateurs certifi\u00e9s vous accompagnent pour respecter les obligations l\u00e9gales et garantir la s\u00e9curit\u00e9 de vos employ\u00e9s en cas d\u2019incendie. Nous vous aidons \u00e0 mettre en place un plan d\u2019\u00e9vacuation efficace et \u00e0 sensibiliser vos \u00e9quipes. En savoir plus sur nos formations en s\u00e9curit\u00e9 incendie Contactez-nous pour une \u00e9valuation de votre s\u00e9curit\u00e9 incendie Vous souhaitez mettre en place un plan d\u2019\u00e9vacuation ou former vos employ\u00e9s \u00e0 la s\u00e9curit\u00e9 incendie ? Contactez SFPI Consulting pour b\u00e9n\u00e9ficier d&#8217;une formation sur mesure et conforme aux r\u00e9glementations. Contactez-nous d\u00e8s maintenant\" \/>\n<meta property=\"og:url\" content=\"https:\/\/sfpi-consulting.com\/index.php\/plan-devacuation-et-securite-incendie-obligations-et-formations\/\" \/>\n<meta property=\"og:site_name\" content=\"SFPI Consulting\" \/>\n<meta property=\"article:modified_time\" content=\"2025-03-13T09:38:08+00:00\" \/>\n<meta name=\"twitter:card\" content=\"summary_large_image\" \/>\n<script type=\"application\/ld+json\" class=\"yoast-schema-graph\">{\"@context\":\"https:\/\/schema.org\",\"@graph\":[{\"@type\":\"WebPage\",\"@id\":\"https:\/\/sfpi-consulting.com\/index.php\/plan-devacuation-et-securite-incendie-obligations-et-formations\/\",\"url\":\"https:\/\/sfpi-consulting.com\/index.php\/plan-devacuation-et-securite-incendie-obligations-et-formations\/\",\"name\":\"Plan d\u2019\u00e9vacuation et s\u00e9curit\u00e9 incendie : obligations et formations - SFPI Consulting\",\"isPartOf\":{\"@id\":\"https:\/\/sfpi-consulting.com\/#website\"},\"datePublished\":\"2025-03-12T15:37:55+00:00\",\"dateModified\":\"2025-03-13T09:38:08+00:00\",\"breadcrumb\":{\"@id\":\"https:\/\/sfpi-consulting.com\/index.php\/plan-devacuation-et-securite-incendie-obligations-et-formations\/#breadcrumb\"},\"inLanguage\":\"en-US\",\"potentialAction\":[{\"@type\":\"ReadAction\",\"target\":[\"https:\/\/sfpi-consulting.com\/index.php\/plan-devacuation-et-securite-incendie-obligations-et-formations\/\"]}]},{\"@type\":\"BreadcrumbList\",\"@id\":\"https:\/\/sfpi-consulting.com\/index.php\/plan-devacuation-et-securite-incendie-obligations-et-formations\/#breadcrumb\",\"itemListElement\":[{\"@type\":\"ListItem\",\"position\":1,\"name\":\"Accueil\",\"item\":\"https:\/\/sfpi-consulting.com\/\"},{\"@type\":\"ListItem\",\"position\":2,\"name\":\"Plan d\u2019\u00e9vacuation et s\u00e9curit\u00e9 incendie : obligations et formations\"}]},{\"@type\":\"WebSite\",\"@id\":\"https:\/\/sfpi-consulting.com\/#website\",\"url\":\"https:\/\/sfpi-consulting.com\/\",\"name\":\"SFPI Consulting\",\"description\":\"\",\"publisher\":{\"@id\":\"https:\/\/sfpi-consulting.com\/#organization\"},\"potentialAction\":[{\"@type\":\"SearchAction\",\"target\":{\"@type\":\"EntryPoint\",\"urlTemplate\":\"https:\/\/sfpi-consulting.com\/?s={search_term_string}\"},\"query-input\":{\"@type\":\"PropertyValueSpecification\",\"valueRequired\":true,\"valueName\":\"search_term_string\"}}],\"inLanguage\":\"en-US\"},{\"@type\":\"Organization\",\"@id\":\"https:\/\/sfpi-consulting.com\/#organization\",\"name\":\"SFPI Consulting\",\"url\":\"https:\/\/sfpi-consulting.com\/\",\"logo\":{\"@type\":\"ImageObject\",\"inLanguage\":\"en-US\",\"@id\":\"https:\/\/sfpi-consulting.com\/#\/schema\/logo\/image\/\",\"url\":\"https:\/\/sfpi-consulting.com\/wp-content\/uploads\/2025\/03\/cropped-SFPIC-scaled.png\",\"contentUrl\":\"https:\/\/sfpi-consulting.com\/wp-content\/uploads\/2025\/03\/cropped-SFPIC-scaled.png\",\"width\":2560,\"height\":2109,\"caption\":\"SFPI Consulting\"},\"image\":{\"@id\":\"https:\/\/sfpi-consulting.com\/#\/schema\/logo\/image\/\"}}]}<\/script>\n<!-- \/ Yoast SEO plugin. -->","yoast_head_json":{"title":"Plan d\u2019\u00e9vacuation et s\u00e9curit\u00e9 incendie : obligations et formations - SFPI Consulting","robots":{"index":"index","follow":"follow","max-snippet":"max-snippet:-1","max-image-preview":"max-image-preview:large","max-video-preview":"max-video-preview:-1"},"canonical":"https:\/\/sfpi-consulting.com\/index.php\/plan-devacuation-et-securite-incendie-obligations-et-formations\/","og_locale":"en_US","og_type":"article","og_title":"Plan d\u2019\u00e9vacuation et s\u00e9curit\u00e9 incendie : obligations et formations - SFPI Consulting","og_description":"Plan d\u2019\u00e9vacuation et s\u00e9curit\u00e9 incendie : obligations et formations Plan d\u2019\u00e9vacuation et s\u00e9curit\u00e9 incendie : obligations et formations Qu\u2019est-ce qu\u2019un plan d\u2019\u00e9vacuation incendie ? Un plan d\u2019\u00e9vacuation incendie est un dispositif mis en place pour organiser l&#8217;\u00e9vacuation rapide et s\u00e9curis\u00e9e des personnes en cas d&#8217;incendie. Ce plan doit \u00eatre affich\u00e9 dans les locaux et r\u00e9vis\u00e9 r\u00e9guli\u00e8rement pour garantir son efficacit\u00e9 en cas d&#8217;urgence. Les obligations l\u00e9gales en mati\u00e8re de s\u00e9curit\u00e9 incendie La r\u00e9glementation impose \u00e0 toutes les entreprises de mettre en place des mesures de s\u00e9curit\u00e9 incendie adapt\u00e9es \u00e0 la taille et \u00e0 l\u2019activit\u00e9 de l\u2019entreprise. Cela inclut notamment la r\u00e9alisation d\u2019un plan d\u2019\u00e9vacuation, la formation des employ\u00e9s et la maintenance des \u00e9quipements de s\u00e9curit\u00e9 incendie. Le contenu d\u2019un plan d\u2019\u00e9vacuation incendie Un plan d\u2019\u00e9vacuation incendie doit inclure les \u00e9l\u00e9ments suivants : Les chemins d\u2019\u00e9vacuation \u00e0 suivre en cas d\u2019incendie. Les sorties de secours accessibles. Les \u00e9quipements de lutte contre l\u2019incendie (extincteurs, alarmes, etc.). Les points de rassemblement \u00e0 l\u2019ext\u00e9rieur de l\u2019\u00e9tablissement. Pourquoi former vos employ\u00e9s \u00e0 la s\u00e9curit\u00e9 incendie ? La formation des employ\u00e9s \u00e0 la s\u00e9curit\u00e9 incendie est essentielle pour garantir leur r\u00e9activit\u00e9 et leur s\u00e9curit\u00e9 en cas d\u2019incendie. Chaque employ\u00e9 doit \u00eatre form\u00e9 pour conna\u00eetre les gestes \u00e0 adopter, les proc\u00e9dures d\u2019\u00e9vacuation et comment utiliser les \u00e9quipements de s\u00e9curit\u00e9 incendie. Les formations en s\u00e9curit\u00e9 incendie propos\u00e9es Il existe plusieurs formations adapt\u00e9es aux besoins des entreprises, telles que : Formation \u00e0 l\u2019\u00e9vacuation incendie : Apprendre \u00e0 \u00e9vacuer les locaux de mani\u00e8re ordonn\u00e9e et rapide. Formation \u00e0 l\u2019utilisation des extincteurs : Former les employ\u00e9s \u00e0 l\u2019utilisation des extincteurs en cas d\u2019incendie. Formation aux risques sp\u00e9cifiques : Formation adapt\u00e9e aux risques sp\u00e9cifiques de votre entreprise (incendie dans des locaux particuliers, risques chimiques, etc.). Pourquoi choisir SFPI Consulting pour vos formations ? SFPI Consulting vous propose des formations compl\u00e8tes et personnalis\u00e9es en s\u00e9curit\u00e9 incendie. Nos formateurs certifi\u00e9s vous accompagnent pour respecter les obligations l\u00e9gales et garantir la s\u00e9curit\u00e9 de vos employ\u00e9s en cas d\u2019incendie. Nous vous aidons \u00e0 mettre en place un plan d\u2019\u00e9vacuation efficace et \u00e0 sensibiliser vos \u00e9quipes. En savoir plus sur nos formations en s\u00e9curit\u00e9 incendie Contactez-nous pour une \u00e9valuation de votre s\u00e9curit\u00e9 incendie Vous souhaitez mettre en place un plan d\u2019\u00e9vacuation ou former vos employ\u00e9s \u00e0 la s\u00e9curit\u00e9 incendie ? Contactez SFPI Consulting pour b\u00e9n\u00e9ficier d&#8217;une formation sur mesure et conforme aux r\u00e9glementations. Contactez-nous d\u00e8s maintenant","og_url":"https:\/\/sfpi-consulting.com\/index.php\/plan-devacuation-et-securite-incendie-obligations-et-formations\/","og_site_name":"SFPI Consulting","article_modified_time":"2025-03-13T09:38:08+00:00","twitter_card":"summary_large_image","schema":{"@context":"https:\/\/schema.org","@graph":[{"@type":"WebPage","@id":"https:\/\/sfpi-consulting.com\/index.php\/plan-devacuation-et-securite-incendie-obligations-et-formations\/","url":"https:\/\/sfpi-consulting.com\/index.php\/plan-devacuation-et-securite-incendie-obligations-et-formations\/","name":"Plan d\u2019\u00e9vacuation et s\u00e9curit\u00e9 incendie : obligations et formations - SFPI Consulting","isPartOf":{"@id":"https:\/\/sfpi-consulting.com\/#website"},"datePublished":"2025-03-12T15:37:55+00:00","dateModified":"2025-03-13T09:38:08+00:00","breadcrumb":{"@id":"https:\/\/sfpi-consulting.com\/index.php\/plan-devacuation-et-securite-incendie-obligations-et-formations\/#breadcrumb"},"inLanguage":"en-US","potentialAction":[{"@type":"ReadAction","target":["https:\/\/sfpi-consulting.com\/index.php\/plan-devacuation-et-securite-incendie-obligations-et-formations\/"]}]},{"@type":"BreadcrumbList","@id":"https:\/\/sfpi-consulting.com\/index.php\/plan-devacuation-et-securite-incendie-obligations-et-formations\/#breadcrumb","itemListElement":[{"@type":"ListItem","position":1,"name":"Accueil","item":"https:\/\/sfpi-consulting.com\/"},{"@type":"ListItem","position":2,"name":"Plan d\u2019\u00e9vacuation et s\u00e9curit\u00e9 incendie : obligations et formations"}]},{"@type":"WebSite","@id":"https:\/\/sfpi-consulting.com\/#website","url":"https:\/\/sfpi-consulting.com\/","name":"SFPI Consulting","description":"","publisher":{"@id":"https:\/\/sfpi-consulting.com\/#organization"},"potentialAction":[{"@type":"SearchAction","target":{"@type":"EntryPoint","urlTemplate":"https:\/\/sfpi-consulting.com\/?s={search_term_string}"},"query-input":{"@type":"PropertyValueSpecification","valueRequired":true,"valueName":"search_term_string"}}],"inLanguage":"en-US"},{"@type":"Organization","@id":"https:\/\/sfpi-consulting.com\/#organization","name":"SFPI Consulting","url":"https:\/\/sfpi-consulting.com\/","logo":{"@type":"ImageObject","inLanguage":"en-US","@id":"https:\/\/sfpi-consulting.com\/#\/schema\/logo\/image\/","url":"https:\/\/sfpi-consulting.com\/wp-content\/uploads\/2025\/03\/cropped-SFPIC-scaled.png","contentUrl":"https:\/\/sfpi-consulting.com\/wp-content\/uploads\/2025\/03\/cropped-SFPIC-scaled.png","width":2560,"height":2109,"caption":"SFPI Consulting"},"image":{"@id":"https:\/\/sfpi-consulting.com\/#\/schema\/logo\/image\/"}}]}},"_links":{"self":[{"href":"https:\/\/sfpi-consulting.com\/index.php\/wp-json\/wp\/v2\/pages\/685","targetHints":{"allow":["GET"]}}],"collection":[{"href":"https:\/\/sfpi-consulting.com\/index.php\/wp-json\/wp\/v2\/pages"}],"about":[{"href":"https:\/\/sfpi-consulting.com\/index.php\/wp-json\/wp\/v2\/types\/page"}],"author":[{"embeddable":true,"href":"https:\/\/sfpi-consulting.com\/index.php\/wp-json\/wp\/v2\/users\/1"}],"replies":[{"embeddable":true,"href":"https:\/\/sfpi-consulting.com\/index.php\/wp-json\/wp\/v2\/comments?post=685"}],"version-history":[{"count":7,"href":"https:\/\/sfpi-consulting.com\/index.php\/wp-json\/wp\/v2\/pages\/685\/revisions"}],"predecessor-version":[{"id":950,"href":"https:\/\/sfpi-consulting.com\/index.php\/wp-json\/wp\/v2\/pages\/685\/revisions\/950"}],"wp:attachment":[{"href":"https:\/\/sfpi-consulting.com\/index.php\/wp-json\/wp\/v2\/media?parent=685"}],"curies":[{"name":"wp","href":"https:\/\/api.w.org\/{rel}","templated":true}]}}