{"id":679,"date":"2025-03-12T16:36:37","date_gmt":"2025-03-12T15:36:37","guid":{"rendered":"https:\/\/sfpi-consulting.com\/?page_id=679"},"modified":"2025-03-13T10:26:36","modified_gmt":"2025-03-13T09:26:36","slug":"formation-securite-incendie-pour-les-salaries-et-chefs-dentreprise","status":"publish","type":"page","link":"https:\/\/sfpi-consulting.com\/index.php\/formation-securite-incendie-pour-les-salaries-et-chefs-dentreprise\/","title":{"rendered":"Formation s\u00e9curit\u00e9 incendie pour les salari\u00e9s et chefs d\u2019entreprise"},"content":{"rendered":"\t\t<div data-elementor-type=\"wp-page\" data-elementor-id=\"679\" class=\"elementor elementor-679\">\n\t\t\t\t<div class=\"elementor-element elementor-element-ab841fb e-flex e-con-boxed wpr-particle-no wpr-jarallax-no wpr-parallax-no wpr-sticky-section-no e-con e-parent\" data-id=\"ab841fb\" data-element_type=\"container\">\n\t\t\t\t\t<div class=\"e-con-inner\">\n\t\t\t\t<div class=\"elementor-element elementor-element-2b713c7 elementor-widget elementor-widget-html\" data-id=\"2b713c7\" data-element_type=\"widget\" data-widget_type=\"html.default\">\n\t\t\t\t<div class=\"elementor-widget-container\">\n\t\t\t\t\t<!DOCTYPE html>\n<html lang=\"fr\">\n<head>\n    <meta charset=\"UTF-8\">\n    <meta name=\"viewport\" content=\"width=device-width, initial-scale=1.0\">\n    <meta name=\"description\" content=\"Formez vos salari\u00e9s et chefs d'entreprise aux risques incendie pour garantir la s\u00e9curit\u00e9 de votre entreprise. D\u00e9couvrez notre programme de formation s\u00e9curit\u00e9 incendie.\">\n    <meta name=\"keywords\" content=\"formation s\u00e9curit\u00e9 incendie, s\u00e9curit\u00e9 incendie entreprise, formation incendie salari\u00e9s, formation incendie chefs d'entreprise, pr\u00e9vention incendie entreprise\">\n    <title>Formation s\u00e9curit\u00e9 incendie pour les salari\u00e9s et chefs d\u2019entreprise<\/title>\n    <link rel=\"stylesheet\" href=\"styles.css\">\n<\/head>\n<body>\n\n<div class=\"container\">\n    <h1>Formation s\u00e9curit\u00e9 incendie pour les salari\u00e9s et chefs d\u2019entreprise<\/h1>\n\n    <section>\n        <h2>Pourquoi la formation s\u00e9curit\u00e9 incendie est-elle cruciale ?<\/h2>\n        <p>La formation s\u00e9curit\u00e9 incendie est essentielle pour garantir la protection de vos salari\u00e9s et la s\u00e9curit\u00e9 de votre entreprise. Une entreprise bien form\u00e9e est une entreprise plus s\u00fbre, avec des employ\u00e9s capables de r\u00e9agir efficacement en cas de sinistre.<\/p>\n    <\/section>\n\n    <section>\n        <h2>Qui doit suivre la formation s\u00e9curit\u00e9 incendie ?<\/h2>\n        <p>Tous les salari\u00e9s, ainsi que les chefs d'entreprise, doivent suivre une formation en s\u00e9curit\u00e9 incendie. Cette formation est indispensable pour comprendre les risques et savoir comment r\u00e9agir en cas de d\u00e9part de feu. Elle est \u00e9galement un imp\u00e9ratif l\u00e9gal dans certains secteurs d'activit\u00e9.<\/p>\n    <\/section>\n\n    <section>\n        <h2>Les objectifs de la formation s\u00e9curit\u00e9 incendie<\/h2>\n        <p>Cette formation vise plusieurs objectifs, notamment :<\/p>\n        <ul>\n            <li>Apprendre \u00e0 pr\u00e9venir les risques d\u2019incendie.<\/li>\n            <li>Savoir utiliser les extincteurs et les autres \u00e9quipements de s\u00e9curit\u00e9.<\/li>\n            <li>Former les \u00e9quipes \u00e0 l\u2019\u00e9vacuation rapide et efficace.<\/li>\n            <li>Assurer la gestion des situations d\u2019urgence en cas d\u2019incendie.<\/li>\n        <\/ul>\n    <\/section>\n\n    <section>\n        <h2>Les diff\u00e9rentes formations propos\u00e9es<\/h2>\n        <p>Nous proposons plusieurs types de formations en fonction de vos besoins, notamment :<\/p>\n        <ul>\n            <li>Formation pour les salari\u00e9s : pr\u00e9vention des risques, utilisation des \u00e9quipements de lutte contre l\u2019incendie.<\/li>\n            <li>Formation pour les chefs d\u2019entreprise : gestion de crise, plan d\u2019\u00e9vacuation, et responsabilit\u00e9 en cas d\u2019incident.<\/li>\n        <\/ul>\n    <\/section>\n\n    <section>\n        <h2>Pourquoi choisir SFPI Consulting pour la formation incendie ?<\/h2>\n        <p>SFPI Consulting dispose de formateurs qualifi\u00e9s et exp\u00e9riment\u00e9s dans le domaine de la s\u00e9curit\u00e9 incendie. Nos formations sont adapt\u00e9es aux besoins sp\u00e9cifiques de votre entreprise et respectent les normes en vigueur pour garantir un environnement de travail s\u00fbr et conforme \u00e0 la r\u00e9glementation.<\/p>\n        <a href=\"https:\/\/sfpi-consulting.com\/\" class=\"button\">D\u00e9couvrez nos formations incendie<\/a>\n    <\/section>\n\n    <section>\n        <h2>Les avantages d\u2019une formation incendie pour votre entreprise<\/h2>\n        <p>En formant vos salari\u00e9s et vos dirigeants \u00e0 la s\u00e9curit\u00e9 incendie, vous r\u00e9duisez les risques d\u2019incidents graves, vous respectez les obligations l\u00e9gales, et vous renforcez la culture de s\u00e9curit\u00e9 au sein de votre organisation.<\/p>\n    <\/section>\n\n    <section>\n        <h2>Comment s\u2019inscrire \u00e0 nos formations ?<\/h2>\n        <p>Il est facile de vous inscrire \u00e0 nos formations s\u00e9curit\u00e9 incendie. Il vous suffit de vous rendre sur notre site et de remplir le formulaire d\u2019inscription. Nos formateurs se rendront ensuite sur votre site pour r\u00e9aliser la formation en pr\u00e9sentiel ou en ligne, selon vos pr\u00e9f\u00e9rences.<\/p>\n        <a href=\"https:\/\/sfpi-consulting.com\/\" class=\"button\">Inscrivez-vous d\u00e8s maintenant<\/a>\n    <\/section>\n<\/div>\n\n<\/body>\n<\/html>\n\t\t\t\t<\/div>\n\t\t\t\t<\/div>\n\t\t\t\t\t<\/div>\n\t\t\t\t<\/div>\n\t\t\t\t<\/div>\n\t\t","protected":false},"excerpt":{"rendered":"<p>Formation s\u00e9curit\u00e9 incendie pour les salari\u00e9s et chefs d\u2019entreprise Formation s\u00e9curit\u00e9 incendie pour les salari\u00e9s et chefs d\u2019entreprise Pourquoi la formation s\u00e9curit\u00e9 incendie est-elle cruciale ? La formation s\u00e9curit\u00e9 incendie est essentielle pour garantir la protection de vos salari\u00e9s et la s\u00e9curit\u00e9 de votre entreprise. Une entreprise bien form\u00e9e est une entreprise plus s\u00fbre, avec des employ\u00e9s capables de r\u00e9agir efficacement en cas de sinistre. Qui doit suivre la formation s\u00e9curit\u00e9 incendie ? Tous les salari\u00e9s, ainsi que les chefs d&#8217;entreprise, doivent suivre une formation en s\u00e9curit\u00e9 incendie. Cette formation est indispensable pour comprendre les risques et savoir comment r\u00e9agir en cas de d\u00e9part de feu. Elle est \u00e9galement un imp\u00e9ratif l\u00e9gal dans certains secteurs d&#8217;activit\u00e9. Les objectifs de la formation s\u00e9curit\u00e9 incendie Cette formation vise plusieurs objectifs, notamment : Apprendre \u00e0 pr\u00e9venir les risques d\u2019incendie. Savoir utiliser les extincteurs et les autres \u00e9quipements de s\u00e9curit\u00e9. Former les \u00e9quipes \u00e0 l\u2019\u00e9vacuation rapide et efficace. Assurer la gestion des situations d\u2019urgence en cas d\u2019incendie. Les diff\u00e9rentes formations propos\u00e9es Nous proposons plusieurs types de formations en fonction de vos besoins, notamment : Formation pour les salari\u00e9s : pr\u00e9vention des risques, utilisation des \u00e9quipements de lutte contre l\u2019incendie. Formation pour les chefs d\u2019entreprise : gestion de crise, plan d\u2019\u00e9vacuation, et responsabilit\u00e9 en cas d\u2019incident. Pourquoi choisir SFPI Consulting pour la formation incendie ? SFPI Consulting dispose de formateurs qualifi\u00e9s et exp\u00e9riment\u00e9s dans le domaine de la s\u00e9curit\u00e9 incendie. Nos formations sont adapt\u00e9es aux besoins sp\u00e9cifiques de votre entreprise et respectent les normes en vigueur pour garantir un environnement de travail s\u00fbr et conforme \u00e0 la r\u00e9glementation. D\u00e9couvrez nos formations incendie Les avantages d\u2019une formation incendie pour votre entreprise En formant vos salari\u00e9s et vos dirigeants \u00e0 la s\u00e9curit\u00e9 incendie, vous r\u00e9duisez les risques d\u2019incidents graves, vous respectez les obligations l\u00e9gales, et vous renforcez la culture de s\u00e9curit\u00e9 au sein de votre organisation. Comment s\u2019inscrire \u00e0 nos formations ? Il est facile de vous inscrire \u00e0 nos formations s\u00e9curit\u00e9 incendie. Il vous suffit de vous rendre sur notre site et de remplir le formulaire d\u2019inscription. Nos formateurs se rendront ensuite sur votre site pour r\u00e9aliser la formation en pr\u00e9sentiel ou en ligne, selon vos pr\u00e9f\u00e9rences. Inscrivez-vous d\u00e8s maintenant<\/p>\n","protected":false},"author":1,"featured_media":0,"parent":0,"menu_order":0,"comment_status":"closed","ping_status":"closed","template":"","meta":{"site-sidebar-layout":"no-sidebar","site-content-layout":"","ast-site-content-layout":"full-width-container","site-content-style":"default","site-sidebar-style":"default","ast-global-header-display":"","ast-banner-title-visibility":"","ast-main-header-display":"","ast-hfb-above-header-display":"","ast-hfb-below-header-display":"","ast-hfb-mobile-header-display":"","site-post-title":"disabled","ast-breadcrumbs-content":"","ast-featured-img":"disabled","footer-sml-layout":"","theme-transparent-header-meta":"","adv-header-id-meta":"","stick-header-meta":"","header-above-stick-meta":"","header-main-stick-meta":"","header-below-stick-meta":"","astra-migrate-meta-layouts":"default","ast-page-background-enabled":"default","ast-page-background-meta":{"desktop":{"background-color":"var(--ast-global-color-5)","background-image":"","background-repeat":"repeat","background-position":"center center","background-size":"auto","background-attachment":"scroll","background-type":"","background-media":"","overlay-type":"","overlay-color":"","overlay-opacity":"","overlay-gradient":""},"tablet":{"background-color":"","background-image":"","background-repeat":"repeat","background-position":"center center","background-size":"auto","background-attachment":"scroll","background-type":"","background-media":"","overlay-type":"","overlay-color":"","overlay-opacity":"","overlay-gradient":""},"mobile":{"background-color":"","background-image":"","background-repeat":"repeat","background-position":"center center","background-size":"auto","background-attachment":"scroll","background-type":"","background-media":"","overlay-type":"","overlay-color":"","overlay-opacity":"","overlay-gradient":""}},"ast-content-background-meta":{"desktop":{"background-color":"var(--ast-global-color-4)","background-image":"","background-repeat":"repeat","background-position":"center center","background-size":"auto","background-attachment":"scroll","background-type":"","background-media":"","overlay-type":"","overlay-color":"","overlay-opacity":"","overlay-gradient":""},"tablet":{"background-color":"var(--ast-global-color-4)","background-image":"","background-repeat":"repeat","background-position":"center center","background-size":"auto","background-attachment":"scroll","background-type":"","background-media":"","overlay-type":"","overlay-color":"","overlay-opacity":"","overlay-gradient":""},"mobile":{"background-color":"var(--ast-global-color-4)","background-image":"","background-repeat":"repeat","background-position":"center center","background-size":"auto","background-attachment":"scroll","background-type":"","background-media":"","overlay-type":"","overlay-color":"","overlay-opacity":"","overlay-gradient":""}},"footnotes":""},"class_list":["post-679","page","type-page","status-publish","hentry"],"yoast_head":"<!-- This site is optimized with the Yoast SEO plugin v25.9 - https:\/\/yoast.com\/wordpress\/plugins\/seo\/ -->\n<title>Formation s\u00e9curit\u00e9 incendie pour les salari\u00e9s et chefs d\u2019entreprise - SFPI Consulting<\/title>\n<meta name=\"robots\" content=\"index, follow, max-snippet:-1, max-image-preview:large, max-video-preview:-1\" \/>\n<link rel=\"canonical\" href=\"https:\/\/sfpi-consulting.com\/index.php\/formation-securite-incendie-pour-les-salaries-et-chefs-dentreprise\/\" \/>\n<meta property=\"og:locale\" content=\"en_US\" \/>\n<meta property=\"og:type\" content=\"article\" \/>\n<meta property=\"og:title\" content=\"Formation s\u00e9curit\u00e9 incendie pour les salari\u00e9s et chefs d\u2019entreprise - SFPI Consulting\" \/>\n<meta property=\"og:description\" content=\"Formation s\u00e9curit\u00e9 incendie pour les salari\u00e9s et chefs d\u2019entreprise Formation s\u00e9curit\u00e9 incendie pour les salari\u00e9s et chefs d\u2019entreprise Pourquoi la formation s\u00e9curit\u00e9 incendie est-elle cruciale ? La formation s\u00e9curit\u00e9 incendie est essentielle pour garantir la protection de vos salari\u00e9s et la s\u00e9curit\u00e9 de votre entreprise. Une entreprise bien form\u00e9e est une entreprise plus s\u00fbre, avec des employ\u00e9s capables de r\u00e9agir efficacement en cas de sinistre. Qui doit suivre la formation s\u00e9curit\u00e9 incendie ? Tous les salari\u00e9s, ainsi que les chefs d&#8217;entreprise, doivent suivre une formation en s\u00e9curit\u00e9 incendie. Cette formation est indispensable pour comprendre les risques et savoir comment r\u00e9agir en cas de d\u00e9part de feu. Elle est \u00e9galement un imp\u00e9ratif l\u00e9gal dans certains secteurs d&#8217;activit\u00e9. Les objectifs de la formation s\u00e9curit\u00e9 incendie Cette formation vise plusieurs objectifs, notamment : Apprendre \u00e0 pr\u00e9venir les risques d\u2019incendie. Savoir utiliser les extincteurs et les autres \u00e9quipements de s\u00e9curit\u00e9. Former les \u00e9quipes \u00e0 l\u2019\u00e9vacuation rapide et efficace. Assurer la gestion des situations d\u2019urgence en cas d\u2019incendie. Les diff\u00e9rentes formations propos\u00e9es Nous proposons plusieurs types de formations en fonction de vos besoins, notamment : Formation pour les salari\u00e9s : pr\u00e9vention des risques, utilisation des \u00e9quipements de lutte contre l\u2019incendie. Formation pour les chefs d\u2019entreprise : gestion de crise, plan d\u2019\u00e9vacuation, et responsabilit\u00e9 en cas d\u2019incident. Pourquoi choisir SFPI Consulting pour la formation incendie ? SFPI Consulting dispose de formateurs qualifi\u00e9s et exp\u00e9riment\u00e9s dans le domaine de la s\u00e9curit\u00e9 incendie. Nos formations sont adapt\u00e9es aux besoins sp\u00e9cifiques de votre entreprise et respectent les normes en vigueur pour garantir un environnement de travail s\u00fbr et conforme \u00e0 la r\u00e9glementation. D\u00e9couvrez nos formations incendie Les avantages d\u2019une formation incendie pour votre entreprise En formant vos salari\u00e9s et vos dirigeants \u00e0 la s\u00e9curit\u00e9 incendie, vous r\u00e9duisez les risques d\u2019incidents graves, vous respectez les obligations l\u00e9gales, et vous renforcez la culture de s\u00e9curit\u00e9 au sein de votre organisation. Comment s\u2019inscrire \u00e0 nos formations ? Il est facile de vous inscrire \u00e0 nos formations s\u00e9curit\u00e9 incendie. Il vous suffit de vous rendre sur notre site et de remplir le formulaire d\u2019inscription. Nos formateurs se rendront ensuite sur votre site pour r\u00e9aliser la formation en pr\u00e9sentiel ou en ligne, selon vos pr\u00e9f\u00e9rences. Inscrivez-vous d\u00e8s maintenant\" \/>\n<meta property=\"og:url\" content=\"https:\/\/sfpi-consulting.com\/index.php\/formation-securite-incendie-pour-les-salaries-et-chefs-dentreprise\/\" \/>\n<meta property=\"og:site_name\" content=\"SFPI Consulting\" \/>\n<meta property=\"article:modified_time\" content=\"2025-03-13T09:26:36+00:00\" \/>\n<meta name=\"twitter:card\" content=\"summary_large_image\" \/>\n<meta name=\"twitter:label1\" content=\"Est. reading time\" \/>\n\t<meta name=\"twitter:data1\" content=\"2 minutes\" \/>\n<script type=\"application\/ld+json\" class=\"yoast-schema-graph\">{\"@context\":\"https:\/\/schema.org\",\"@graph\":[{\"@type\":\"WebPage\",\"@id\":\"https:\/\/sfpi-consulting.com\/index.php\/formation-securite-incendie-pour-les-salaries-et-chefs-dentreprise\/\",\"url\":\"https:\/\/sfpi-consulting.com\/index.php\/formation-securite-incendie-pour-les-salaries-et-chefs-dentreprise\/\",\"name\":\"Formation s\u00e9curit\u00e9 incendie pour les salari\u00e9s et chefs d\u2019entreprise - SFPI Consulting\",\"isPartOf\":{\"@id\":\"https:\/\/sfpi-consulting.com\/#website\"},\"datePublished\":\"2025-03-12T15:36:37+00:00\",\"dateModified\":\"2025-03-13T09:26:36+00:00\",\"breadcrumb\":{\"@id\":\"https:\/\/sfpi-consulting.com\/index.php\/formation-securite-incendie-pour-les-salaries-et-chefs-dentreprise\/#breadcrumb\"},\"inLanguage\":\"en-US\",\"potentialAction\":[{\"@type\":\"ReadAction\",\"target\":[\"https:\/\/sfpi-consulting.com\/index.php\/formation-securite-incendie-pour-les-salaries-et-chefs-dentreprise\/\"]}]},{\"@type\":\"BreadcrumbList\",\"@id\":\"https:\/\/sfpi-consulting.com\/index.php\/formation-securite-incendie-pour-les-salaries-et-chefs-dentreprise\/#breadcrumb\",\"itemListElement\":[{\"@type\":\"ListItem\",\"position\":1,\"name\":\"Accueil\",\"item\":\"https:\/\/sfpi-consulting.com\/\"},{\"@type\":\"ListItem\",\"position\":2,\"name\":\"Formation s\u00e9curit\u00e9 incendie pour les salari\u00e9s et chefs d\u2019entreprise\"}]},{\"@type\":\"WebSite\",\"@id\":\"https:\/\/sfpi-consulting.com\/#website\",\"url\":\"https:\/\/sfpi-consulting.com\/\",\"name\":\"SFPI Consulting\",\"description\":\"\",\"publisher\":{\"@id\":\"https:\/\/sfpi-consulting.com\/#organization\"},\"potentialAction\":[{\"@type\":\"SearchAction\",\"target\":{\"@type\":\"EntryPoint\",\"urlTemplate\":\"https:\/\/sfpi-consulting.com\/?s={search_term_string}\"},\"query-input\":{\"@type\":\"PropertyValueSpecification\",\"valueRequired\":true,\"valueName\":\"search_term_string\"}}],\"inLanguage\":\"en-US\"},{\"@type\":\"Organization\",\"@id\":\"https:\/\/sfpi-consulting.com\/#organization\",\"name\":\"SFPI Consulting\",\"url\":\"https:\/\/sfpi-consulting.com\/\",\"logo\":{\"@type\":\"ImageObject\",\"inLanguage\":\"en-US\",\"@id\":\"https:\/\/sfpi-consulting.com\/#\/schema\/logo\/image\/\",\"url\":\"https:\/\/sfpi-consulting.com\/wp-content\/uploads\/2025\/03\/cropped-SFPIC-scaled.png\",\"contentUrl\":\"https:\/\/sfpi-consulting.com\/wp-content\/uploads\/2025\/03\/cropped-SFPIC-scaled.png\",\"width\":2560,\"height\":2109,\"caption\":\"SFPI Consulting\"},\"image\":{\"@id\":\"https:\/\/sfpi-consulting.com\/#\/schema\/logo\/image\/\"}}]}<\/script>\n<!-- \/ Yoast SEO plugin. -->","yoast_head_json":{"title":"Formation s\u00e9curit\u00e9 incendie pour les salari\u00e9s et chefs d\u2019entreprise - SFPI Consulting","robots":{"index":"index","follow":"follow","max-snippet":"max-snippet:-1","max-image-preview":"max-image-preview:large","max-video-preview":"max-video-preview:-1"},"canonical":"https:\/\/sfpi-consulting.com\/index.php\/formation-securite-incendie-pour-les-salaries-et-chefs-dentreprise\/","og_locale":"en_US","og_type":"article","og_title":"Formation s\u00e9curit\u00e9 incendie pour les salari\u00e9s et chefs d\u2019entreprise - SFPI Consulting","og_description":"Formation s\u00e9curit\u00e9 incendie pour les salari\u00e9s et chefs d\u2019entreprise Formation s\u00e9curit\u00e9 incendie pour les salari\u00e9s et chefs d\u2019entreprise Pourquoi la formation s\u00e9curit\u00e9 incendie est-elle cruciale ? La formation s\u00e9curit\u00e9 incendie est essentielle pour garantir la protection de vos salari\u00e9s et la s\u00e9curit\u00e9 de votre entreprise. Une entreprise bien form\u00e9e est une entreprise plus s\u00fbre, avec des employ\u00e9s capables de r\u00e9agir efficacement en cas de sinistre. Qui doit suivre la formation s\u00e9curit\u00e9 incendie ? Tous les salari\u00e9s, ainsi que les chefs d&#8217;entreprise, doivent suivre une formation en s\u00e9curit\u00e9 incendie. Cette formation est indispensable pour comprendre les risques et savoir comment r\u00e9agir en cas de d\u00e9part de feu. Elle est \u00e9galement un imp\u00e9ratif l\u00e9gal dans certains secteurs d&#8217;activit\u00e9. Les objectifs de la formation s\u00e9curit\u00e9 incendie Cette formation vise plusieurs objectifs, notamment : Apprendre \u00e0 pr\u00e9venir les risques d\u2019incendie. Savoir utiliser les extincteurs et les autres \u00e9quipements de s\u00e9curit\u00e9. Former les \u00e9quipes \u00e0 l\u2019\u00e9vacuation rapide et efficace. Assurer la gestion des situations d\u2019urgence en cas d\u2019incendie. Les diff\u00e9rentes formations propos\u00e9es Nous proposons plusieurs types de formations en fonction de vos besoins, notamment : Formation pour les salari\u00e9s : pr\u00e9vention des risques, utilisation des \u00e9quipements de lutte contre l\u2019incendie. Formation pour les chefs d\u2019entreprise : gestion de crise, plan d\u2019\u00e9vacuation, et responsabilit\u00e9 en cas d\u2019incident. Pourquoi choisir SFPI Consulting pour la formation incendie ? SFPI Consulting dispose de formateurs qualifi\u00e9s et exp\u00e9riment\u00e9s dans le domaine de la s\u00e9curit\u00e9 incendie. Nos formations sont adapt\u00e9es aux besoins sp\u00e9cifiques de votre entreprise et respectent les normes en vigueur pour garantir un environnement de travail s\u00fbr et conforme \u00e0 la r\u00e9glementation. D\u00e9couvrez nos formations incendie Les avantages d\u2019une formation incendie pour votre entreprise En formant vos salari\u00e9s et vos dirigeants \u00e0 la s\u00e9curit\u00e9 incendie, vous r\u00e9duisez les risques d\u2019incidents graves, vous respectez les obligations l\u00e9gales, et vous renforcez la culture de s\u00e9curit\u00e9 au sein de votre organisation. Comment s\u2019inscrire \u00e0 nos formations ? Il est facile de vous inscrire \u00e0 nos formations s\u00e9curit\u00e9 incendie. Il vous suffit de vous rendre sur notre site et de remplir le formulaire d\u2019inscription. Nos formateurs se rendront ensuite sur votre site pour r\u00e9aliser la formation en pr\u00e9sentiel ou en ligne, selon vos pr\u00e9f\u00e9rences. Inscrivez-vous d\u00e8s maintenant","og_url":"https:\/\/sfpi-consulting.com\/index.php\/formation-securite-incendie-pour-les-salaries-et-chefs-dentreprise\/","og_site_name":"SFPI Consulting","article_modified_time":"2025-03-13T09:26:36+00:00","twitter_card":"summary_large_image","twitter_misc":{"Est. reading time":"2 minutes"},"schema":{"@context":"https:\/\/schema.org","@graph":[{"@type":"WebPage","@id":"https:\/\/sfpi-consulting.com\/index.php\/formation-securite-incendie-pour-les-salaries-et-chefs-dentreprise\/","url":"https:\/\/sfpi-consulting.com\/index.php\/formation-securite-incendie-pour-les-salaries-et-chefs-dentreprise\/","name":"Formation s\u00e9curit\u00e9 incendie pour les salari\u00e9s et chefs d\u2019entreprise - SFPI Consulting","isPartOf":{"@id":"https:\/\/sfpi-consulting.com\/#website"},"datePublished":"2025-03-12T15:36:37+00:00","dateModified":"2025-03-13T09:26:36+00:00","breadcrumb":{"@id":"https:\/\/sfpi-consulting.com\/index.php\/formation-securite-incendie-pour-les-salaries-et-chefs-dentreprise\/#breadcrumb"},"inLanguage":"en-US","potentialAction":[{"@type":"ReadAction","target":["https:\/\/sfpi-consulting.com\/index.php\/formation-securite-incendie-pour-les-salaries-et-chefs-dentreprise\/"]}]},{"@type":"BreadcrumbList","@id":"https:\/\/sfpi-consulting.com\/index.php\/formation-securite-incendie-pour-les-salaries-et-chefs-dentreprise\/#breadcrumb","itemListElement":[{"@type":"ListItem","position":1,"name":"Accueil","item":"https:\/\/sfpi-consulting.com\/"},{"@type":"ListItem","position":2,"name":"Formation s\u00e9curit\u00e9 incendie pour les salari\u00e9s et chefs d\u2019entreprise"}]},{"@type":"WebSite","@id":"https:\/\/sfpi-consulting.com\/#website","url":"https:\/\/sfpi-consulting.com\/","name":"SFPI Consulting","description":"","publisher":{"@id":"https:\/\/sfpi-consulting.com\/#organization"},"potentialAction":[{"@type":"SearchAction","target":{"@type":"EntryPoint","urlTemplate":"https:\/\/sfpi-consulting.com\/?s={search_term_string}"},"query-input":{"@type":"PropertyValueSpecification","valueRequired":true,"valueName":"search_term_string"}}],"inLanguage":"en-US"},{"@type":"Organization","@id":"https:\/\/sfpi-consulting.com\/#organization","name":"SFPI Consulting","url":"https:\/\/sfpi-consulting.com\/","logo":{"@type":"ImageObject","inLanguage":"en-US","@id":"https:\/\/sfpi-consulting.com\/#\/schema\/logo\/image\/","url":"https:\/\/sfpi-consulting.com\/wp-content\/uploads\/2025\/03\/cropped-SFPIC-scaled.png","contentUrl":"https:\/\/sfpi-consulting.com\/wp-content\/uploads\/2025\/03\/cropped-SFPIC-scaled.png","width":2560,"height":2109,"caption":"SFPI Consulting"},"image":{"@id":"https:\/\/sfpi-consulting.com\/#\/schema\/logo\/image\/"}}]}},"_links":{"self":[{"href":"https:\/\/sfpi-consulting.com\/index.php\/wp-json\/wp\/v2\/pages\/679","targetHints":{"allow":["GET"]}}],"collection":[{"href":"https:\/\/sfpi-consulting.com\/index.php\/wp-json\/wp\/v2\/pages"}],"about":[{"href":"https:\/\/sfpi-consulting.com\/index.php\/wp-json\/wp\/v2\/types\/page"}],"author":[{"embeddable":true,"href":"https:\/\/sfpi-consulting.com\/index.php\/wp-json\/wp\/v2\/users\/1"}],"replies":[{"embeddable":true,"href":"https:\/\/sfpi-consulting.com\/index.php\/wp-json\/wp\/v2\/comments?post=679"}],"version-history":[{"count":7,"href":"https:\/\/sfpi-consulting.com\/index.php\/wp-json\/wp\/v2\/pages\/679\/revisions"}],"predecessor-version":[{"id":941,"href":"https:\/\/sfpi-consulting.com\/index.php\/wp-json\/wp\/v2\/pages\/679\/revisions\/941"}],"wp:attachment":[{"href":"https:\/\/sfpi-consulting.com\/index.php\/wp-json\/wp\/v2\/media?parent=679"}],"curies":[{"name":"wp","href":"https:\/\/api.w.org\/{rel}","templated":true}]}}