{"id":675,"date":"2025-03-12T16:35:43","date_gmt":"2025-03-12T15:35:43","guid":{"rendered":"https:\/\/sfpi-consulting.com\/?page_id=675"},"modified":"2025-03-13T10:24:47","modified_gmt":"2025-03-13T09:24:47","slug":"comment-bien-utiliser-un-extincteur-en-cas-dincendie","status":"publish","type":"page","link":"https:\/\/sfpi-consulting.com\/index.php\/comment-bien-utiliser-un-extincteur-en-cas-dincendie\/","title":{"rendered":"Comment bien utiliser un extincteur en cas d\u2019incendie ?"},"content":{"rendered":"\t\t<div data-elementor-type=\"wp-page\" data-elementor-id=\"675\" class=\"elementor elementor-675\">\n\t\t\t\t<div class=\"elementor-element elementor-element-e365235 e-flex e-con-boxed wpr-particle-no wpr-jarallax-no wpr-parallax-no wpr-sticky-section-no e-con e-parent\" data-id=\"e365235\" data-element_type=\"container\">\n\t\t\t\t\t<div class=\"e-con-inner\">\n\t\t\t\t<div class=\"elementor-element elementor-element-4ba8cd2 elementor-widget elementor-widget-html\" data-id=\"4ba8cd2\" data-element_type=\"widget\" data-widget_type=\"html.default\">\n\t\t\t\t<div class=\"elementor-widget-container\">\n\t\t\t\t\t<!DOCTYPE html>\n<html lang=\"fr\">\n<head>\n    <meta charset=\"UTF-8\">\n    <meta name=\"viewport\" content=\"width=device-width, initial-scale=1.0\">\n    <meta name=\"description\" content=\"Apprenez \u00e0 bien utiliser un extincteur en cas d'incendie pour r\u00e9agir efficacement et limiter les d\u00e9g\u00e2ts. Formation et conseils pour la s\u00e9curit\u00e9 en entreprise.\">\n    <meta name=\"keywords\" content=\"utilisation extincteur, s\u00e9curit\u00e9 incendie, manipulation extincteur, pr\u00e9vention incendie, formation extincteur\">\n    <title>Comment bien utiliser un extincteur en cas d\u2019incendie ?<\/title>\n    <link rel=\"stylesheet\" href=\"styles.css\">\n<\/head>\n<body>\n\n<div class=\"container\">\n    <h1>Comment bien utiliser un extincteur en cas d\u2019incendie ?<\/h1>\n\n    <section>\n        <h2>Pourquoi savoir utiliser un extincteur est essentiel ?<\/h2>\n        <p>Un d\u00e9part de feu peut se propager rapidement. **Savoir manipuler un extincteur** est une comp\u00e9tence cl\u00e9 pour r\u00e9agir efficacement et \u00e9viter un incendie majeur en entreprise ou \u00e0 domicile.<\/p>\n    <\/section>\n\n    <section>\n        <h2>Les diff\u00e9rents types d\u2019extincteurs<\/h2>\n        <p>Il existe plusieurs types d\u2019extincteurs adapt\u00e9s \u00e0 diff\u00e9rentes classes de feux :<\/p>\n        <ul>\n            <li>Extincteur \u00e0 eau : pour les feux de papier, bois et textiles.<\/li>\n            <li>Extincteur CO2 : efficace contre les feux \u00e9lectriques et liquides inflammables.<\/li>\n            <li>Extincteur \u00e0 poudre : adapt\u00e9 aux feux de gaz, liquides et solides.<\/li>\n        <\/ul>\n    <\/section>\n\n    <section>\n        <h2>Les \u00e9tapes pour bien utiliser un extincteur<\/h2>\n        <p>Lors d\u2019un d\u00e9part de feu, suivez ces \u00e9tapes :<\/p>\n        <ol>\n            <li>**Tirer** la goupille de s\u00e9curit\u00e9.<\/li>\n            <li>**Viser** la base des flammes avec le tuyau.<\/li>\n            <li>**Appuyer** sur la poign\u00e9e pour d\u00e9clencher l\u2019agent extincteur.<\/li>\n            <li>**Balayer** de gauche \u00e0 droite pour couvrir toute la zone enflamm\u00e9e.<\/li>\n        <\/ol>\n    <\/section>\n\n    <section>\n        <h2>Quand et o\u00f9 utiliser un extincteur ?<\/h2>\n        <p>Utilisez un extincteur uniquement si le feu est encore **contenu** et que vous avez une sortie de secours \u00e0 proximit\u00e9. Si l\u2019incendie devient incontr\u00f4lable, \u00e9vacuez imm\u00e9diatement et appelez les secours.<\/p>\n    <\/section>\n\n    <section>\n        <h2>Formation \u00e0 l\u2019utilisation des extincteurs<\/h2>\n        <p>Pour garantir une r\u00e9action efficace face \u00e0 un incendie, il est recommand\u00e9 de suivre une **formation \u00e0 la manipulation des extincteurs**. SFPI Consulting propose des formations adapt\u00e9es aux entreprises.<\/p>\n        <a href=\"https:\/\/sfpi-consulting.com\/\" class=\"button\">En savoir plus<\/a>\n    <\/section>\n\n    <section>\n        <h2>Respect des r\u00e8gles de s\u00e9curit\u00e9 incendie<\/h2>\n        <p>Chaque entreprise doit disposer d\u2019extincteurs visibles et accessibles. Il est important de les entretenir r\u00e9guli\u00e8rement et de sensibiliser les employ\u00e9s \u00e0 leur usage.<\/p>\n    <\/section>\n\n    <section>\n        <h2>Inscrivez-vous \u00e0 une formation incendie<\/h2>\n        <p>La pr\u00e9vention incendie est une priorit\u00e9. Apprenez les gestes essentiels avec une formation sp\u00e9cialis\u00e9e.<\/p>\n        <a href=\"https:\/\/sfpi-consulting.com\/\" class=\"button\">S'inscrire \u00e0 une formation<\/a>\n    <\/section>\n\n<\/div>\n\n<\/body>\n<\/html>\n\t\t\t\t<\/div>\n\t\t\t\t<\/div>\n\t\t\t\t\t<\/div>\n\t\t\t\t<\/div>\n\t\t\t\t<\/div>\n\t\t","protected":false},"excerpt":{"rendered":"<p>Comment bien utiliser un extincteur en cas d\u2019incendie ? Comment bien utiliser un extincteur en cas d\u2019incendie ? Pourquoi savoir utiliser un extincteur est essentiel ? Un d\u00e9part de feu peut se propager rapidement. **Savoir manipuler un extincteur** est une comp\u00e9tence cl\u00e9 pour r\u00e9agir efficacement et \u00e9viter un incendie majeur en entreprise ou \u00e0 domicile. Les diff\u00e9rents types d\u2019extincteurs Il existe plusieurs types d\u2019extincteurs adapt\u00e9s \u00e0 diff\u00e9rentes classes de feux : Extincteur \u00e0 eau : pour les feux de papier, bois et textiles. Extincteur CO2 : efficace contre les feux \u00e9lectriques et liquides inflammables. Extincteur \u00e0 poudre : adapt\u00e9 aux feux de gaz, liquides et solides. Les \u00e9tapes pour bien utiliser un extincteur Lors d\u2019un d\u00e9part de feu, suivez ces \u00e9tapes : **Tirer** la goupille de s\u00e9curit\u00e9. **Viser** la base des flammes avec le tuyau. **Appuyer** sur la poign\u00e9e pour d\u00e9clencher l\u2019agent extincteur. **Balayer** de gauche \u00e0 droite pour couvrir toute la zone enflamm\u00e9e. Quand et o\u00f9 utiliser un extincteur ? Utilisez un extincteur uniquement si le feu est encore **contenu** et que vous avez une sortie de secours \u00e0 proximit\u00e9. Si l\u2019incendie devient incontr\u00f4lable, \u00e9vacuez imm\u00e9diatement et appelez les secours. Formation \u00e0 l\u2019utilisation des extincteurs Pour garantir une r\u00e9action efficace face \u00e0 un incendie, il est recommand\u00e9 de suivre une **formation \u00e0 la manipulation des extincteurs**. SFPI Consulting propose des formations adapt\u00e9es aux entreprises. En savoir plus Respect des r\u00e8gles de s\u00e9curit\u00e9 incendie Chaque entreprise doit disposer d\u2019extincteurs visibles et accessibles. Il est important de les entretenir r\u00e9guli\u00e8rement et de sensibiliser les employ\u00e9s \u00e0 leur usage. Inscrivez-vous \u00e0 une formation incendie La pr\u00e9vention incendie est une priorit\u00e9. Apprenez les gestes essentiels avec une formation sp\u00e9cialis\u00e9e. S&#8217;inscrire \u00e0 une formation<\/p>\n","protected":false},"author":1,"featured_media":0,"parent":0,"menu_order":0,"comment_status":"closed","ping_status":"closed","template":"","meta":{"site-sidebar-layout":"no-sidebar","site-content-layout":"","ast-site-content-layout":"full-width-container","site-content-style":"default","site-sidebar-style":"default","ast-global-header-display":"","ast-banner-title-visibility":"","ast-main-header-display":"","ast-hfb-above-header-display":"","ast-hfb-below-header-display":"","ast-hfb-mobile-header-display":"","site-post-title":"disabled","ast-breadcrumbs-content":"","ast-featured-img":"disabled","footer-sml-layout":"","theme-transparent-header-meta":"","adv-header-id-meta":"","stick-header-meta":"","header-above-stick-meta":"","header-main-stick-meta":"","header-below-stick-meta":"","astra-migrate-meta-layouts":"default","ast-page-background-enabled":"default","ast-page-background-meta":{"desktop":{"background-color":"var(--ast-global-color-5)","background-image":"","background-repeat":"repeat","background-position":"center center","background-size":"auto","background-attachment":"scroll","background-type":"","background-media":"","overlay-type":"","overlay-color":"","overlay-opacity":"","overlay-gradient":""},"tablet":{"background-color":"","background-image":"","background-repeat":"repeat","background-position":"center center","background-size":"auto","background-attachment":"scroll","background-type":"","background-media":"","overlay-type":"","overlay-color":"","overlay-opacity":"","overlay-gradient":""},"mobile":{"background-color":"","background-image":"","background-repeat":"repeat","background-position":"center center","background-size":"auto","background-attachment":"scroll","background-type":"","background-media":"","overlay-type":"","overlay-color":"","overlay-opacity":"","overlay-gradient":""}},"ast-content-background-meta":{"desktop":{"background-color":"var(--ast-global-color-4)","background-image":"","background-repeat":"repeat","background-position":"center center","background-size":"auto","background-attachment":"scroll","background-type":"","background-media":"","overlay-type":"","overlay-color":"","overlay-opacity":"","overlay-gradient":""},"tablet":{"background-color":"var(--ast-global-color-4)","background-image":"","background-repeat":"repeat","background-position":"center center","background-size":"auto","background-attachment":"scroll","background-type":"","background-media":"","overlay-type":"","overlay-color":"","overlay-opacity":"","overlay-gradient":""},"mobile":{"background-color":"var(--ast-global-color-4)","background-image":"","background-repeat":"repeat","background-position":"center center","background-size":"auto","background-attachment":"scroll","background-type":"","background-media":"","overlay-type":"","overlay-color":"","overlay-opacity":"","overlay-gradient":""}},"footnotes":""},"class_list":["post-675","page","type-page","status-publish","hentry"],"yoast_head":"<!-- This site is optimized with the Yoast SEO plugin v25.9 - https:\/\/yoast.com\/wordpress\/plugins\/seo\/ -->\n<title>Comment bien utiliser un extincteur en cas d\u2019incendie ? - SFPI Consulting<\/title>\n<meta name=\"robots\" content=\"index, follow, max-snippet:-1, max-image-preview:large, max-video-preview:-1\" \/>\n<link rel=\"canonical\" href=\"https:\/\/sfpi-consulting.com\/index.php\/comment-bien-utiliser-un-extincteur-en-cas-dincendie\/\" \/>\n<meta property=\"og:locale\" content=\"en_US\" \/>\n<meta property=\"og:type\" content=\"article\" \/>\n<meta property=\"og:title\" content=\"Comment bien utiliser un extincteur en cas d\u2019incendie ? - SFPI Consulting\" \/>\n<meta property=\"og:description\" content=\"Comment bien utiliser un extincteur en cas d\u2019incendie ? Comment bien utiliser un extincteur en cas d\u2019incendie ? Pourquoi savoir utiliser un extincteur est essentiel ? Un d\u00e9part de feu peut se propager rapidement. **Savoir manipuler un extincteur** est une comp\u00e9tence cl\u00e9 pour r\u00e9agir efficacement et \u00e9viter un incendie majeur en entreprise ou \u00e0 domicile. Les diff\u00e9rents types d\u2019extincteurs Il existe plusieurs types d\u2019extincteurs adapt\u00e9s \u00e0 diff\u00e9rentes classes de feux : Extincteur \u00e0 eau : pour les feux de papier, bois et textiles. Extincteur CO2 : efficace contre les feux \u00e9lectriques et liquides inflammables. Extincteur \u00e0 poudre : adapt\u00e9 aux feux de gaz, liquides et solides. Les \u00e9tapes pour bien utiliser un extincteur Lors d\u2019un d\u00e9part de feu, suivez ces \u00e9tapes : **Tirer** la goupille de s\u00e9curit\u00e9. **Viser** la base des flammes avec le tuyau. **Appuyer** sur la poign\u00e9e pour d\u00e9clencher l\u2019agent extincteur. **Balayer** de gauche \u00e0 droite pour couvrir toute la zone enflamm\u00e9e. Quand et o\u00f9 utiliser un extincteur ? Utilisez un extincteur uniquement si le feu est encore **contenu** et que vous avez une sortie de secours \u00e0 proximit\u00e9. Si l\u2019incendie devient incontr\u00f4lable, \u00e9vacuez imm\u00e9diatement et appelez les secours. Formation \u00e0 l\u2019utilisation des extincteurs Pour garantir une r\u00e9action efficace face \u00e0 un incendie, il est recommand\u00e9 de suivre une **formation \u00e0 la manipulation des extincteurs**. SFPI Consulting propose des formations adapt\u00e9es aux entreprises. En savoir plus Respect des r\u00e8gles de s\u00e9curit\u00e9 incendie Chaque entreprise doit disposer d\u2019extincteurs visibles et accessibles. Il est important de les entretenir r\u00e9guli\u00e8rement et de sensibiliser les employ\u00e9s \u00e0 leur usage. Inscrivez-vous \u00e0 une formation incendie La pr\u00e9vention incendie est une priorit\u00e9. Apprenez les gestes essentiels avec une formation sp\u00e9cialis\u00e9e. S&#8217;inscrire \u00e0 une formation\" \/>\n<meta property=\"og:url\" content=\"https:\/\/sfpi-consulting.com\/index.php\/comment-bien-utiliser-un-extincteur-en-cas-dincendie\/\" \/>\n<meta property=\"og:site_name\" content=\"SFPI Consulting\" \/>\n<meta property=\"article:modified_time\" content=\"2025-03-13T09:24:47+00:00\" \/>\n<meta name=\"twitter:card\" content=\"summary_large_image\" \/>\n<meta name=\"twitter:label1\" content=\"Est. reading time\" \/>\n\t<meta name=\"twitter:data1\" content=\"2 minutes\" \/>\n<script type=\"application\/ld+json\" class=\"yoast-schema-graph\">{\"@context\":\"https:\/\/schema.org\",\"@graph\":[{\"@type\":\"WebPage\",\"@id\":\"https:\/\/sfpi-consulting.com\/index.php\/comment-bien-utiliser-un-extincteur-en-cas-dincendie\/\",\"url\":\"https:\/\/sfpi-consulting.com\/index.php\/comment-bien-utiliser-un-extincteur-en-cas-dincendie\/\",\"name\":\"Comment bien utiliser un extincteur en cas d\u2019incendie ? - SFPI Consulting\",\"isPartOf\":{\"@id\":\"https:\/\/sfpi-consulting.com\/#website\"},\"datePublished\":\"2025-03-12T15:35:43+00:00\",\"dateModified\":\"2025-03-13T09:24:47+00:00\",\"breadcrumb\":{\"@id\":\"https:\/\/sfpi-consulting.com\/index.php\/comment-bien-utiliser-un-extincteur-en-cas-dincendie\/#breadcrumb\"},\"inLanguage\":\"en-US\",\"potentialAction\":[{\"@type\":\"ReadAction\",\"target\":[\"https:\/\/sfpi-consulting.com\/index.php\/comment-bien-utiliser-un-extincteur-en-cas-dincendie\/\"]}]},{\"@type\":\"BreadcrumbList\",\"@id\":\"https:\/\/sfpi-consulting.com\/index.php\/comment-bien-utiliser-un-extincteur-en-cas-dincendie\/#breadcrumb\",\"itemListElement\":[{\"@type\":\"ListItem\",\"position\":1,\"name\":\"Accueil\",\"item\":\"https:\/\/sfpi-consulting.com\/\"},{\"@type\":\"ListItem\",\"position\":2,\"name\":\"Comment bien utiliser un extincteur en cas d\u2019incendie ?\"}]},{\"@type\":\"WebSite\",\"@id\":\"https:\/\/sfpi-consulting.com\/#website\",\"url\":\"https:\/\/sfpi-consulting.com\/\",\"name\":\"SFPI Consulting\",\"description\":\"\",\"publisher\":{\"@id\":\"https:\/\/sfpi-consulting.com\/#organization\"},\"potentialAction\":[{\"@type\":\"SearchAction\",\"target\":{\"@type\":\"EntryPoint\",\"urlTemplate\":\"https:\/\/sfpi-consulting.com\/?s={search_term_string}\"},\"query-input\":{\"@type\":\"PropertyValueSpecification\",\"valueRequired\":true,\"valueName\":\"search_term_string\"}}],\"inLanguage\":\"en-US\"},{\"@type\":\"Organization\",\"@id\":\"https:\/\/sfpi-consulting.com\/#organization\",\"name\":\"SFPI Consulting\",\"url\":\"https:\/\/sfpi-consulting.com\/\",\"logo\":{\"@type\":\"ImageObject\",\"inLanguage\":\"en-US\",\"@id\":\"https:\/\/sfpi-consulting.com\/#\/schema\/logo\/image\/\",\"url\":\"https:\/\/sfpi-consulting.com\/wp-content\/uploads\/2025\/03\/cropped-SFPIC-scaled.png\",\"contentUrl\":\"https:\/\/sfpi-consulting.com\/wp-content\/uploads\/2025\/03\/cropped-SFPIC-scaled.png\",\"width\":2560,\"height\":2109,\"caption\":\"SFPI Consulting\"},\"image\":{\"@id\":\"https:\/\/sfpi-consulting.com\/#\/schema\/logo\/image\/\"}}]}<\/script>\n<!-- \/ Yoast SEO plugin. -->","yoast_head_json":{"title":"Comment bien utiliser un extincteur en cas d\u2019incendie ? - SFPI Consulting","robots":{"index":"index","follow":"follow","max-snippet":"max-snippet:-1","max-image-preview":"max-image-preview:large","max-video-preview":"max-video-preview:-1"},"canonical":"https:\/\/sfpi-consulting.com\/index.php\/comment-bien-utiliser-un-extincteur-en-cas-dincendie\/","og_locale":"en_US","og_type":"article","og_title":"Comment bien utiliser un extincteur en cas d\u2019incendie ? - SFPI Consulting","og_description":"Comment bien utiliser un extincteur en cas d\u2019incendie ? Comment bien utiliser un extincteur en cas d\u2019incendie ? Pourquoi savoir utiliser un extincteur est essentiel ? Un d\u00e9part de feu peut se propager rapidement. **Savoir manipuler un extincteur** est une comp\u00e9tence cl\u00e9 pour r\u00e9agir efficacement et \u00e9viter un incendie majeur en entreprise ou \u00e0 domicile. Les diff\u00e9rents types d\u2019extincteurs Il existe plusieurs types d\u2019extincteurs adapt\u00e9s \u00e0 diff\u00e9rentes classes de feux : Extincteur \u00e0 eau : pour les feux de papier, bois et textiles. Extincteur CO2 : efficace contre les feux \u00e9lectriques et liquides inflammables. Extincteur \u00e0 poudre : adapt\u00e9 aux feux de gaz, liquides et solides. Les \u00e9tapes pour bien utiliser un extincteur Lors d\u2019un d\u00e9part de feu, suivez ces \u00e9tapes : **Tirer** la goupille de s\u00e9curit\u00e9. **Viser** la base des flammes avec le tuyau. **Appuyer** sur la poign\u00e9e pour d\u00e9clencher l\u2019agent extincteur. **Balayer** de gauche \u00e0 droite pour couvrir toute la zone enflamm\u00e9e. Quand et o\u00f9 utiliser un extincteur ? Utilisez un extincteur uniquement si le feu est encore **contenu** et que vous avez une sortie de secours \u00e0 proximit\u00e9. Si l\u2019incendie devient incontr\u00f4lable, \u00e9vacuez imm\u00e9diatement et appelez les secours. Formation \u00e0 l\u2019utilisation des extincteurs Pour garantir une r\u00e9action efficace face \u00e0 un incendie, il est recommand\u00e9 de suivre une **formation \u00e0 la manipulation des extincteurs**. SFPI Consulting propose des formations adapt\u00e9es aux entreprises. En savoir plus Respect des r\u00e8gles de s\u00e9curit\u00e9 incendie Chaque entreprise doit disposer d\u2019extincteurs visibles et accessibles. Il est important de les entretenir r\u00e9guli\u00e8rement et de sensibiliser les employ\u00e9s \u00e0 leur usage. Inscrivez-vous \u00e0 une formation incendie La pr\u00e9vention incendie est une priorit\u00e9. Apprenez les gestes essentiels avec une formation sp\u00e9cialis\u00e9e. S&#8217;inscrire \u00e0 une formation","og_url":"https:\/\/sfpi-consulting.com\/index.php\/comment-bien-utiliser-un-extincteur-en-cas-dincendie\/","og_site_name":"SFPI Consulting","article_modified_time":"2025-03-13T09:24:47+00:00","twitter_card":"summary_large_image","twitter_misc":{"Est. reading time":"2 minutes"},"schema":{"@context":"https:\/\/schema.org","@graph":[{"@type":"WebPage","@id":"https:\/\/sfpi-consulting.com\/index.php\/comment-bien-utiliser-un-extincteur-en-cas-dincendie\/","url":"https:\/\/sfpi-consulting.com\/index.php\/comment-bien-utiliser-un-extincteur-en-cas-dincendie\/","name":"Comment bien utiliser un extincteur en cas d\u2019incendie ? - SFPI Consulting","isPartOf":{"@id":"https:\/\/sfpi-consulting.com\/#website"},"datePublished":"2025-03-12T15:35:43+00:00","dateModified":"2025-03-13T09:24:47+00:00","breadcrumb":{"@id":"https:\/\/sfpi-consulting.com\/index.php\/comment-bien-utiliser-un-extincteur-en-cas-dincendie\/#breadcrumb"},"inLanguage":"en-US","potentialAction":[{"@type":"ReadAction","target":["https:\/\/sfpi-consulting.com\/index.php\/comment-bien-utiliser-un-extincteur-en-cas-dincendie\/"]}]},{"@type":"BreadcrumbList","@id":"https:\/\/sfpi-consulting.com\/index.php\/comment-bien-utiliser-un-extincteur-en-cas-dincendie\/#breadcrumb","itemListElement":[{"@type":"ListItem","position":1,"name":"Accueil","item":"https:\/\/sfpi-consulting.com\/"},{"@type":"ListItem","position":2,"name":"Comment bien utiliser un extincteur en cas d\u2019incendie ?"}]},{"@type":"WebSite","@id":"https:\/\/sfpi-consulting.com\/#website","url":"https:\/\/sfpi-consulting.com\/","name":"SFPI Consulting","description":"","publisher":{"@id":"https:\/\/sfpi-consulting.com\/#organization"},"potentialAction":[{"@type":"SearchAction","target":{"@type":"EntryPoint","urlTemplate":"https:\/\/sfpi-consulting.com\/?s={search_term_string}"},"query-input":{"@type":"PropertyValueSpecification","valueRequired":true,"valueName":"search_term_string"}}],"inLanguage":"en-US"},{"@type":"Organization","@id":"https:\/\/sfpi-consulting.com\/#organization","name":"SFPI Consulting","url":"https:\/\/sfpi-consulting.com\/","logo":{"@type":"ImageObject","inLanguage":"en-US","@id":"https:\/\/sfpi-consulting.com\/#\/schema\/logo\/image\/","url":"https:\/\/sfpi-consulting.com\/wp-content\/uploads\/2025\/03\/cropped-SFPIC-scaled.png","contentUrl":"https:\/\/sfpi-consulting.com\/wp-content\/uploads\/2025\/03\/cropped-SFPIC-scaled.png","width":2560,"height":2109,"caption":"SFPI Consulting"},"image":{"@id":"https:\/\/sfpi-consulting.com\/#\/schema\/logo\/image\/"}}]}},"_links":{"self":[{"href":"https:\/\/sfpi-consulting.com\/index.php\/wp-json\/wp\/v2\/pages\/675","targetHints":{"allow":["GET"]}}],"collection":[{"href":"https:\/\/sfpi-consulting.com\/index.php\/wp-json\/wp\/v2\/pages"}],"about":[{"href":"https:\/\/sfpi-consulting.com\/index.php\/wp-json\/wp\/v2\/types\/page"}],"author":[{"embeddable":true,"href":"https:\/\/sfpi-consulting.com\/index.php\/wp-json\/wp\/v2\/users\/1"}],"replies":[{"embeddable":true,"href":"https:\/\/sfpi-consulting.com\/index.php\/wp-json\/wp\/v2\/comments?post=675"}],"version-history":[{"count":7,"href":"https:\/\/sfpi-consulting.com\/index.php\/wp-json\/wp\/v2\/pages\/675\/revisions"}],"predecessor-version":[{"id":935,"href":"https:\/\/sfpi-consulting.com\/index.php\/wp-json\/wp\/v2\/pages\/675\/revisions\/935"}],"wp:attachment":[{"href":"https:\/\/sfpi-consulting.com\/index.php\/wp-json\/wp\/v2\/media?parent=675"}],"curies":[{"name":"wp","href":"https:\/\/api.w.org\/{rel}","templated":true}]}}