{"id":671,"date":"2025-03-12T16:34:47","date_gmt":"2025-03-12T15:34:47","guid":{"rendered":"https:\/\/sfpi-consulting.com\/?page_id=671"},"modified":"2025-03-13T10:22:00","modified_gmt":"2025-03-13T09:22:00","slug":"formation-manipulation-extincteurs-apprendre-a-reagir-en-cas-dincendie","status":"publish","type":"page","link":"https:\/\/sfpi-consulting.com\/index.php\/formation-manipulation-extincteurs-apprendre-a-reagir-en-cas-dincendie\/","title":{"rendered":"Formation manipulation extincteurs : apprendre \u00e0 r\u00e9agir en cas d\u2019incendie"},"content":{"rendered":"\t\t<div data-elementor-type=\"wp-page\" data-elementor-id=\"671\" class=\"elementor elementor-671\">\n\t\t\t\t<div class=\"elementor-element elementor-element-4b9a4e8 e-flex e-con-boxed wpr-particle-no wpr-jarallax-no wpr-parallax-no wpr-sticky-section-no e-con e-parent\" data-id=\"4b9a4e8\" data-element_type=\"container\">\n\t\t\t\t\t<div class=\"e-con-inner\">\n\t\t\t\t<div class=\"elementor-element elementor-element-bff4f4b elementor-widget elementor-widget-html\" data-id=\"bff4f4b\" data-element_type=\"widget\" data-widget_type=\"html.default\">\n\t\t\t\t<div class=\"elementor-widget-container\">\n\t\t\t\t\t<!DOCTYPE html>\n<html lang=\"fr\">\n<head>\n    <meta charset=\"UTF-8\">\n    <meta name=\"viewport\" content=\"width=device-width, initial-scale=1.0\">\n    <meta name=\"description\" content=\"Apprenez \u00e0 r\u00e9agir face \u00e0 un incendie avec notre formation manipulation extincteurs. Formation obligatoire pour la s\u00e9curit\u00e9 en entreprise.\">\n    <meta name=\"keywords\" content=\"formation manipulation extincteurs, s\u00e9curit\u00e9 incendie, pr\u00e9vention incendie, entreprise, risques professionnels\">\n    <title>Formation manipulation extincteurs : apprendre \u00e0 r\u00e9agir en cas d\u2019incendie<\/title>\n    <link rel=\"stylesheet\" href=\"styles.css\">\n<\/head>\n<body>\n\n<div class=\"container\">\n    <h1>Formation manipulation extincteurs : apprendre \u00e0 r\u00e9agir en cas d\u2019incendie<\/h1>\n\n    <section>\n        <h2>Pourquoi suivre une formation manipulation extincteurs ?<\/h2>\n        <p>Un d\u00e9part de feu peut se propager en quelques minutes. Savoir utiliser un extincteur de mani\u00e8re efficace est essentiel pour limiter les d\u00e9g\u00e2ts et prot\u00e9ger les personnes pr\u00e9sentes.<\/p>\n    <\/section>\n\n    <section>\n        <h2>Qui doit \u00eatre form\u00e9 \u00e0 l'utilisation des extincteurs ?<\/h2>\n        <p>Tous les salari\u00e9s d\u2019une entreprise doivent \u00eatre sensibilis\u00e9s aux risques incendie. Certains employ\u00e9s, comme les membres du personnel de s\u00e9curit\u00e9 ou les r\u00e9f\u00e9rents incendie, doivent avoir une formation approfondie.<\/p>\n    <\/section>\n\n    <section>\n        <h2>Contenu de la formation<\/h2>\n        <p>La formation manipulation extincteurs comprend :<\/p>\n        <ul>\n            <li>Les bases du triangle du feu et les causes des incendies.<\/li>\n            <li>Les diff\u00e9rents types d\u2019extincteurs et leur utilisation.<\/li>\n            <li>Les gestes \u00e0 adopter en cas de d\u00e9part de feu.<\/li>\n            <li>Un exercice pratique d'extinction sur feu r\u00e9el ou simulateur.<\/li>\n        <\/ul>\n    <\/section>\n\n    <section>\n        <h2>Obligation l\u00e9gale et r\u00e9glementation<\/h2>\n        <p>Selon le Code du travail, l\u2019employeur est tenu d\u2019assurer la formation \u00e0 la s\u00e9curit\u00e9 incendie de ses salari\u00e9s. La r\u00e9glementation impose \u00e9galement la mise \u00e0 disposition d\u2019extincteurs accessibles et fonctionnels.<\/p>\n    <\/section>\n\n    <section>\n        <h2>Les b\u00e9n\u00e9fices de la formation<\/h2>\n        <p>En formant vos employ\u00e9s, vous garantissez :<\/p>\n        <ul>\n            <li>Une r\u00e9action rapide et efficace en cas de d\u00e9part de feu.<\/li>\n            <li>La protection des vies humaines et des biens mat\u00e9riels.<\/li>\n            <li>La r\u00e9duction des risques et des dommages en entreprise.<\/li>\n        <\/ul>\n    <\/section>\n\n    <section>\n        <h2>Dur\u00e9e et modalit\u00e9s de la formation<\/h2>\n        <p>La formation manipulation extincteurs dure g\u00e9n\u00e9ralement **une demi-journ\u00e9e**. Elle peut \u00eatre r\u00e9alis\u00e9e en intra-entreprise pour une meilleure adaptation aux risques sp\u00e9cifiques de votre \u00e9tablissement.<\/p>\n        <a href=\"https:\/\/sfpi-consulting.com\/\" class=\"button\">Consulter nos formations<\/a>\n    <\/section>\n\n    <section>\n        <h2>Inscrivez-vous d\u00e8s maintenant<\/h2>\n        <p>Prot\u00e9gez votre entreprise et vos employ\u00e9s en leur offrant une formation essentielle \u00e0 la pr\u00e9vention des incendies. SFPI Consulting vous accompagne dans votre d\u00e9marche de s\u00e9curit\u00e9.<\/p>\n        <a href=\"https:\/\/sfpi-consulting.com\/\" class=\"button\">Demander un devis<\/a>\n    <\/section>\n\n<\/div>\n\n<\/body>\n<\/html>\n\t\t\t\t<\/div>\n\t\t\t\t<\/div>\n\t\t\t\t\t<\/div>\n\t\t\t\t<\/div>\n\t\t\t\t<\/div>\n\t\t","protected":false},"excerpt":{"rendered":"<p>Formation manipulation extincteurs : apprendre \u00e0 r\u00e9agir en cas d\u2019incendie Formation manipulation extincteurs : apprendre \u00e0 r\u00e9agir en cas d\u2019incendie Pourquoi suivre une formation manipulation extincteurs ? Un d\u00e9part de feu peut se propager en quelques minutes. Savoir utiliser un extincteur de mani\u00e8re efficace est essentiel pour limiter les d\u00e9g\u00e2ts et prot\u00e9ger les personnes pr\u00e9sentes. Qui doit \u00eatre form\u00e9 \u00e0 l&#8217;utilisation des extincteurs ? Tous les salari\u00e9s d\u2019une entreprise doivent \u00eatre sensibilis\u00e9s aux risques incendie. Certains employ\u00e9s, comme les membres du personnel de s\u00e9curit\u00e9 ou les r\u00e9f\u00e9rents incendie, doivent avoir une formation approfondie. Contenu de la formation La formation manipulation extincteurs comprend : Les bases du triangle du feu et les causes des incendies. Les diff\u00e9rents types d\u2019extincteurs et leur utilisation. Les gestes \u00e0 adopter en cas de d\u00e9part de feu. Un exercice pratique d&#8217;extinction sur feu r\u00e9el ou simulateur. Obligation l\u00e9gale et r\u00e9glementation Selon le Code du travail, l\u2019employeur est tenu d\u2019assurer la formation \u00e0 la s\u00e9curit\u00e9 incendie de ses salari\u00e9s. La r\u00e9glementation impose \u00e9galement la mise \u00e0 disposition d\u2019extincteurs accessibles et fonctionnels. Les b\u00e9n\u00e9fices de la formation En formant vos employ\u00e9s, vous garantissez : Une r\u00e9action rapide et efficace en cas de d\u00e9part de feu. La protection des vies humaines et des biens mat\u00e9riels. La r\u00e9duction des risques et des dommages en entreprise. Dur\u00e9e et modalit\u00e9s de la formation La formation manipulation extincteurs dure g\u00e9n\u00e9ralement **une demi-journ\u00e9e**. Elle peut \u00eatre r\u00e9alis\u00e9e en intra-entreprise pour une meilleure adaptation aux risques sp\u00e9cifiques de votre \u00e9tablissement. Consulter nos formations Inscrivez-vous d\u00e8s maintenant Prot\u00e9gez votre entreprise et vos employ\u00e9s en leur offrant une formation essentielle \u00e0 la pr\u00e9vention des incendies. SFPI Consulting vous accompagne dans votre d\u00e9marche de s\u00e9curit\u00e9. Demander un devis<\/p>\n","protected":false},"author":1,"featured_media":0,"parent":0,"menu_order":0,"comment_status":"closed","ping_status":"closed","template":"","meta":{"site-sidebar-layout":"no-sidebar","site-content-layout":"","ast-site-content-layout":"full-width-container","site-content-style":"default","site-sidebar-style":"default","ast-global-header-display":"","ast-banner-title-visibility":"","ast-main-header-display":"","ast-hfb-above-header-display":"","ast-hfb-below-header-display":"","ast-hfb-mobile-header-display":"","site-post-title":"disabled","ast-breadcrumbs-content":"","ast-featured-img":"disabled","footer-sml-layout":"","theme-transparent-header-meta":"","adv-header-id-meta":"","stick-header-meta":"","header-above-stick-meta":"","header-main-stick-meta":"","header-below-stick-meta":"","astra-migrate-meta-layouts":"default","ast-page-background-enabled":"default","ast-page-background-meta":{"desktop":{"background-color":"var(--ast-global-color-5)","background-image":"","background-repeat":"repeat","background-position":"center center","background-size":"auto","background-attachment":"scroll","background-type":"","background-media":"","overlay-type":"","overlay-color":"","overlay-opacity":"","overlay-gradient":""},"tablet":{"background-color":"","background-image":"","background-repeat":"repeat","background-position":"center center","background-size":"auto","background-attachment":"scroll","background-type":"","background-media":"","overlay-type":"","overlay-color":"","overlay-opacity":"","overlay-gradient":""},"mobile":{"background-color":"","background-image":"","background-repeat":"repeat","background-position":"center center","background-size":"auto","background-attachment":"scroll","background-type":"","background-media":"","overlay-type":"","overlay-color":"","overlay-opacity":"","overlay-gradient":""}},"ast-content-background-meta":{"desktop":{"background-color":"var(--ast-global-color-4)","background-image":"","background-repeat":"repeat","background-position":"center center","background-size":"auto","background-attachment":"scroll","background-type":"","background-media":"","overlay-type":"","overlay-color":"","overlay-opacity":"","overlay-gradient":""},"tablet":{"background-color":"var(--ast-global-color-4)","background-image":"","background-repeat":"repeat","background-position":"center center","background-size":"auto","background-attachment":"scroll","background-type":"","background-media":"","overlay-type":"","overlay-color":"","overlay-opacity":"","overlay-gradient":""},"mobile":{"background-color":"var(--ast-global-color-4)","background-image":"","background-repeat":"repeat","background-position":"center center","background-size":"auto","background-attachment":"scroll","background-type":"","background-media":"","overlay-type":"","overlay-color":"","overlay-opacity":"","overlay-gradient":""}},"footnotes":""},"class_list":["post-671","page","type-page","status-publish","hentry"],"yoast_head":"<!-- This site is optimized with the Yoast SEO plugin v25.9 - https:\/\/yoast.com\/wordpress\/plugins\/seo\/ -->\n<title>Formation manipulation extincteurs : apprendre \u00e0 r\u00e9agir en cas d\u2019incendie - SFPI Consulting<\/title>\n<meta name=\"robots\" content=\"index, follow, max-snippet:-1, max-image-preview:large, max-video-preview:-1\" \/>\n<link rel=\"canonical\" href=\"https:\/\/sfpi-consulting.com\/index.php\/formation-manipulation-extincteurs-apprendre-a-reagir-en-cas-dincendie\/\" \/>\n<meta property=\"og:locale\" content=\"en_US\" \/>\n<meta property=\"og:type\" content=\"article\" \/>\n<meta property=\"og:title\" content=\"Formation manipulation extincteurs : apprendre \u00e0 r\u00e9agir en cas d\u2019incendie - SFPI Consulting\" \/>\n<meta property=\"og:description\" content=\"Formation manipulation extincteurs : apprendre \u00e0 r\u00e9agir en cas d\u2019incendie Formation manipulation extincteurs : apprendre \u00e0 r\u00e9agir en cas d\u2019incendie Pourquoi suivre une formation manipulation extincteurs ? Un d\u00e9part de feu peut se propager en quelques minutes. Savoir utiliser un extincteur de mani\u00e8re efficace est essentiel pour limiter les d\u00e9g\u00e2ts et prot\u00e9ger les personnes pr\u00e9sentes. Qui doit \u00eatre form\u00e9 \u00e0 l&#8217;utilisation des extincteurs ? Tous les salari\u00e9s d\u2019une entreprise doivent \u00eatre sensibilis\u00e9s aux risques incendie. Certains employ\u00e9s, comme les membres du personnel de s\u00e9curit\u00e9 ou les r\u00e9f\u00e9rents incendie, doivent avoir une formation approfondie. Contenu de la formation La formation manipulation extincteurs comprend : Les bases du triangle du feu et les causes des incendies. Les diff\u00e9rents types d\u2019extincteurs et leur utilisation. Les gestes \u00e0 adopter en cas de d\u00e9part de feu. Un exercice pratique d&#8217;extinction sur feu r\u00e9el ou simulateur. Obligation l\u00e9gale et r\u00e9glementation Selon le Code du travail, l\u2019employeur est tenu d\u2019assurer la formation \u00e0 la s\u00e9curit\u00e9 incendie de ses salari\u00e9s. La r\u00e9glementation impose \u00e9galement la mise \u00e0 disposition d\u2019extincteurs accessibles et fonctionnels. Les b\u00e9n\u00e9fices de la formation En formant vos employ\u00e9s, vous garantissez : Une r\u00e9action rapide et efficace en cas de d\u00e9part de feu. La protection des vies humaines et des biens mat\u00e9riels. La r\u00e9duction des risques et des dommages en entreprise. Dur\u00e9e et modalit\u00e9s de la formation La formation manipulation extincteurs dure g\u00e9n\u00e9ralement **une demi-journ\u00e9e**. Elle peut \u00eatre r\u00e9alis\u00e9e en intra-entreprise pour une meilleure adaptation aux risques sp\u00e9cifiques de votre \u00e9tablissement. Consulter nos formations Inscrivez-vous d\u00e8s maintenant Prot\u00e9gez votre entreprise et vos employ\u00e9s en leur offrant une formation essentielle \u00e0 la pr\u00e9vention des incendies. SFPI Consulting vous accompagne dans votre d\u00e9marche de s\u00e9curit\u00e9. Demander un devis\" \/>\n<meta property=\"og:url\" content=\"https:\/\/sfpi-consulting.com\/index.php\/formation-manipulation-extincteurs-apprendre-a-reagir-en-cas-dincendie\/\" \/>\n<meta property=\"og:site_name\" content=\"SFPI Consulting\" \/>\n<meta property=\"article:modified_time\" content=\"2025-03-13T09:22:00+00:00\" \/>\n<meta name=\"twitter:card\" content=\"summary_large_image\" \/>\n<meta name=\"twitter:label1\" content=\"Est. reading time\" \/>\n\t<meta name=\"twitter:data1\" content=\"2 minutes\" \/>\n<script type=\"application\/ld+json\" class=\"yoast-schema-graph\">{\"@context\":\"https:\/\/schema.org\",\"@graph\":[{\"@type\":\"WebPage\",\"@id\":\"https:\/\/sfpi-consulting.com\/index.php\/formation-manipulation-extincteurs-apprendre-a-reagir-en-cas-dincendie\/\",\"url\":\"https:\/\/sfpi-consulting.com\/index.php\/formation-manipulation-extincteurs-apprendre-a-reagir-en-cas-dincendie\/\",\"name\":\"Formation manipulation extincteurs : apprendre \u00e0 r\u00e9agir en cas d\u2019incendie - SFPI Consulting\",\"isPartOf\":{\"@id\":\"https:\/\/sfpi-consulting.com\/#website\"},\"datePublished\":\"2025-03-12T15:34:47+00:00\",\"dateModified\":\"2025-03-13T09:22:00+00:00\",\"breadcrumb\":{\"@id\":\"https:\/\/sfpi-consulting.com\/index.php\/formation-manipulation-extincteurs-apprendre-a-reagir-en-cas-dincendie\/#breadcrumb\"},\"inLanguage\":\"en-US\",\"potentialAction\":[{\"@type\":\"ReadAction\",\"target\":[\"https:\/\/sfpi-consulting.com\/index.php\/formation-manipulation-extincteurs-apprendre-a-reagir-en-cas-dincendie\/\"]}]},{\"@type\":\"BreadcrumbList\",\"@id\":\"https:\/\/sfpi-consulting.com\/index.php\/formation-manipulation-extincteurs-apprendre-a-reagir-en-cas-dincendie\/#breadcrumb\",\"itemListElement\":[{\"@type\":\"ListItem\",\"position\":1,\"name\":\"Accueil\",\"item\":\"https:\/\/sfpi-consulting.com\/\"},{\"@type\":\"ListItem\",\"position\":2,\"name\":\"Formation manipulation extincteurs : apprendre \u00e0 r\u00e9agir en cas d\u2019incendie\"}]},{\"@type\":\"WebSite\",\"@id\":\"https:\/\/sfpi-consulting.com\/#website\",\"url\":\"https:\/\/sfpi-consulting.com\/\",\"name\":\"SFPI Consulting\",\"description\":\"\",\"publisher\":{\"@id\":\"https:\/\/sfpi-consulting.com\/#organization\"},\"potentialAction\":[{\"@type\":\"SearchAction\",\"target\":{\"@type\":\"EntryPoint\",\"urlTemplate\":\"https:\/\/sfpi-consulting.com\/?s={search_term_string}\"},\"query-input\":{\"@type\":\"PropertyValueSpecification\",\"valueRequired\":true,\"valueName\":\"search_term_string\"}}],\"inLanguage\":\"en-US\"},{\"@type\":\"Organization\",\"@id\":\"https:\/\/sfpi-consulting.com\/#organization\",\"name\":\"SFPI Consulting\",\"url\":\"https:\/\/sfpi-consulting.com\/\",\"logo\":{\"@type\":\"ImageObject\",\"inLanguage\":\"en-US\",\"@id\":\"https:\/\/sfpi-consulting.com\/#\/schema\/logo\/image\/\",\"url\":\"https:\/\/sfpi-consulting.com\/wp-content\/uploads\/2025\/03\/cropped-SFPIC-scaled.png\",\"contentUrl\":\"https:\/\/sfpi-consulting.com\/wp-content\/uploads\/2025\/03\/cropped-SFPIC-scaled.png\",\"width\":2560,\"height\":2109,\"caption\":\"SFPI Consulting\"},\"image\":{\"@id\":\"https:\/\/sfpi-consulting.com\/#\/schema\/logo\/image\/\"}}]}<\/script>\n<!-- \/ Yoast SEO plugin. -->","yoast_head_json":{"title":"Formation manipulation extincteurs : apprendre \u00e0 r\u00e9agir en cas d\u2019incendie - SFPI Consulting","robots":{"index":"index","follow":"follow","max-snippet":"max-snippet:-1","max-image-preview":"max-image-preview:large","max-video-preview":"max-video-preview:-1"},"canonical":"https:\/\/sfpi-consulting.com\/index.php\/formation-manipulation-extincteurs-apprendre-a-reagir-en-cas-dincendie\/","og_locale":"en_US","og_type":"article","og_title":"Formation manipulation extincteurs : apprendre \u00e0 r\u00e9agir en cas d\u2019incendie - SFPI Consulting","og_description":"Formation manipulation extincteurs : apprendre \u00e0 r\u00e9agir en cas d\u2019incendie Formation manipulation extincteurs : apprendre \u00e0 r\u00e9agir en cas d\u2019incendie Pourquoi suivre une formation manipulation extincteurs ? Un d\u00e9part de feu peut se propager en quelques minutes. Savoir utiliser un extincteur de mani\u00e8re efficace est essentiel pour limiter les d\u00e9g\u00e2ts et prot\u00e9ger les personnes pr\u00e9sentes. Qui doit \u00eatre form\u00e9 \u00e0 l&#8217;utilisation des extincteurs ? Tous les salari\u00e9s d\u2019une entreprise doivent \u00eatre sensibilis\u00e9s aux risques incendie. Certains employ\u00e9s, comme les membres du personnel de s\u00e9curit\u00e9 ou les r\u00e9f\u00e9rents incendie, doivent avoir une formation approfondie. Contenu de la formation La formation manipulation extincteurs comprend : Les bases du triangle du feu et les causes des incendies. Les diff\u00e9rents types d\u2019extincteurs et leur utilisation. Les gestes \u00e0 adopter en cas de d\u00e9part de feu. Un exercice pratique d&#8217;extinction sur feu r\u00e9el ou simulateur. Obligation l\u00e9gale et r\u00e9glementation Selon le Code du travail, l\u2019employeur est tenu d\u2019assurer la formation \u00e0 la s\u00e9curit\u00e9 incendie de ses salari\u00e9s. La r\u00e9glementation impose \u00e9galement la mise \u00e0 disposition d\u2019extincteurs accessibles et fonctionnels. Les b\u00e9n\u00e9fices de la formation En formant vos employ\u00e9s, vous garantissez : Une r\u00e9action rapide et efficace en cas de d\u00e9part de feu. La protection des vies humaines et des biens mat\u00e9riels. La r\u00e9duction des risques et des dommages en entreprise. Dur\u00e9e et modalit\u00e9s de la formation La formation manipulation extincteurs dure g\u00e9n\u00e9ralement **une demi-journ\u00e9e**. Elle peut \u00eatre r\u00e9alis\u00e9e en intra-entreprise pour une meilleure adaptation aux risques sp\u00e9cifiques de votre \u00e9tablissement. Consulter nos formations Inscrivez-vous d\u00e8s maintenant Prot\u00e9gez votre entreprise et vos employ\u00e9s en leur offrant une formation essentielle \u00e0 la pr\u00e9vention des incendies. SFPI Consulting vous accompagne dans votre d\u00e9marche de s\u00e9curit\u00e9. Demander un devis","og_url":"https:\/\/sfpi-consulting.com\/index.php\/formation-manipulation-extincteurs-apprendre-a-reagir-en-cas-dincendie\/","og_site_name":"SFPI Consulting","article_modified_time":"2025-03-13T09:22:00+00:00","twitter_card":"summary_large_image","twitter_misc":{"Est. reading time":"2 minutes"},"schema":{"@context":"https:\/\/schema.org","@graph":[{"@type":"WebPage","@id":"https:\/\/sfpi-consulting.com\/index.php\/formation-manipulation-extincteurs-apprendre-a-reagir-en-cas-dincendie\/","url":"https:\/\/sfpi-consulting.com\/index.php\/formation-manipulation-extincteurs-apprendre-a-reagir-en-cas-dincendie\/","name":"Formation manipulation extincteurs : apprendre \u00e0 r\u00e9agir en cas d\u2019incendie - SFPI Consulting","isPartOf":{"@id":"https:\/\/sfpi-consulting.com\/#website"},"datePublished":"2025-03-12T15:34:47+00:00","dateModified":"2025-03-13T09:22:00+00:00","breadcrumb":{"@id":"https:\/\/sfpi-consulting.com\/index.php\/formation-manipulation-extincteurs-apprendre-a-reagir-en-cas-dincendie\/#breadcrumb"},"inLanguage":"en-US","potentialAction":[{"@type":"ReadAction","target":["https:\/\/sfpi-consulting.com\/index.php\/formation-manipulation-extincteurs-apprendre-a-reagir-en-cas-dincendie\/"]}]},{"@type":"BreadcrumbList","@id":"https:\/\/sfpi-consulting.com\/index.php\/formation-manipulation-extincteurs-apprendre-a-reagir-en-cas-dincendie\/#breadcrumb","itemListElement":[{"@type":"ListItem","position":1,"name":"Accueil","item":"https:\/\/sfpi-consulting.com\/"},{"@type":"ListItem","position":2,"name":"Formation manipulation extincteurs : apprendre \u00e0 r\u00e9agir en cas d\u2019incendie"}]},{"@type":"WebSite","@id":"https:\/\/sfpi-consulting.com\/#website","url":"https:\/\/sfpi-consulting.com\/","name":"SFPI Consulting","description":"","publisher":{"@id":"https:\/\/sfpi-consulting.com\/#organization"},"potentialAction":[{"@type":"SearchAction","target":{"@type":"EntryPoint","urlTemplate":"https:\/\/sfpi-consulting.com\/?s={search_term_string}"},"query-input":{"@type":"PropertyValueSpecification","valueRequired":true,"valueName":"search_term_string"}}],"inLanguage":"en-US"},{"@type":"Organization","@id":"https:\/\/sfpi-consulting.com\/#organization","name":"SFPI Consulting","url":"https:\/\/sfpi-consulting.com\/","logo":{"@type":"ImageObject","inLanguage":"en-US","@id":"https:\/\/sfpi-consulting.com\/#\/schema\/logo\/image\/","url":"https:\/\/sfpi-consulting.com\/wp-content\/uploads\/2025\/03\/cropped-SFPIC-scaled.png","contentUrl":"https:\/\/sfpi-consulting.com\/wp-content\/uploads\/2025\/03\/cropped-SFPIC-scaled.png","width":2560,"height":2109,"caption":"SFPI Consulting"},"image":{"@id":"https:\/\/sfpi-consulting.com\/#\/schema\/logo\/image\/"}}]}},"_links":{"self":[{"href":"https:\/\/sfpi-consulting.com\/index.php\/wp-json\/wp\/v2\/pages\/671","targetHints":{"allow":["GET"]}}],"collection":[{"href":"https:\/\/sfpi-consulting.com\/index.php\/wp-json\/wp\/v2\/pages"}],"about":[{"href":"https:\/\/sfpi-consulting.com\/index.php\/wp-json\/wp\/v2\/types\/page"}],"author":[{"embeddable":true,"href":"https:\/\/sfpi-consulting.com\/index.php\/wp-json\/wp\/v2\/users\/1"}],"replies":[{"embeddable":true,"href":"https:\/\/sfpi-consulting.com\/index.php\/wp-json\/wp\/v2\/comments?post=671"}],"version-history":[{"count":7,"href":"https:\/\/sfpi-consulting.com\/index.php\/wp-json\/wp\/v2\/pages\/671\/revisions"}],"predecessor-version":[{"id":929,"href":"https:\/\/sfpi-consulting.com\/index.php\/wp-json\/wp\/v2\/pages\/671\/revisions\/929"}],"wp:attachment":[{"href":"https:\/\/sfpi-consulting.com\/index.php\/wp-json\/wp\/v2\/media?parent=671"}],"curies":[{"name":"wp","href":"https:\/\/api.w.org\/{rel}","templated":true}]}}