{"id":667,"date":"2025-03-12T16:33:49","date_gmt":"2025-03-12T15:33:49","guid":{"rendered":"https:\/\/sfpi-consulting.com\/?page_id=667"},"modified":"2025-03-13T10:14:22","modified_gmt":"2025-03-13T09:14:22","slug":"formation-securite-electrique-pour-les-entreprises-en-occitanie","status":"publish","type":"page","link":"https:\/\/sfpi-consulting.com\/index.php\/formation-securite-electrique-pour-les-entreprises-en-occitanie\/","title":{"rendered":"Formation s\u00e9curit\u00e9 \u00e9lectrique pour les entreprises en Occitanie"},"content":{"rendered":"\t\t<div data-elementor-type=\"wp-page\" data-elementor-id=\"667\" class=\"elementor elementor-667\">\n\t\t\t\t<div class=\"elementor-element elementor-element-1d39731 e-flex e-con-boxed wpr-particle-no wpr-jarallax-no wpr-parallax-no wpr-sticky-section-no e-con e-parent\" data-id=\"1d39731\" data-element_type=\"container\">\n\t\t\t\t\t<div class=\"e-con-inner\">\n\t\t\t\t<div class=\"elementor-element elementor-element-dd68e5b elementor-widget elementor-widget-html\" data-id=\"dd68e5b\" data-element_type=\"widget\" data-widget_type=\"html.default\">\n\t\t\t\t<div class=\"elementor-widget-container\">\n\t\t\t\t\t<!DOCTYPE html>\n<html lang=\"fr\">\n<head>\n    <meta charset=\"UTF-8\">\n    <meta name=\"viewport\" content=\"width=device-width, initial-scale=1.0\">\n    <meta name=\"description\" content=\"D\u00e9couvrez la formation en s\u00e9curit\u00e9 \u00e9lectrique pour les entreprises en Occitanie. Apprenez \u00e0 pr\u00e9venir les risques et \u00e0 respecter la r\u00e9glementation en vigueur.\">\n    <meta name=\"keywords\" content=\"formation s\u00e9curit\u00e9 \u00e9lectrique, entreprises Occitanie, habilitation \u00e9lectrique, pr\u00e9vention risques \u00e9lectriques, norme NF C 18-510\">\n    <title>Formation s\u00e9curit\u00e9 \u00e9lectrique pour les entreprises en Occitanie<\/title>\n    <link rel=\"stylesheet\" href=\"styles.css\">\n<\/head>\n<body>\n\n<div class=\"container\">\n    <h1>Formation s\u00e9curit\u00e9 \u00e9lectrique pour les entreprises en Occitanie<\/h1>\n\n    <section>\n        <h2>Pourquoi suivre une formation en s\u00e9curit\u00e9 \u00e9lectrique ?<\/h2>\n        <p>Les risques \u00e9lectriques en entreprise peuvent avoir des cons\u00e9quences graves. La **formation en s\u00e9curit\u00e9 \u00e9lectrique** permet aux salari\u00e9s de comprendre les dangers et d'adopter les bonnes pratiques pour pr\u00e9venir les accidents.<\/p>\n    <\/section>\n\n    <section>\n        <h2>Qui est concern\u00e9 par cette formation ?<\/h2>\n        <p>Cette formation est essentielle pour :<\/p>\n        <ul>\n            <li>Les **techniciens et \u00e9lectriciens** intervenant sur des installations \u00e9lectriques.<\/li>\n            <li>Les **travailleurs du BTP et de l\u2019industrie** en contact avec des \u00e9quipements sous tension.<\/li>\n            <li>Les **dirigeants d\u2019entreprise** souhaitant garantir la conformit\u00e9 aux normes de s\u00e9curit\u00e9.<\/li>\n        <\/ul>\n    <\/section>\n\n    <section>\n        <h2>Objectifs de la formation<\/h2>\n        <p>La formation vise \u00e0 :<\/p>\n        <ul>\n            <li>Appliquer les r\u00e8gles de **pr\u00e9vention des risques \u00e9lectriques**.<\/li>\n            <li>Comprendre la **r\u00e9glementation en vigueur** (norme **NF C 18-510**).<\/li>\n            <li>Ma\u00eetriser les **gestes de s\u00e9curit\u00e9** pour travailler \u00e0 proximit\u00e9 des installations \u00e9lectriques.<\/li>\n        <\/ul>\n    <\/section>\n\n    <section>\n        <h2>Contenu de la formation<\/h2>\n        <p>Le programme comprend :<\/p>\n        <ul>\n            <li>Les principes de base de l'\u00e9lectricit\u00e9 et les dangers associ\u00e9s.<\/li>\n            <li>Les **\u00e9quipements de protection individuelle et collective**.<\/li>\n            <li>Les **protocoles d\u2019intervention** en cas d\u2019accident \u00e9lectrique.<\/li>\n        <\/ul>\n        <a href=\"https:\/\/sfpi-consulting.com\/\" class=\"button\">Voir le programme complet<\/a>\n    <\/section>\n\n    <section>\n        <h2>Formation en Occitanie : o\u00f9 et comment ?<\/h2>\n        <p>SFPI Consulting propose des formations dans toute la r\u00e9gion **Occitanie**, notamment \u00e0 **Toulouse, Montpellier, N\u00eemes et Perpignan**. Elles peuvent \u00eatre r\u00e9alis\u00e9es en **pr\u00e9sentiel ou en intra-entreprise** selon vos besoins.<\/p>\n    <\/section>\n\n    <section>\n        <h2>Pourquoi choisir SFPI Consulting ?<\/h2>\n        <p>Nos formateurs sont des experts en **s\u00e9curit\u00e9 \u00e9lectrique** et vous accompagnent pour garantir la conformit\u00e9 de votre entreprise. Nous proposons des formations adapt\u00e9es aux r\u00e9alit\u00e9s du terrain.<\/p>\n        <a href=\"https:\/\/sfpi-consulting.com\/\" class=\"button\">D\u00e9couvrez nos formations<\/a>\n    <\/section>\n\n    <section>\n        <h2>Inscrivez-vous d\u00e8s maintenant<\/h2>\n        <p>Assurez la s\u00e9curit\u00e9 de vos employ\u00e9s en suivant une formation adapt\u00e9e. Contactez-nous pour conna\u00eetre les prochaines sessions et modalit\u00e9s d'inscription.<\/p>\n        <a href=\"https:\/\/sfpi-consulting.com\/\" class=\"button\">S'inscrire \u00e0 la formation<\/a>\n    <\/section>\n\n<\/div>\n\n<\/body>\n<\/html>\n\t\t\t\t<\/div>\n\t\t\t\t<\/div>\n\t\t\t\t\t<\/div>\n\t\t\t\t<\/div>\n\t\t\t\t<\/div>\n\t\t","protected":false},"excerpt":{"rendered":"<p>Formation s\u00e9curit\u00e9 \u00e9lectrique pour les entreprises en Occitanie Formation s\u00e9curit\u00e9 \u00e9lectrique pour les entreprises en Occitanie Pourquoi suivre une formation en s\u00e9curit\u00e9 \u00e9lectrique ? Les risques \u00e9lectriques en entreprise peuvent avoir des cons\u00e9quences graves. La **formation en s\u00e9curit\u00e9 \u00e9lectrique** permet aux salari\u00e9s de comprendre les dangers et d&#8217;adopter les bonnes pratiques pour pr\u00e9venir les accidents. Qui est concern\u00e9 par cette formation ? Cette formation est essentielle pour : Les **techniciens et \u00e9lectriciens** intervenant sur des installations \u00e9lectriques. Les **travailleurs du BTP et de l\u2019industrie** en contact avec des \u00e9quipements sous tension. Les **dirigeants d\u2019entreprise** souhaitant garantir la conformit\u00e9 aux normes de s\u00e9curit\u00e9. Objectifs de la formation La formation vise \u00e0 : Appliquer les r\u00e8gles de **pr\u00e9vention des risques \u00e9lectriques**. Comprendre la **r\u00e9glementation en vigueur** (norme **NF C 18-510**). Ma\u00eetriser les **gestes de s\u00e9curit\u00e9** pour travailler \u00e0 proximit\u00e9 des installations \u00e9lectriques. Contenu de la formation Le programme comprend : Les principes de base de l&#8217;\u00e9lectricit\u00e9 et les dangers associ\u00e9s. Les **\u00e9quipements de protection individuelle et collective**. Les **protocoles d\u2019intervention** en cas d\u2019accident \u00e9lectrique. Voir le programme complet Formation en Occitanie : o\u00f9 et comment ? SFPI Consulting propose des formations dans toute la r\u00e9gion **Occitanie**, notamment \u00e0 **Toulouse, Montpellier, N\u00eemes et Perpignan**. Elles peuvent \u00eatre r\u00e9alis\u00e9es en **pr\u00e9sentiel ou en intra-entreprise** selon vos besoins. Pourquoi choisir SFPI Consulting ? Nos formateurs sont des experts en **s\u00e9curit\u00e9 \u00e9lectrique** et vous accompagnent pour garantir la conformit\u00e9 de votre entreprise. Nous proposons des formations adapt\u00e9es aux r\u00e9alit\u00e9s du terrain. D\u00e9couvrez nos formations Inscrivez-vous d\u00e8s maintenant Assurez la s\u00e9curit\u00e9 de vos employ\u00e9s en suivant une formation adapt\u00e9e. Contactez-nous pour conna\u00eetre les prochaines sessions et modalit\u00e9s d&#8217;inscription. S&#8217;inscrire \u00e0 la formation<\/p>\n","protected":false},"author":1,"featured_media":0,"parent":0,"menu_order":0,"comment_status":"closed","ping_status":"closed","template":"","meta":{"site-sidebar-layout":"no-sidebar","site-content-layout":"","ast-site-content-layout":"full-width-container","site-content-style":"default","site-sidebar-style":"default","ast-global-header-display":"","ast-banner-title-visibility":"","ast-main-header-display":"","ast-hfb-above-header-display":"","ast-hfb-below-header-display":"","ast-hfb-mobile-header-display":"","site-post-title":"disabled","ast-breadcrumbs-content":"","ast-featured-img":"disabled","footer-sml-layout":"","theme-transparent-header-meta":"","adv-header-id-meta":"","stick-header-meta":"","header-above-stick-meta":"","header-main-stick-meta":"","header-below-stick-meta":"","astra-migrate-meta-layouts":"default","ast-page-background-enabled":"default","ast-page-background-meta":{"desktop":{"background-color":"var(--ast-global-color-5)","background-image":"","background-repeat":"repeat","background-position":"center center","background-size":"auto","background-attachment":"scroll","background-type":"","background-media":"","overlay-type":"","overlay-color":"","overlay-opacity":"","overlay-gradient":""},"tablet":{"background-color":"","background-image":"","background-repeat":"repeat","background-position":"center center","background-size":"auto","background-attachment":"scroll","background-type":"","background-media":"","overlay-type":"","overlay-color":"","overlay-opacity":"","overlay-gradient":""},"mobile":{"background-color":"","background-image":"","background-repeat":"repeat","background-position":"center center","background-size":"auto","background-attachment":"scroll","background-type":"","background-media":"","overlay-type":"","overlay-color":"","overlay-opacity":"","overlay-gradient":""}},"ast-content-background-meta":{"desktop":{"background-color":"var(--ast-global-color-4)","background-image":"","background-repeat":"repeat","background-position":"center center","background-size":"auto","background-attachment":"scroll","background-type":"","background-media":"","overlay-type":"","overlay-color":"","overlay-opacity":"","overlay-gradient":""},"tablet":{"background-color":"var(--ast-global-color-4)","background-image":"","background-repeat":"repeat","background-position":"center center","background-size":"auto","background-attachment":"scroll","background-type":"","background-media":"","overlay-type":"","overlay-color":"","overlay-opacity":"","overlay-gradient":""},"mobile":{"background-color":"var(--ast-global-color-4)","background-image":"","background-repeat":"repeat","background-position":"center center","background-size":"auto","background-attachment":"scroll","background-type":"","background-media":"","overlay-type":"","overlay-color":"","overlay-opacity":"","overlay-gradient":""}},"footnotes":""},"class_list":["post-667","page","type-page","status-publish","hentry"],"yoast_head":"<!-- This site is optimized with the Yoast SEO plugin v25.9 - https:\/\/yoast.com\/wordpress\/plugins\/seo\/ -->\n<title>Formation s\u00e9curit\u00e9 \u00e9lectrique pour les entreprises en Occitanie - SFPI Consulting<\/title>\n<meta name=\"robots\" content=\"index, follow, max-snippet:-1, max-image-preview:large, max-video-preview:-1\" \/>\n<link rel=\"canonical\" href=\"https:\/\/sfpi-consulting.com\/index.php\/formation-securite-electrique-pour-les-entreprises-en-occitanie\/\" \/>\n<meta property=\"og:locale\" content=\"en_US\" \/>\n<meta property=\"og:type\" content=\"article\" \/>\n<meta property=\"og:title\" content=\"Formation s\u00e9curit\u00e9 \u00e9lectrique pour les entreprises en Occitanie - SFPI Consulting\" \/>\n<meta property=\"og:description\" content=\"Formation s\u00e9curit\u00e9 \u00e9lectrique pour les entreprises en Occitanie Formation s\u00e9curit\u00e9 \u00e9lectrique pour les entreprises en Occitanie Pourquoi suivre une formation en s\u00e9curit\u00e9 \u00e9lectrique ? Les risques \u00e9lectriques en entreprise peuvent avoir des cons\u00e9quences graves. La **formation en s\u00e9curit\u00e9 \u00e9lectrique** permet aux salari\u00e9s de comprendre les dangers et d&#8217;adopter les bonnes pratiques pour pr\u00e9venir les accidents. Qui est concern\u00e9 par cette formation ? Cette formation est essentielle pour : Les **techniciens et \u00e9lectriciens** intervenant sur des installations \u00e9lectriques. Les **travailleurs du BTP et de l\u2019industrie** en contact avec des \u00e9quipements sous tension. Les **dirigeants d\u2019entreprise** souhaitant garantir la conformit\u00e9 aux normes de s\u00e9curit\u00e9. Objectifs de la formation La formation vise \u00e0 : Appliquer les r\u00e8gles de **pr\u00e9vention des risques \u00e9lectriques**. Comprendre la **r\u00e9glementation en vigueur** (norme **NF C 18-510**). Ma\u00eetriser les **gestes de s\u00e9curit\u00e9** pour travailler \u00e0 proximit\u00e9 des installations \u00e9lectriques. Contenu de la formation Le programme comprend : Les principes de base de l&#8217;\u00e9lectricit\u00e9 et les dangers associ\u00e9s. Les **\u00e9quipements de protection individuelle et collective**. Les **protocoles d\u2019intervention** en cas d\u2019accident \u00e9lectrique. Voir le programme complet Formation en Occitanie : o\u00f9 et comment ? SFPI Consulting propose des formations dans toute la r\u00e9gion **Occitanie**, notamment \u00e0 **Toulouse, Montpellier, N\u00eemes et Perpignan**. Elles peuvent \u00eatre r\u00e9alis\u00e9es en **pr\u00e9sentiel ou en intra-entreprise** selon vos besoins. Pourquoi choisir SFPI Consulting ? Nos formateurs sont des experts en **s\u00e9curit\u00e9 \u00e9lectrique** et vous accompagnent pour garantir la conformit\u00e9 de votre entreprise. Nous proposons des formations adapt\u00e9es aux r\u00e9alit\u00e9s du terrain. D\u00e9couvrez nos formations Inscrivez-vous d\u00e8s maintenant Assurez la s\u00e9curit\u00e9 de vos employ\u00e9s en suivant une formation adapt\u00e9e. Contactez-nous pour conna\u00eetre les prochaines sessions et modalit\u00e9s d&#8217;inscription. S&#8217;inscrire \u00e0 la formation\" \/>\n<meta property=\"og:url\" content=\"https:\/\/sfpi-consulting.com\/index.php\/formation-securite-electrique-pour-les-entreprises-en-occitanie\/\" \/>\n<meta property=\"og:site_name\" content=\"SFPI Consulting\" \/>\n<meta property=\"article:modified_time\" content=\"2025-03-13T09:14:22+00:00\" \/>\n<meta name=\"twitter:card\" content=\"summary_large_image\" \/>\n<meta name=\"twitter:label1\" content=\"Est. reading time\" \/>\n\t<meta name=\"twitter:data1\" content=\"2 minutes\" \/>\n<script type=\"application\/ld+json\" class=\"yoast-schema-graph\">{\"@context\":\"https:\/\/schema.org\",\"@graph\":[{\"@type\":\"WebPage\",\"@id\":\"https:\/\/sfpi-consulting.com\/index.php\/formation-securite-electrique-pour-les-entreprises-en-occitanie\/\",\"url\":\"https:\/\/sfpi-consulting.com\/index.php\/formation-securite-electrique-pour-les-entreprises-en-occitanie\/\",\"name\":\"Formation s\u00e9curit\u00e9 \u00e9lectrique pour les entreprises en Occitanie - SFPI Consulting\",\"isPartOf\":{\"@id\":\"https:\/\/sfpi-consulting.com\/#website\"},\"datePublished\":\"2025-03-12T15:33:49+00:00\",\"dateModified\":\"2025-03-13T09:14:22+00:00\",\"breadcrumb\":{\"@id\":\"https:\/\/sfpi-consulting.com\/index.php\/formation-securite-electrique-pour-les-entreprises-en-occitanie\/#breadcrumb\"},\"inLanguage\":\"en-US\",\"potentialAction\":[{\"@type\":\"ReadAction\",\"target\":[\"https:\/\/sfpi-consulting.com\/index.php\/formation-securite-electrique-pour-les-entreprises-en-occitanie\/\"]}]},{\"@type\":\"BreadcrumbList\",\"@id\":\"https:\/\/sfpi-consulting.com\/index.php\/formation-securite-electrique-pour-les-entreprises-en-occitanie\/#breadcrumb\",\"itemListElement\":[{\"@type\":\"ListItem\",\"position\":1,\"name\":\"Accueil\",\"item\":\"https:\/\/sfpi-consulting.com\/\"},{\"@type\":\"ListItem\",\"position\":2,\"name\":\"Formation s\u00e9curit\u00e9 \u00e9lectrique pour les entreprises en Occitanie\"}]},{\"@type\":\"WebSite\",\"@id\":\"https:\/\/sfpi-consulting.com\/#website\",\"url\":\"https:\/\/sfpi-consulting.com\/\",\"name\":\"SFPI Consulting\",\"description\":\"\",\"publisher\":{\"@id\":\"https:\/\/sfpi-consulting.com\/#organization\"},\"potentialAction\":[{\"@type\":\"SearchAction\",\"target\":{\"@type\":\"EntryPoint\",\"urlTemplate\":\"https:\/\/sfpi-consulting.com\/?s={search_term_string}\"},\"query-input\":{\"@type\":\"PropertyValueSpecification\",\"valueRequired\":true,\"valueName\":\"search_term_string\"}}],\"inLanguage\":\"en-US\"},{\"@type\":\"Organization\",\"@id\":\"https:\/\/sfpi-consulting.com\/#organization\",\"name\":\"SFPI Consulting\",\"url\":\"https:\/\/sfpi-consulting.com\/\",\"logo\":{\"@type\":\"ImageObject\",\"inLanguage\":\"en-US\",\"@id\":\"https:\/\/sfpi-consulting.com\/#\/schema\/logo\/image\/\",\"url\":\"https:\/\/sfpi-consulting.com\/wp-content\/uploads\/2025\/03\/cropped-SFPIC-scaled.png\",\"contentUrl\":\"https:\/\/sfpi-consulting.com\/wp-content\/uploads\/2025\/03\/cropped-SFPIC-scaled.png\",\"width\":2560,\"height\":2109,\"caption\":\"SFPI Consulting\"},\"image\":{\"@id\":\"https:\/\/sfpi-consulting.com\/#\/schema\/logo\/image\/\"}}]}<\/script>\n<!-- \/ Yoast SEO plugin. -->","yoast_head_json":{"title":"Formation s\u00e9curit\u00e9 \u00e9lectrique pour les entreprises en Occitanie - SFPI Consulting","robots":{"index":"index","follow":"follow","max-snippet":"max-snippet:-1","max-image-preview":"max-image-preview:large","max-video-preview":"max-video-preview:-1"},"canonical":"https:\/\/sfpi-consulting.com\/index.php\/formation-securite-electrique-pour-les-entreprises-en-occitanie\/","og_locale":"en_US","og_type":"article","og_title":"Formation s\u00e9curit\u00e9 \u00e9lectrique pour les entreprises en Occitanie - SFPI Consulting","og_description":"Formation s\u00e9curit\u00e9 \u00e9lectrique pour les entreprises en Occitanie Formation s\u00e9curit\u00e9 \u00e9lectrique pour les entreprises en Occitanie Pourquoi suivre une formation en s\u00e9curit\u00e9 \u00e9lectrique ? Les risques \u00e9lectriques en entreprise peuvent avoir des cons\u00e9quences graves. La **formation en s\u00e9curit\u00e9 \u00e9lectrique** permet aux salari\u00e9s de comprendre les dangers et d&#8217;adopter les bonnes pratiques pour pr\u00e9venir les accidents. Qui est concern\u00e9 par cette formation ? Cette formation est essentielle pour : Les **techniciens et \u00e9lectriciens** intervenant sur des installations \u00e9lectriques. Les **travailleurs du BTP et de l\u2019industrie** en contact avec des \u00e9quipements sous tension. Les **dirigeants d\u2019entreprise** souhaitant garantir la conformit\u00e9 aux normes de s\u00e9curit\u00e9. Objectifs de la formation La formation vise \u00e0 : Appliquer les r\u00e8gles de **pr\u00e9vention des risques \u00e9lectriques**. Comprendre la **r\u00e9glementation en vigueur** (norme **NF C 18-510**). Ma\u00eetriser les **gestes de s\u00e9curit\u00e9** pour travailler \u00e0 proximit\u00e9 des installations \u00e9lectriques. Contenu de la formation Le programme comprend : Les principes de base de l&#8217;\u00e9lectricit\u00e9 et les dangers associ\u00e9s. Les **\u00e9quipements de protection individuelle et collective**. Les **protocoles d\u2019intervention** en cas d\u2019accident \u00e9lectrique. Voir le programme complet Formation en Occitanie : o\u00f9 et comment ? SFPI Consulting propose des formations dans toute la r\u00e9gion **Occitanie**, notamment \u00e0 **Toulouse, Montpellier, N\u00eemes et Perpignan**. Elles peuvent \u00eatre r\u00e9alis\u00e9es en **pr\u00e9sentiel ou en intra-entreprise** selon vos besoins. Pourquoi choisir SFPI Consulting ? Nos formateurs sont des experts en **s\u00e9curit\u00e9 \u00e9lectrique** et vous accompagnent pour garantir la conformit\u00e9 de votre entreprise. Nous proposons des formations adapt\u00e9es aux r\u00e9alit\u00e9s du terrain. D\u00e9couvrez nos formations Inscrivez-vous d\u00e8s maintenant Assurez la s\u00e9curit\u00e9 de vos employ\u00e9s en suivant une formation adapt\u00e9e. Contactez-nous pour conna\u00eetre les prochaines sessions et modalit\u00e9s d&#8217;inscription. S&#8217;inscrire \u00e0 la formation","og_url":"https:\/\/sfpi-consulting.com\/index.php\/formation-securite-electrique-pour-les-entreprises-en-occitanie\/","og_site_name":"SFPI Consulting","article_modified_time":"2025-03-13T09:14:22+00:00","twitter_card":"summary_large_image","twitter_misc":{"Est. reading time":"2 minutes"},"schema":{"@context":"https:\/\/schema.org","@graph":[{"@type":"WebPage","@id":"https:\/\/sfpi-consulting.com\/index.php\/formation-securite-electrique-pour-les-entreprises-en-occitanie\/","url":"https:\/\/sfpi-consulting.com\/index.php\/formation-securite-electrique-pour-les-entreprises-en-occitanie\/","name":"Formation s\u00e9curit\u00e9 \u00e9lectrique pour les entreprises en Occitanie - SFPI Consulting","isPartOf":{"@id":"https:\/\/sfpi-consulting.com\/#website"},"datePublished":"2025-03-12T15:33:49+00:00","dateModified":"2025-03-13T09:14:22+00:00","breadcrumb":{"@id":"https:\/\/sfpi-consulting.com\/index.php\/formation-securite-electrique-pour-les-entreprises-en-occitanie\/#breadcrumb"},"inLanguage":"en-US","potentialAction":[{"@type":"ReadAction","target":["https:\/\/sfpi-consulting.com\/index.php\/formation-securite-electrique-pour-les-entreprises-en-occitanie\/"]}]},{"@type":"BreadcrumbList","@id":"https:\/\/sfpi-consulting.com\/index.php\/formation-securite-electrique-pour-les-entreprises-en-occitanie\/#breadcrumb","itemListElement":[{"@type":"ListItem","position":1,"name":"Accueil","item":"https:\/\/sfpi-consulting.com\/"},{"@type":"ListItem","position":2,"name":"Formation s\u00e9curit\u00e9 \u00e9lectrique pour les entreprises en Occitanie"}]},{"@type":"WebSite","@id":"https:\/\/sfpi-consulting.com\/#website","url":"https:\/\/sfpi-consulting.com\/","name":"SFPI Consulting","description":"","publisher":{"@id":"https:\/\/sfpi-consulting.com\/#organization"},"potentialAction":[{"@type":"SearchAction","target":{"@type":"EntryPoint","urlTemplate":"https:\/\/sfpi-consulting.com\/?s={search_term_string}"},"query-input":{"@type":"PropertyValueSpecification","valueRequired":true,"valueName":"search_term_string"}}],"inLanguage":"en-US"},{"@type":"Organization","@id":"https:\/\/sfpi-consulting.com\/#organization","name":"SFPI Consulting","url":"https:\/\/sfpi-consulting.com\/","logo":{"@type":"ImageObject","inLanguage":"en-US","@id":"https:\/\/sfpi-consulting.com\/#\/schema\/logo\/image\/","url":"https:\/\/sfpi-consulting.com\/wp-content\/uploads\/2025\/03\/cropped-SFPIC-scaled.png","contentUrl":"https:\/\/sfpi-consulting.com\/wp-content\/uploads\/2025\/03\/cropped-SFPIC-scaled.png","width":2560,"height":2109,"caption":"SFPI Consulting"},"image":{"@id":"https:\/\/sfpi-consulting.com\/#\/schema\/logo\/image\/"}}]}},"_links":{"self":[{"href":"https:\/\/sfpi-consulting.com\/index.php\/wp-json\/wp\/v2\/pages\/667","targetHints":{"allow":["GET"]}}],"collection":[{"href":"https:\/\/sfpi-consulting.com\/index.php\/wp-json\/wp\/v2\/pages"}],"about":[{"href":"https:\/\/sfpi-consulting.com\/index.php\/wp-json\/wp\/v2\/types\/page"}],"author":[{"embeddable":true,"href":"https:\/\/sfpi-consulting.com\/index.php\/wp-json\/wp\/v2\/users\/1"}],"replies":[{"embeddable":true,"href":"https:\/\/sfpi-consulting.com\/index.php\/wp-json\/wp\/v2\/comments?post=667"}],"version-history":[{"count":7,"href":"https:\/\/sfpi-consulting.com\/index.php\/wp-json\/wp\/v2\/pages\/667\/revisions"}],"predecessor-version":[{"id":923,"href":"https:\/\/sfpi-consulting.com\/index.php\/wp-json\/wp\/v2\/pages\/667\/revisions\/923"}],"wp:attachment":[{"href":"https:\/\/sfpi-consulting.com\/index.php\/wp-json\/wp\/v2\/media?parent=667"}],"curies":[{"name":"wp","href":"https:\/\/api.w.org\/{rel}","templated":true}]}}