{"id":661,"date":"2025-03-12T16:32:20","date_gmt":"2025-03-12T15:32:20","guid":{"rendered":"https:\/\/sfpi-consulting.com\/?page_id=661"},"modified":"2025-03-13T09:53:18","modified_gmt":"2025-03-13T08:53:18","slug":"formation-habilitation-electrique-h0b0-bs-be-securite-au-travail","status":"publish","type":"page","link":"https:\/\/sfpi-consulting.com\/index.php\/formation-habilitation-electrique-h0b0-bs-be-securite-au-travail\/","title":{"rendered":"Formation habilitation \u00e9lectrique H0B0, BS, BE : s\u00e9curit\u00e9 au travail"},"content":{"rendered":"\t\t<div data-elementor-type=\"wp-page\" data-elementor-id=\"661\" class=\"elementor elementor-661\">\n\t\t\t\t<div class=\"elementor-element elementor-element-a306409 e-flex e-con-boxed wpr-particle-no wpr-jarallax-no wpr-parallax-no wpr-sticky-section-no e-con e-parent\" data-id=\"a306409\" data-element_type=\"container\">\n\t\t\t\t\t<div class=\"e-con-inner\">\n\t\t\t\t<div class=\"elementor-element elementor-element-c865146 elementor-widget elementor-widget-html\" data-id=\"c865146\" data-element_type=\"widget\" data-widget_type=\"html.default\">\n\t\t\t\t<div class=\"elementor-widget-container\">\n\t\t\t\t\t<!DOCTYPE html>\n<html lang=\"fr\">\n<head>\n    <meta charset=\"UTF-8\">\n    <meta name=\"viewport\" content=\"width=device-width, initial-scale=1.0\">\n    <meta name=\"description\" content=\"D\u00e9couvrez la formation habilitation \u00e9lectrique H0B0, BS, BE pour garantir la s\u00e9curit\u00e9 des travailleurs face aux risques \u00e9lectriques. Formation conforme \u00e0 la norme NF C 18-510.\">\n    <meta name=\"keywords\" content=\"habilitation \u00e9lectrique, formation H0B0, formation BS, formation BE, s\u00e9curit\u00e9 \u00e9lectrique, pr\u00e9vention des risques, norme NF C 18-510\">\n    <title>Formation habilitation \u00e9lectrique H0B0, BS, BE : s\u00e9curit\u00e9 au travail<\/title>\n    <link rel=\"stylesheet\" href=\"styles.css\">\n<\/head>\n<body>\n\n<div class=\"container\">\n    <h1>Formation habilitation \u00e9lectrique H0B0, BS, BE : s\u00e9curit\u00e9 au travail<\/h1>\n\n    <section>\n        <h2>Pourquoi suivre une formation en habilitation \u00e9lectrique ?<\/h2>\n        <p>Les risques li\u00e9s \u00e0 l'\u00e9lectricit\u00e9 sont une cause majeure d\u2019accidents en milieu professionnel. La **formation habilitation \u00e9lectrique** permet aux travailleurs d'acqu\u00e9rir les comp\u00e9tences n\u00e9cessaires pour travailler en toute s\u00e9curit\u00e9 sur ou \u00e0 proximit\u00e9 d\u2019installations \u00e9lectriques.<\/p>\n    <\/section>\n\n    <section>\n        <h2>Les niveaux d\u2019habilitation : H0B0, BS, BE<\/h2>\n        <p>Selon l\u2019activit\u00e9 du salari\u00e9, diff\u00e9rents niveaux d\u2019habilitation sont requis :<\/p>\n        <ul>\n            <li><strong>H0B0<\/strong> : Personnel non \u00e9lectricien intervenant \u00e0 proximit\u00e9 d\u2019installations \u00e9lectriques.<\/li>\n            <li><strong>BS<\/strong> : Ex\u00e9cutant de petits travaux \u00e9lectriques (remplacement de fusibles, prises, lampes).<\/li>\n            <li><strong>BE<\/strong> : Encadrant ou charg\u00e9 de travaux \u00e9lectriques.<\/li>\n        <\/ul>\n        <a href=\"https:\/\/sfpi-consulting.com\/\" class=\"button\">En savoir plus sur nos formations<\/a>\n    <\/section>\n\n    <section>\n        <h2>Objectifs de la formation habilitation \u00e9lectrique<\/h2>\n        <p>Cette formation vise \u00e0 :<\/p>\n        <ul>\n            <li>Identifier les risques li\u00e9s aux installations \u00e9lectriques.<\/li>\n            <li>Appliquer les r\u00e8gles de s\u00e9curit\u00e9 d\u00e9finies par la norme **NF C 18-510**.<\/li>\n            <li>Ma\u00eetriser les \u00e9quipements de protection individuelle et collective.<\/li>\n        <\/ul>\n    <\/section>\n\n    <section>\n        <h2>\u00c0 qui s\u2019adresse cette formation ?<\/h2>\n        <p>La **formation habilitation \u00e9lectrique H0B0, BS, BE** s'adresse aux professionnels du BTP, de l\u2019industrie et aux travailleurs amen\u00e9s \u00e0 manipuler ou \u00e0 intervenir \u00e0 proximit\u00e9 d\u2019installations \u00e9lectriques.<\/p>\n    <\/section>\n\n    <section>\n        <h2>D\u00e9roulement de la formation<\/h2>\n        <p>La formation alterne th\u00e9orie et mises en situation pratiques, et inclut :<\/p>\n        <ul>\n            <li>Pr\u00e9sentation des dangers \u00e9lectriques et des protections.<\/li>\n            <li>\u00c9tude des **zones d\u2019interventions autoris\u00e9es**.<\/li>\n            <li>Simulation d\u2019interventions sous tension et hors tension.<\/li>\n        <\/ul>\n    <\/section>\n\n    <section>\n        <h2>Certification et validit\u00e9<\/h2>\n        <p>\u00c0 l\u2019issue de la formation, une habilitation \u00e9lectrique est d\u00e9livr\u00e9e, conforme \u00e0 la r\u00e9glementation en vigueur. Cette certification doit \u00eatre renouvel\u00e9e tous les **3 ans** pour garantir la s\u00e9curit\u00e9 des travailleurs.<\/p>\n        <a href=\"https:\/\/sfpi-consulting.com\/\" class=\"button\">Inscrivez-vous \u00e0 la formation<\/a>\n    <\/section>\n\n    <section>\n        <h2>Inscription et renseignements<\/h2>\n        <p>SFPI Consulting propose des sessions adapt\u00e9es aux besoins des entreprises. Contactez-nous pour obtenir un programme d\u00e9taill\u00e9 et planifier votre formation en **habilitation \u00e9lectrique**.<\/p>\n        <a href=\"https:\/\/sfpi-consulting.com\/\" class=\"button\">Contactez-nous<\/a>\n    <\/section>\n\n<\/div>\n\n<\/body>\n<\/html>\n\t\t\t\t<\/div>\n\t\t\t\t<\/div>\n\t\t\t\t\t<\/div>\n\t\t\t\t<\/div>\n\t\t\t\t<\/div>\n\t\t","protected":false},"excerpt":{"rendered":"<p>Formation habilitation \u00e9lectrique H0B0, BS, BE : s\u00e9curit\u00e9 au travail Formation habilitation \u00e9lectrique H0B0, BS, BE : s\u00e9curit\u00e9 au travail Pourquoi suivre une formation en habilitation \u00e9lectrique ? Les risques li\u00e9s \u00e0 l&#8217;\u00e9lectricit\u00e9 sont une cause majeure d\u2019accidents en milieu professionnel. La **formation habilitation \u00e9lectrique** permet aux travailleurs d&#8217;acqu\u00e9rir les comp\u00e9tences n\u00e9cessaires pour travailler en toute s\u00e9curit\u00e9 sur ou \u00e0 proximit\u00e9 d\u2019installations \u00e9lectriques. Les niveaux d\u2019habilitation : H0B0, BS, BE Selon l\u2019activit\u00e9 du salari\u00e9, diff\u00e9rents niveaux d\u2019habilitation sont requis : H0B0 : Personnel non \u00e9lectricien intervenant \u00e0 proximit\u00e9 d\u2019installations \u00e9lectriques. BS : Ex\u00e9cutant de petits travaux \u00e9lectriques (remplacement de fusibles, prises, lampes). BE : Encadrant ou charg\u00e9 de travaux \u00e9lectriques. En savoir plus sur nos formations Objectifs de la formation habilitation \u00e9lectrique Cette formation vise \u00e0 : Identifier les risques li\u00e9s aux installations \u00e9lectriques. Appliquer les r\u00e8gles de s\u00e9curit\u00e9 d\u00e9finies par la norme **NF C 18-510**. Ma\u00eetriser les \u00e9quipements de protection individuelle et collective. \u00c0 qui s\u2019adresse cette formation ? La **formation habilitation \u00e9lectrique H0B0, BS, BE** s&#8217;adresse aux professionnels du BTP, de l\u2019industrie et aux travailleurs amen\u00e9s \u00e0 manipuler ou \u00e0 intervenir \u00e0 proximit\u00e9 d\u2019installations \u00e9lectriques. D\u00e9roulement de la formation La formation alterne th\u00e9orie et mises en situation pratiques, et inclut : Pr\u00e9sentation des dangers \u00e9lectriques et des protections. \u00c9tude des **zones d\u2019interventions autoris\u00e9es**. Simulation d\u2019interventions sous tension et hors tension. Certification et validit\u00e9 \u00c0 l\u2019issue de la formation, une habilitation \u00e9lectrique est d\u00e9livr\u00e9e, conforme \u00e0 la r\u00e9glementation en vigueur. Cette certification doit \u00eatre renouvel\u00e9e tous les **3 ans** pour garantir la s\u00e9curit\u00e9 des travailleurs. Inscrivez-vous \u00e0 la formation Inscription et renseignements SFPI Consulting propose des sessions adapt\u00e9es aux besoins des entreprises. Contactez-nous pour obtenir un programme d\u00e9taill\u00e9 et planifier votre formation en **habilitation \u00e9lectrique**. Contactez-nous<\/p>\n","protected":false},"author":1,"featured_media":0,"parent":0,"menu_order":0,"comment_status":"closed","ping_status":"closed","template":"","meta":{"site-sidebar-layout":"no-sidebar","site-content-layout":"","ast-site-content-layout":"full-width-container","site-content-style":"default","site-sidebar-style":"default","ast-global-header-display":"","ast-banner-title-visibility":"","ast-main-header-display":"","ast-hfb-above-header-display":"","ast-hfb-below-header-display":"","ast-hfb-mobile-header-display":"","site-post-title":"disabled","ast-breadcrumbs-content":"","ast-featured-img":"disabled","footer-sml-layout":"","theme-transparent-header-meta":"","adv-header-id-meta":"","stick-header-meta":"","header-above-stick-meta":"","header-main-stick-meta":"","header-below-stick-meta":"","astra-migrate-meta-layouts":"default","ast-page-background-enabled":"default","ast-page-background-meta":{"desktop":{"background-color":"var(--ast-global-color-5)","background-image":"","background-repeat":"repeat","background-position":"center center","background-size":"auto","background-attachment":"scroll","background-type":"","background-media":"","overlay-type":"","overlay-color":"","overlay-opacity":"","overlay-gradient":""},"tablet":{"background-color":"","background-image":"","background-repeat":"repeat","background-position":"center center","background-size":"auto","background-attachment":"scroll","background-type":"","background-media":"","overlay-type":"","overlay-color":"","overlay-opacity":"","overlay-gradient":""},"mobile":{"background-color":"","background-image":"","background-repeat":"repeat","background-position":"center center","background-size":"auto","background-attachment":"scroll","background-type":"","background-media":"","overlay-type":"","overlay-color":"","overlay-opacity":"","overlay-gradient":""}},"ast-content-background-meta":{"desktop":{"background-color":"var(--ast-global-color-4)","background-image":"","background-repeat":"repeat","background-position":"center center","background-size":"auto","background-attachment":"scroll","background-type":"","background-media":"","overlay-type":"","overlay-color":"","overlay-opacity":"","overlay-gradient":""},"tablet":{"background-color":"var(--ast-global-color-4)","background-image":"","background-repeat":"repeat","background-position":"center center","background-size":"auto","background-attachment":"scroll","background-type":"","background-media":"","overlay-type":"","overlay-color":"","overlay-opacity":"","overlay-gradient":""},"mobile":{"background-color":"var(--ast-global-color-4)","background-image":"","background-repeat":"repeat","background-position":"center center","background-size":"auto","background-attachment":"scroll","background-type":"","background-media":"","overlay-type":"","overlay-color":"","overlay-opacity":"","overlay-gradient":""}},"footnotes":""},"class_list":["post-661","page","type-page","status-publish","hentry"],"yoast_head":"<!-- This site is optimized with the Yoast SEO plugin v25.9 - https:\/\/yoast.com\/wordpress\/plugins\/seo\/ -->\n<title>Formation habilitation \u00e9lectrique H0B0, BS, BE : s\u00e9curit\u00e9 au travail - SFPI Consulting<\/title>\n<meta name=\"robots\" content=\"index, follow, max-snippet:-1, max-image-preview:large, max-video-preview:-1\" \/>\n<link rel=\"canonical\" href=\"https:\/\/sfpi-consulting.com\/index.php\/formation-habilitation-electrique-h0b0-bs-be-securite-au-travail\/\" \/>\n<meta property=\"og:locale\" content=\"en_US\" \/>\n<meta property=\"og:type\" content=\"article\" \/>\n<meta property=\"og:title\" content=\"Formation habilitation \u00e9lectrique H0B0, BS, BE : s\u00e9curit\u00e9 au travail - SFPI Consulting\" \/>\n<meta property=\"og:description\" content=\"Formation habilitation \u00e9lectrique H0B0, BS, BE : s\u00e9curit\u00e9 au travail Formation habilitation \u00e9lectrique H0B0, BS, BE : s\u00e9curit\u00e9 au travail Pourquoi suivre une formation en habilitation \u00e9lectrique ? Les risques li\u00e9s \u00e0 l&#8217;\u00e9lectricit\u00e9 sont une cause majeure d\u2019accidents en milieu professionnel. La **formation habilitation \u00e9lectrique** permet aux travailleurs d&#8217;acqu\u00e9rir les comp\u00e9tences n\u00e9cessaires pour travailler en toute s\u00e9curit\u00e9 sur ou \u00e0 proximit\u00e9 d\u2019installations \u00e9lectriques. Les niveaux d\u2019habilitation : H0B0, BS, BE Selon l\u2019activit\u00e9 du salari\u00e9, diff\u00e9rents niveaux d\u2019habilitation sont requis : H0B0 : Personnel non \u00e9lectricien intervenant \u00e0 proximit\u00e9 d\u2019installations \u00e9lectriques. BS : Ex\u00e9cutant de petits travaux \u00e9lectriques (remplacement de fusibles, prises, lampes). BE : Encadrant ou charg\u00e9 de travaux \u00e9lectriques. En savoir plus sur nos formations Objectifs de la formation habilitation \u00e9lectrique Cette formation vise \u00e0 : Identifier les risques li\u00e9s aux installations \u00e9lectriques. Appliquer les r\u00e8gles de s\u00e9curit\u00e9 d\u00e9finies par la norme **NF C 18-510**. Ma\u00eetriser les \u00e9quipements de protection individuelle et collective. \u00c0 qui s\u2019adresse cette formation ? La **formation habilitation \u00e9lectrique H0B0, BS, BE** s&#8217;adresse aux professionnels du BTP, de l\u2019industrie et aux travailleurs amen\u00e9s \u00e0 manipuler ou \u00e0 intervenir \u00e0 proximit\u00e9 d\u2019installations \u00e9lectriques. D\u00e9roulement de la formation La formation alterne th\u00e9orie et mises en situation pratiques, et inclut : Pr\u00e9sentation des dangers \u00e9lectriques et des protections. \u00c9tude des **zones d\u2019interventions autoris\u00e9es**. Simulation d\u2019interventions sous tension et hors tension. Certification et validit\u00e9 \u00c0 l\u2019issue de la formation, une habilitation \u00e9lectrique est d\u00e9livr\u00e9e, conforme \u00e0 la r\u00e9glementation en vigueur. Cette certification doit \u00eatre renouvel\u00e9e tous les **3 ans** pour garantir la s\u00e9curit\u00e9 des travailleurs. Inscrivez-vous \u00e0 la formation Inscription et renseignements SFPI Consulting propose des sessions adapt\u00e9es aux besoins des entreprises. Contactez-nous pour obtenir un programme d\u00e9taill\u00e9 et planifier votre formation en **habilitation \u00e9lectrique**. Contactez-nous\" \/>\n<meta property=\"og:url\" content=\"https:\/\/sfpi-consulting.com\/index.php\/formation-habilitation-electrique-h0b0-bs-be-securite-au-travail\/\" \/>\n<meta property=\"og:site_name\" content=\"SFPI Consulting\" \/>\n<meta property=\"article:modified_time\" content=\"2025-03-13T08:53:18+00:00\" \/>\n<meta name=\"twitter:card\" content=\"summary_large_image\" \/>\n<meta name=\"twitter:label1\" content=\"Est. reading time\" \/>\n\t<meta name=\"twitter:data1\" content=\"2 minutes\" \/>\n<script type=\"application\/ld+json\" class=\"yoast-schema-graph\">{\"@context\":\"https:\/\/schema.org\",\"@graph\":[{\"@type\":\"WebPage\",\"@id\":\"https:\/\/sfpi-consulting.com\/index.php\/formation-habilitation-electrique-h0b0-bs-be-securite-au-travail\/\",\"url\":\"https:\/\/sfpi-consulting.com\/index.php\/formation-habilitation-electrique-h0b0-bs-be-securite-au-travail\/\",\"name\":\"Formation habilitation \u00e9lectrique H0B0, BS, BE : s\u00e9curit\u00e9 au travail - SFPI Consulting\",\"isPartOf\":{\"@id\":\"https:\/\/sfpi-consulting.com\/#website\"},\"datePublished\":\"2025-03-12T15:32:20+00:00\",\"dateModified\":\"2025-03-13T08:53:18+00:00\",\"breadcrumb\":{\"@id\":\"https:\/\/sfpi-consulting.com\/index.php\/formation-habilitation-electrique-h0b0-bs-be-securite-au-travail\/#breadcrumb\"},\"inLanguage\":\"en-US\",\"potentialAction\":[{\"@type\":\"ReadAction\",\"target\":[\"https:\/\/sfpi-consulting.com\/index.php\/formation-habilitation-electrique-h0b0-bs-be-securite-au-travail\/\"]}]},{\"@type\":\"BreadcrumbList\",\"@id\":\"https:\/\/sfpi-consulting.com\/index.php\/formation-habilitation-electrique-h0b0-bs-be-securite-au-travail\/#breadcrumb\",\"itemListElement\":[{\"@type\":\"ListItem\",\"position\":1,\"name\":\"Accueil\",\"item\":\"https:\/\/sfpi-consulting.com\/\"},{\"@type\":\"ListItem\",\"position\":2,\"name\":\"Formation habilitation \u00e9lectrique H0B0, BS, BE : s\u00e9curit\u00e9 au travail\"}]},{\"@type\":\"WebSite\",\"@id\":\"https:\/\/sfpi-consulting.com\/#website\",\"url\":\"https:\/\/sfpi-consulting.com\/\",\"name\":\"SFPI Consulting\",\"description\":\"\",\"publisher\":{\"@id\":\"https:\/\/sfpi-consulting.com\/#organization\"},\"potentialAction\":[{\"@type\":\"SearchAction\",\"target\":{\"@type\":\"EntryPoint\",\"urlTemplate\":\"https:\/\/sfpi-consulting.com\/?s={search_term_string}\"},\"query-input\":{\"@type\":\"PropertyValueSpecification\",\"valueRequired\":true,\"valueName\":\"search_term_string\"}}],\"inLanguage\":\"en-US\"},{\"@type\":\"Organization\",\"@id\":\"https:\/\/sfpi-consulting.com\/#organization\",\"name\":\"SFPI Consulting\",\"url\":\"https:\/\/sfpi-consulting.com\/\",\"logo\":{\"@type\":\"ImageObject\",\"inLanguage\":\"en-US\",\"@id\":\"https:\/\/sfpi-consulting.com\/#\/schema\/logo\/image\/\",\"url\":\"https:\/\/sfpi-consulting.com\/wp-content\/uploads\/2025\/03\/cropped-SFPIC-scaled.png\",\"contentUrl\":\"https:\/\/sfpi-consulting.com\/wp-content\/uploads\/2025\/03\/cropped-SFPIC-scaled.png\",\"width\":2560,\"height\":2109,\"caption\":\"SFPI Consulting\"},\"image\":{\"@id\":\"https:\/\/sfpi-consulting.com\/#\/schema\/logo\/image\/\"}}]}<\/script>\n<!-- \/ Yoast SEO plugin. -->","yoast_head_json":{"title":"Formation habilitation \u00e9lectrique H0B0, BS, BE : s\u00e9curit\u00e9 au travail - SFPI Consulting","robots":{"index":"index","follow":"follow","max-snippet":"max-snippet:-1","max-image-preview":"max-image-preview:large","max-video-preview":"max-video-preview:-1"},"canonical":"https:\/\/sfpi-consulting.com\/index.php\/formation-habilitation-electrique-h0b0-bs-be-securite-au-travail\/","og_locale":"en_US","og_type":"article","og_title":"Formation habilitation \u00e9lectrique H0B0, BS, BE : s\u00e9curit\u00e9 au travail - SFPI Consulting","og_description":"Formation habilitation \u00e9lectrique H0B0, BS, BE : s\u00e9curit\u00e9 au travail Formation habilitation \u00e9lectrique H0B0, BS, BE : s\u00e9curit\u00e9 au travail Pourquoi suivre une formation en habilitation \u00e9lectrique ? Les risques li\u00e9s \u00e0 l&#8217;\u00e9lectricit\u00e9 sont une cause majeure d\u2019accidents en milieu professionnel. La **formation habilitation \u00e9lectrique** permet aux travailleurs d&#8217;acqu\u00e9rir les comp\u00e9tences n\u00e9cessaires pour travailler en toute s\u00e9curit\u00e9 sur ou \u00e0 proximit\u00e9 d\u2019installations \u00e9lectriques. Les niveaux d\u2019habilitation : H0B0, BS, BE Selon l\u2019activit\u00e9 du salari\u00e9, diff\u00e9rents niveaux d\u2019habilitation sont requis : H0B0 : Personnel non \u00e9lectricien intervenant \u00e0 proximit\u00e9 d\u2019installations \u00e9lectriques. BS : Ex\u00e9cutant de petits travaux \u00e9lectriques (remplacement de fusibles, prises, lampes). BE : Encadrant ou charg\u00e9 de travaux \u00e9lectriques. En savoir plus sur nos formations Objectifs de la formation habilitation \u00e9lectrique Cette formation vise \u00e0 : Identifier les risques li\u00e9s aux installations \u00e9lectriques. Appliquer les r\u00e8gles de s\u00e9curit\u00e9 d\u00e9finies par la norme **NF C 18-510**. Ma\u00eetriser les \u00e9quipements de protection individuelle et collective. \u00c0 qui s\u2019adresse cette formation ? La **formation habilitation \u00e9lectrique H0B0, BS, BE** s&#8217;adresse aux professionnels du BTP, de l\u2019industrie et aux travailleurs amen\u00e9s \u00e0 manipuler ou \u00e0 intervenir \u00e0 proximit\u00e9 d\u2019installations \u00e9lectriques. D\u00e9roulement de la formation La formation alterne th\u00e9orie et mises en situation pratiques, et inclut : Pr\u00e9sentation des dangers \u00e9lectriques et des protections. \u00c9tude des **zones d\u2019interventions autoris\u00e9es**. Simulation d\u2019interventions sous tension et hors tension. Certification et validit\u00e9 \u00c0 l\u2019issue de la formation, une habilitation \u00e9lectrique est d\u00e9livr\u00e9e, conforme \u00e0 la r\u00e9glementation en vigueur. Cette certification doit \u00eatre renouvel\u00e9e tous les **3 ans** pour garantir la s\u00e9curit\u00e9 des travailleurs. Inscrivez-vous \u00e0 la formation Inscription et renseignements SFPI Consulting propose des sessions adapt\u00e9es aux besoins des entreprises. Contactez-nous pour obtenir un programme d\u00e9taill\u00e9 et planifier votre formation en **habilitation \u00e9lectrique**. Contactez-nous","og_url":"https:\/\/sfpi-consulting.com\/index.php\/formation-habilitation-electrique-h0b0-bs-be-securite-au-travail\/","og_site_name":"SFPI Consulting","article_modified_time":"2025-03-13T08:53:18+00:00","twitter_card":"summary_large_image","twitter_misc":{"Est. reading time":"2 minutes"},"schema":{"@context":"https:\/\/schema.org","@graph":[{"@type":"WebPage","@id":"https:\/\/sfpi-consulting.com\/index.php\/formation-habilitation-electrique-h0b0-bs-be-securite-au-travail\/","url":"https:\/\/sfpi-consulting.com\/index.php\/formation-habilitation-electrique-h0b0-bs-be-securite-au-travail\/","name":"Formation habilitation \u00e9lectrique H0B0, BS, BE : s\u00e9curit\u00e9 au travail - SFPI Consulting","isPartOf":{"@id":"https:\/\/sfpi-consulting.com\/#website"},"datePublished":"2025-03-12T15:32:20+00:00","dateModified":"2025-03-13T08:53:18+00:00","breadcrumb":{"@id":"https:\/\/sfpi-consulting.com\/index.php\/formation-habilitation-electrique-h0b0-bs-be-securite-au-travail\/#breadcrumb"},"inLanguage":"en-US","potentialAction":[{"@type":"ReadAction","target":["https:\/\/sfpi-consulting.com\/index.php\/formation-habilitation-electrique-h0b0-bs-be-securite-au-travail\/"]}]},{"@type":"BreadcrumbList","@id":"https:\/\/sfpi-consulting.com\/index.php\/formation-habilitation-electrique-h0b0-bs-be-securite-au-travail\/#breadcrumb","itemListElement":[{"@type":"ListItem","position":1,"name":"Accueil","item":"https:\/\/sfpi-consulting.com\/"},{"@type":"ListItem","position":2,"name":"Formation habilitation \u00e9lectrique H0B0, BS, BE : s\u00e9curit\u00e9 au travail"}]},{"@type":"WebSite","@id":"https:\/\/sfpi-consulting.com\/#website","url":"https:\/\/sfpi-consulting.com\/","name":"SFPI Consulting","description":"","publisher":{"@id":"https:\/\/sfpi-consulting.com\/#organization"},"potentialAction":[{"@type":"SearchAction","target":{"@type":"EntryPoint","urlTemplate":"https:\/\/sfpi-consulting.com\/?s={search_term_string}"},"query-input":{"@type":"PropertyValueSpecification","valueRequired":true,"valueName":"search_term_string"}}],"inLanguage":"en-US"},{"@type":"Organization","@id":"https:\/\/sfpi-consulting.com\/#organization","name":"SFPI Consulting","url":"https:\/\/sfpi-consulting.com\/","logo":{"@type":"ImageObject","inLanguage":"en-US","@id":"https:\/\/sfpi-consulting.com\/#\/schema\/logo\/image\/","url":"https:\/\/sfpi-consulting.com\/wp-content\/uploads\/2025\/03\/cropped-SFPIC-scaled.png","contentUrl":"https:\/\/sfpi-consulting.com\/wp-content\/uploads\/2025\/03\/cropped-SFPIC-scaled.png","width":2560,"height":2109,"caption":"SFPI Consulting"},"image":{"@id":"https:\/\/sfpi-consulting.com\/#\/schema\/logo\/image\/"}}]}},"_links":{"self":[{"href":"https:\/\/sfpi-consulting.com\/index.php\/wp-json\/wp\/v2\/pages\/661","targetHints":{"allow":["GET"]}}],"collection":[{"href":"https:\/\/sfpi-consulting.com\/index.php\/wp-json\/wp\/v2\/pages"}],"about":[{"href":"https:\/\/sfpi-consulting.com\/index.php\/wp-json\/wp\/v2\/types\/page"}],"author":[{"embeddable":true,"href":"https:\/\/sfpi-consulting.com\/index.php\/wp-json\/wp\/v2\/users\/1"}],"replies":[{"embeddable":true,"href":"https:\/\/sfpi-consulting.com\/index.php\/wp-json\/wp\/v2\/comments?post=661"}],"version-history":[{"count":7,"href":"https:\/\/sfpi-consulting.com\/index.php\/wp-json\/wp\/v2\/pages\/661\/revisions"}],"predecessor-version":[{"id":914,"href":"https:\/\/sfpi-consulting.com\/index.php\/wp-json\/wp\/v2\/pages\/661\/revisions\/914"}],"wp:attachment":[{"href":"https:\/\/sfpi-consulting.com\/index.php\/wp-json\/wp\/v2\/media?parent=661"}],"curies":[{"name":"wp","href":"https:\/\/api.w.org\/{rel}","templated":true}]}}