{"id":659,"date":"2025-03-12T16:31:54","date_gmt":"2025-03-12T15:31:54","guid":{"rendered":"https:\/\/sfpi-consulting.com\/?page_id=659"},"modified":"2025-03-13T09:52:03","modified_gmt":"2025-03-13T08:52:03","slug":"comment-devenir-secouriste-en-entreprise-ou-en-milieu-professionnel","status":"publish","type":"page","link":"https:\/\/sfpi-consulting.com\/index.php\/comment-devenir-secouriste-en-entreprise-ou-en-milieu-professionnel\/","title":{"rendered":"Comment devenir secouriste en entreprise ou en milieu professionnel ?"},"content":{"rendered":"\t\t<div data-elementor-type=\"wp-page\" data-elementor-id=\"659\" class=\"elementor elementor-659\">\n\t\t\t\t<div class=\"elementor-element elementor-element-6567e67 e-flex e-con-boxed wpr-particle-no wpr-jarallax-no wpr-parallax-no wpr-sticky-section-no e-con e-parent\" data-id=\"6567e67\" data-element_type=\"container\">\n\t\t\t\t\t<div class=\"e-con-inner\">\n\t\t\t\t<div class=\"elementor-element elementor-element-c6d3f6a elementor-widget elementor-widget-html\" data-id=\"c6d3f6a\" data-element_type=\"widget\" data-widget_type=\"html.default\">\n\t\t\t\t<div class=\"elementor-widget-container\">\n\t\t\t\t\t<!DOCTYPE html>\n<html lang=\"fr\">\n<head>\n    <meta charset=\"UTF-8\">\n    <meta name=\"viewport\" content=\"width=device-width, initial-scale=1.0\">\n    <meta name=\"description\" content=\"D\u00e9couvrez comment devenir secouriste en entreprise ou en milieu professionnel gr\u00e2ce aux formations SST et premiers secours propos\u00e9es par SFPI Consulting.\">\n    <meta name=\"keywords\" content=\"secouriste en entreprise, formation secourisme, SST, premiers secours, s\u00e9curit\u00e9 au travail, pr\u00e9vention des risques\">\n    <title>Comment devenir secouriste en entreprise ou en milieu professionnel ?<\/title>\n    <link rel=\"stylesheet\" href=\"styles.css\">\n<\/head>\n<body>\n\n<div class=\"container\">\n    <h1>Comment devenir secouriste en entreprise ou en milieu professionnel ?<\/h1>\n\n    <section>\n        <h2>Pourquoi devenir secouriste en entreprise ?<\/h2>\n        <p>Le **secouriste en entreprise** joue un r\u00f4le cl\u00e9 dans la pr\u00e9vention des risques professionnels et la gestion des urgences. Gr\u00e2ce \u00e0 une formation adapt\u00e9e, les employ\u00e9s acqui\u00e8rent les comp\u00e9tences n\u00e9cessaires pour intervenir rapidement en cas d\u2019accident du travail et garantir la s\u00e9curit\u00e9 de leurs coll\u00e8gues.<\/p>\n    <\/section>\n\n    <section>\n        <h2>Les formations pour devenir secouriste en milieu professionnel<\/h2>\n        <p>Pour exercer en tant que secouriste en entreprise, il est indispensable de suivre une formation sp\u00e9cifique, telle que :<\/p>\n        <ul>\n            <li>La **formation SST (Sauveteur Secouriste du Travail)**, obligatoire pour \u00eatre reconnu comme secouriste en milieu professionnel.<\/li>\n            <li>La **formation Premiers Secours en \u00c9quipe (PSE1 & PSE2)** pour intervenir dans un cadre plus large.<\/li>\n        <\/ul>\n        <a href=\"https:\/\/sfpi-consulting.com\/\" class=\"button\">En savoir plus sur les formations<\/a>\n    <\/section>\n\n    <section>\n        <h2>Les comp\u00e9tences acquises lors d\u2019une formation SST<\/h2>\n        <p>Une **formation SST** permet d'apprendre :<\/p>\n        <ul>\n            <li>Les gestes de premiers secours (position lat\u00e9rale de s\u00e9curit\u00e9, massage cardiaque, utilisation du d\u00e9fibrillateur).<\/li>\n            <li>Les protocoles d\u2019alerte et de prise en charge des victimes.<\/li>\n            <li>Les principes de **pr\u00e9vention des risques en entreprise**.<\/li>\n        <\/ul>\n    <\/section>\n\n    <section>\n        <h2>Obtenir et renouveler son certificat SST<\/h2>\n        <p>\u00c0 l\u2019issue de la formation, les participants re\u00e7oivent un **certificat SST** valable **24 mois**. Pour conserver cette certification, un recyclage SST (Maintien et Actualisation des Comp\u00e9tences) est obligatoire tous les deux ans.<\/p>\n        <a href=\"https:\/\/sfpi-consulting.com\/\" class=\"button\">Planifier votre formation SST<\/a>\n    <\/section>\n\n    <section>\n        <h2>Qui peut devenir secouriste en entreprise ?<\/h2>\n        <p>Tout salari\u00e9 peut \u00eatre d\u00e9sign\u00e9 **Sauveteur Secouriste du Travail** par son employeur. Il est recommand\u00e9 d\u2019avoir **au moins un SST par \u00e9quipe ou service**, afin d'assurer une r\u00e9ponse rapide en cas d'incident.<\/p>\n    <\/section>\n\n    <section>\n        <h2>Les obligations l\u00e9gales des entreprises<\/h2>\n        <p>Le Code du travail impose \u00e0 l\u2019employeur de garantir la s\u00e9curit\u00e9 de ses employ\u00e9s. La **pr\u00e9sence d\u2019un SST est obligatoire** dans certains secteurs, notamment les m\u00e9tiers \u00e0 risque (BTP, industrie, logistique). Former des salari\u00e9s aux premiers secours permet aussi de se conformer aux r\u00e9glementations en vigueur.<\/p>\n    <\/section>\n\n    <section>\n        <h2>O\u00f9 suivre une formation SST ou secourisme ?<\/h2>\n        <p>SFPI Consulting propose des formations SST et secourisme adapt\u00e9es aux besoins des entreprises. Nos sessions sont accessibles dans toute la r\u00e9gion.<\/p>\n        <a href=\"https:\/\/sfpi-consulting.com\/\" class=\"button\">Contactez-nous pour une formation sur mesure<\/a>\n    <\/section>\n\n<\/div>\n\n<\/body>\n<\/html>\n\t\t\t\t<\/div>\n\t\t\t\t<\/div>\n\t\t\t\t\t<\/div>\n\t\t\t\t<\/div>\n\t\t\t\t<\/div>\n\t\t","protected":false},"excerpt":{"rendered":"<p>Comment devenir secouriste en entreprise ou en milieu professionnel ? Comment devenir secouriste en entreprise ou en milieu professionnel ? Pourquoi devenir secouriste en entreprise ? Le **secouriste en entreprise** joue un r\u00f4le cl\u00e9 dans la pr\u00e9vention des risques professionnels et la gestion des urgences. Gr\u00e2ce \u00e0 une formation adapt\u00e9e, les employ\u00e9s acqui\u00e8rent les comp\u00e9tences n\u00e9cessaires pour intervenir rapidement en cas d\u2019accident du travail et garantir la s\u00e9curit\u00e9 de leurs coll\u00e8gues. Les formations pour devenir secouriste en milieu professionnel Pour exercer en tant que secouriste en entreprise, il est indispensable de suivre une formation sp\u00e9cifique, telle que : La **formation SST (Sauveteur Secouriste du Travail)**, obligatoire pour \u00eatre reconnu comme secouriste en milieu professionnel. La **formation Premiers Secours en \u00c9quipe (PSE1 &#038; PSE2)** pour intervenir dans un cadre plus large. En savoir plus sur les formations Les comp\u00e9tences acquises lors d\u2019une formation SST Une **formation SST** permet d&#8217;apprendre : Les gestes de premiers secours (position lat\u00e9rale de s\u00e9curit\u00e9, massage cardiaque, utilisation du d\u00e9fibrillateur). Les protocoles d\u2019alerte et de prise en charge des victimes. Les principes de **pr\u00e9vention des risques en entreprise**. Obtenir et renouveler son certificat SST \u00c0 l\u2019issue de la formation, les participants re\u00e7oivent un **certificat SST** valable **24 mois**. Pour conserver cette certification, un recyclage SST (Maintien et Actualisation des Comp\u00e9tences) est obligatoire tous les deux ans. Planifier votre formation SST Qui peut devenir secouriste en entreprise ? Tout salari\u00e9 peut \u00eatre d\u00e9sign\u00e9 **Sauveteur Secouriste du Travail** par son employeur. Il est recommand\u00e9 d\u2019avoir **au moins un SST par \u00e9quipe ou service**, afin d&#8217;assurer une r\u00e9ponse rapide en cas d&#8217;incident. Les obligations l\u00e9gales des entreprises Le Code du travail impose \u00e0 l\u2019employeur de garantir la s\u00e9curit\u00e9 de ses employ\u00e9s. La **pr\u00e9sence d\u2019un SST est obligatoire** dans certains secteurs, notamment les m\u00e9tiers \u00e0 risque (BTP, industrie, logistique). Former des salari\u00e9s aux premiers secours permet aussi de se conformer aux r\u00e9glementations en vigueur. O\u00f9 suivre une formation SST ou secourisme ? SFPI Consulting propose des formations SST et secourisme adapt\u00e9es aux besoins des entreprises. Nos sessions sont accessibles dans toute la r\u00e9gion. Contactez-nous pour une formation sur mesure<\/p>\n","protected":false},"author":1,"featured_media":0,"parent":0,"menu_order":0,"comment_status":"closed","ping_status":"closed","template":"","meta":{"site-sidebar-layout":"no-sidebar","site-content-layout":"","ast-site-content-layout":"full-width-container","site-content-style":"default","site-sidebar-style":"default","ast-global-header-display":"","ast-banner-title-visibility":"","ast-main-header-display":"","ast-hfb-above-header-display":"","ast-hfb-below-header-display":"","ast-hfb-mobile-header-display":"","site-post-title":"disabled","ast-breadcrumbs-content":"","ast-featured-img":"disabled","footer-sml-layout":"","theme-transparent-header-meta":"","adv-header-id-meta":"","stick-header-meta":"","header-above-stick-meta":"","header-main-stick-meta":"","header-below-stick-meta":"","astra-migrate-meta-layouts":"default","ast-page-background-enabled":"default","ast-page-background-meta":{"desktop":{"background-color":"var(--ast-global-color-5)","background-image":"","background-repeat":"repeat","background-position":"center center","background-size":"auto","background-attachment":"scroll","background-type":"","background-media":"","overlay-type":"","overlay-color":"","overlay-opacity":"","overlay-gradient":""},"tablet":{"background-color":"","background-image":"","background-repeat":"repeat","background-position":"center center","background-size":"auto","background-attachment":"scroll","background-type":"","background-media":"","overlay-type":"","overlay-color":"","overlay-opacity":"","overlay-gradient":""},"mobile":{"background-color":"","background-image":"","background-repeat":"repeat","background-position":"center center","background-size":"auto","background-attachment":"scroll","background-type":"","background-media":"","overlay-type":"","overlay-color":"","overlay-opacity":"","overlay-gradient":""}},"ast-content-background-meta":{"desktop":{"background-color":"var(--ast-global-color-4)","background-image":"","background-repeat":"repeat","background-position":"center center","background-size":"auto","background-attachment":"scroll","background-type":"","background-media":"","overlay-type":"","overlay-color":"","overlay-opacity":"","overlay-gradient":""},"tablet":{"background-color":"var(--ast-global-color-4)","background-image":"","background-repeat":"repeat","background-position":"center center","background-size":"auto","background-attachment":"scroll","background-type":"","background-media":"","overlay-type":"","overlay-color":"","overlay-opacity":"","overlay-gradient":""},"mobile":{"background-color":"var(--ast-global-color-4)","background-image":"","background-repeat":"repeat","background-position":"center center","background-size":"auto","background-attachment":"scroll","background-type":"","background-media":"","overlay-type":"","overlay-color":"","overlay-opacity":"","overlay-gradient":""}},"footnotes":""},"class_list":["post-659","page","type-page","status-publish","hentry"],"yoast_head":"<!-- This site is optimized with the Yoast SEO plugin v25.9 - https:\/\/yoast.com\/wordpress\/plugins\/seo\/ -->\n<title>Comment devenir secouriste en entreprise ou en milieu professionnel ? - SFPI Consulting<\/title>\n<meta name=\"robots\" content=\"index, follow, max-snippet:-1, max-image-preview:large, max-video-preview:-1\" \/>\n<link rel=\"canonical\" href=\"https:\/\/sfpi-consulting.com\/index.php\/comment-devenir-secouriste-en-entreprise-ou-en-milieu-professionnel\/\" \/>\n<meta property=\"og:locale\" content=\"en_US\" \/>\n<meta property=\"og:type\" content=\"article\" \/>\n<meta property=\"og:title\" content=\"Comment devenir secouriste en entreprise ou en milieu professionnel ? - SFPI Consulting\" \/>\n<meta property=\"og:description\" content=\"Comment devenir secouriste en entreprise ou en milieu professionnel ? Comment devenir secouriste en entreprise ou en milieu professionnel ? Pourquoi devenir secouriste en entreprise ? Le **secouriste en entreprise** joue un r\u00f4le cl\u00e9 dans la pr\u00e9vention des risques professionnels et la gestion des urgences. Gr\u00e2ce \u00e0 une formation adapt\u00e9e, les employ\u00e9s acqui\u00e8rent les comp\u00e9tences n\u00e9cessaires pour intervenir rapidement en cas d\u2019accident du travail et garantir la s\u00e9curit\u00e9 de leurs coll\u00e8gues. Les formations pour devenir secouriste en milieu professionnel Pour exercer en tant que secouriste en entreprise, il est indispensable de suivre une formation sp\u00e9cifique, telle que : La **formation SST (Sauveteur Secouriste du Travail)**, obligatoire pour \u00eatre reconnu comme secouriste en milieu professionnel. La **formation Premiers Secours en \u00c9quipe (PSE1 &#038; PSE2)** pour intervenir dans un cadre plus large. En savoir plus sur les formations Les comp\u00e9tences acquises lors d\u2019une formation SST Une **formation SST** permet d&#8217;apprendre : Les gestes de premiers secours (position lat\u00e9rale de s\u00e9curit\u00e9, massage cardiaque, utilisation du d\u00e9fibrillateur). Les protocoles d\u2019alerte et de prise en charge des victimes. Les principes de **pr\u00e9vention des risques en entreprise**. Obtenir et renouveler son certificat SST \u00c0 l\u2019issue de la formation, les participants re\u00e7oivent un **certificat SST** valable **24 mois**. Pour conserver cette certification, un recyclage SST (Maintien et Actualisation des Comp\u00e9tences) est obligatoire tous les deux ans. Planifier votre formation SST Qui peut devenir secouriste en entreprise ? Tout salari\u00e9 peut \u00eatre d\u00e9sign\u00e9 **Sauveteur Secouriste du Travail** par son employeur. Il est recommand\u00e9 d\u2019avoir **au moins un SST par \u00e9quipe ou service**, afin d&#8217;assurer une r\u00e9ponse rapide en cas d&#8217;incident. Les obligations l\u00e9gales des entreprises Le Code du travail impose \u00e0 l\u2019employeur de garantir la s\u00e9curit\u00e9 de ses employ\u00e9s. La **pr\u00e9sence d\u2019un SST est obligatoire** dans certains secteurs, notamment les m\u00e9tiers \u00e0 risque (BTP, industrie, logistique). Former des salari\u00e9s aux premiers secours permet aussi de se conformer aux r\u00e9glementations en vigueur. O\u00f9 suivre une formation SST ou secourisme ? SFPI Consulting propose des formations SST et secourisme adapt\u00e9es aux besoins des entreprises. Nos sessions sont accessibles dans toute la r\u00e9gion. Contactez-nous pour une formation sur mesure\" \/>\n<meta property=\"og:url\" content=\"https:\/\/sfpi-consulting.com\/index.php\/comment-devenir-secouriste-en-entreprise-ou-en-milieu-professionnel\/\" \/>\n<meta property=\"og:site_name\" content=\"SFPI Consulting\" \/>\n<meta property=\"article:modified_time\" content=\"2025-03-13T08:52:03+00:00\" \/>\n<meta name=\"twitter:card\" content=\"summary_large_image\" \/>\n<meta name=\"twitter:label1\" content=\"Est. reading time\" \/>\n\t<meta name=\"twitter:data1\" content=\"2 minutes\" \/>\n<script type=\"application\/ld+json\" class=\"yoast-schema-graph\">{\"@context\":\"https:\/\/schema.org\",\"@graph\":[{\"@type\":\"WebPage\",\"@id\":\"https:\/\/sfpi-consulting.com\/index.php\/comment-devenir-secouriste-en-entreprise-ou-en-milieu-professionnel\/\",\"url\":\"https:\/\/sfpi-consulting.com\/index.php\/comment-devenir-secouriste-en-entreprise-ou-en-milieu-professionnel\/\",\"name\":\"Comment devenir secouriste en entreprise ou en milieu professionnel ? - SFPI Consulting\",\"isPartOf\":{\"@id\":\"https:\/\/sfpi-consulting.com\/#website\"},\"datePublished\":\"2025-03-12T15:31:54+00:00\",\"dateModified\":\"2025-03-13T08:52:03+00:00\",\"breadcrumb\":{\"@id\":\"https:\/\/sfpi-consulting.com\/index.php\/comment-devenir-secouriste-en-entreprise-ou-en-milieu-professionnel\/#breadcrumb\"},\"inLanguage\":\"en-US\",\"potentialAction\":[{\"@type\":\"ReadAction\",\"target\":[\"https:\/\/sfpi-consulting.com\/index.php\/comment-devenir-secouriste-en-entreprise-ou-en-milieu-professionnel\/\"]}]},{\"@type\":\"BreadcrumbList\",\"@id\":\"https:\/\/sfpi-consulting.com\/index.php\/comment-devenir-secouriste-en-entreprise-ou-en-milieu-professionnel\/#breadcrumb\",\"itemListElement\":[{\"@type\":\"ListItem\",\"position\":1,\"name\":\"Accueil\",\"item\":\"https:\/\/sfpi-consulting.com\/\"},{\"@type\":\"ListItem\",\"position\":2,\"name\":\"Comment devenir secouriste en entreprise ou en milieu professionnel ?\"}]},{\"@type\":\"WebSite\",\"@id\":\"https:\/\/sfpi-consulting.com\/#website\",\"url\":\"https:\/\/sfpi-consulting.com\/\",\"name\":\"SFPI Consulting\",\"description\":\"\",\"publisher\":{\"@id\":\"https:\/\/sfpi-consulting.com\/#organization\"},\"potentialAction\":[{\"@type\":\"SearchAction\",\"target\":{\"@type\":\"EntryPoint\",\"urlTemplate\":\"https:\/\/sfpi-consulting.com\/?s={search_term_string}\"},\"query-input\":{\"@type\":\"PropertyValueSpecification\",\"valueRequired\":true,\"valueName\":\"search_term_string\"}}],\"inLanguage\":\"en-US\"},{\"@type\":\"Organization\",\"@id\":\"https:\/\/sfpi-consulting.com\/#organization\",\"name\":\"SFPI Consulting\",\"url\":\"https:\/\/sfpi-consulting.com\/\",\"logo\":{\"@type\":\"ImageObject\",\"inLanguage\":\"en-US\",\"@id\":\"https:\/\/sfpi-consulting.com\/#\/schema\/logo\/image\/\",\"url\":\"https:\/\/sfpi-consulting.com\/wp-content\/uploads\/2025\/03\/cropped-SFPIC-scaled.png\",\"contentUrl\":\"https:\/\/sfpi-consulting.com\/wp-content\/uploads\/2025\/03\/cropped-SFPIC-scaled.png\",\"width\":2560,\"height\":2109,\"caption\":\"SFPI Consulting\"},\"image\":{\"@id\":\"https:\/\/sfpi-consulting.com\/#\/schema\/logo\/image\/\"}}]}<\/script>\n<!-- \/ Yoast SEO plugin. -->","yoast_head_json":{"title":"Comment devenir secouriste en entreprise ou en milieu professionnel ? - SFPI Consulting","robots":{"index":"index","follow":"follow","max-snippet":"max-snippet:-1","max-image-preview":"max-image-preview:large","max-video-preview":"max-video-preview:-1"},"canonical":"https:\/\/sfpi-consulting.com\/index.php\/comment-devenir-secouriste-en-entreprise-ou-en-milieu-professionnel\/","og_locale":"en_US","og_type":"article","og_title":"Comment devenir secouriste en entreprise ou en milieu professionnel ? - SFPI Consulting","og_description":"Comment devenir secouriste en entreprise ou en milieu professionnel ? Comment devenir secouriste en entreprise ou en milieu professionnel ? Pourquoi devenir secouriste en entreprise ? Le **secouriste en entreprise** joue un r\u00f4le cl\u00e9 dans la pr\u00e9vention des risques professionnels et la gestion des urgences. Gr\u00e2ce \u00e0 une formation adapt\u00e9e, les employ\u00e9s acqui\u00e8rent les comp\u00e9tences n\u00e9cessaires pour intervenir rapidement en cas d\u2019accident du travail et garantir la s\u00e9curit\u00e9 de leurs coll\u00e8gues. Les formations pour devenir secouriste en milieu professionnel Pour exercer en tant que secouriste en entreprise, il est indispensable de suivre une formation sp\u00e9cifique, telle que : La **formation SST (Sauveteur Secouriste du Travail)**, obligatoire pour \u00eatre reconnu comme secouriste en milieu professionnel. La **formation Premiers Secours en \u00c9quipe (PSE1 &#038; PSE2)** pour intervenir dans un cadre plus large. En savoir plus sur les formations Les comp\u00e9tences acquises lors d\u2019une formation SST Une **formation SST** permet d&#8217;apprendre : Les gestes de premiers secours (position lat\u00e9rale de s\u00e9curit\u00e9, massage cardiaque, utilisation du d\u00e9fibrillateur). Les protocoles d\u2019alerte et de prise en charge des victimes. Les principes de **pr\u00e9vention des risques en entreprise**. Obtenir et renouveler son certificat SST \u00c0 l\u2019issue de la formation, les participants re\u00e7oivent un **certificat SST** valable **24 mois**. Pour conserver cette certification, un recyclage SST (Maintien et Actualisation des Comp\u00e9tences) est obligatoire tous les deux ans. Planifier votre formation SST Qui peut devenir secouriste en entreprise ? Tout salari\u00e9 peut \u00eatre d\u00e9sign\u00e9 **Sauveteur Secouriste du Travail** par son employeur. Il est recommand\u00e9 d\u2019avoir **au moins un SST par \u00e9quipe ou service**, afin d&#8217;assurer une r\u00e9ponse rapide en cas d&#8217;incident. Les obligations l\u00e9gales des entreprises Le Code du travail impose \u00e0 l\u2019employeur de garantir la s\u00e9curit\u00e9 de ses employ\u00e9s. La **pr\u00e9sence d\u2019un SST est obligatoire** dans certains secteurs, notamment les m\u00e9tiers \u00e0 risque (BTP, industrie, logistique). Former des salari\u00e9s aux premiers secours permet aussi de se conformer aux r\u00e9glementations en vigueur. O\u00f9 suivre une formation SST ou secourisme ? SFPI Consulting propose des formations SST et secourisme adapt\u00e9es aux besoins des entreprises. Nos sessions sont accessibles dans toute la r\u00e9gion. Contactez-nous pour une formation sur mesure","og_url":"https:\/\/sfpi-consulting.com\/index.php\/comment-devenir-secouriste-en-entreprise-ou-en-milieu-professionnel\/","og_site_name":"SFPI Consulting","article_modified_time":"2025-03-13T08:52:03+00:00","twitter_card":"summary_large_image","twitter_misc":{"Est. reading time":"2 minutes"},"schema":{"@context":"https:\/\/schema.org","@graph":[{"@type":"WebPage","@id":"https:\/\/sfpi-consulting.com\/index.php\/comment-devenir-secouriste-en-entreprise-ou-en-milieu-professionnel\/","url":"https:\/\/sfpi-consulting.com\/index.php\/comment-devenir-secouriste-en-entreprise-ou-en-milieu-professionnel\/","name":"Comment devenir secouriste en entreprise ou en milieu professionnel ? - SFPI Consulting","isPartOf":{"@id":"https:\/\/sfpi-consulting.com\/#website"},"datePublished":"2025-03-12T15:31:54+00:00","dateModified":"2025-03-13T08:52:03+00:00","breadcrumb":{"@id":"https:\/\/sfpi-consulting.com\/index.php\/comment-devenir-secouriste-en-entreprise-ou-en-milieu-professionnel\/#breadcrumb"},"inLanguage":"en-US","potentialAction":[{"@type":"ReadAction","target":["https:\/\/sfpi-consulting.com\/index.php\/comment-devenir-secouriste-en-entreprise-ou-en-milieu-professionnel\/"]}]},{"@type":"BreadcrumbList","@id":"https:\/\/sfpi-consulting.com\/index.php\/comment-devenir-secouriste-en-entreprise-ou-en-milieu-professionnel\/#breadcrumb","itemListElement":[{"@type":"ListItem","position":1,"name":"Accueil","item":"https:\/\/sfpi-consulting.com\/"},{"@type":"ListItem","position":2,"name":"Comment devenir secouriste en entreprise ou en milieu professionnel ?"}]},{"@type":"WebSite","@id":"https:\/\/sfpi-consulting.com\/#website","url":"https:\/\/sfpi-consulting.com\/","name":"SFPI Consulting","description":"","publisher":{"@id":"https:\/\/sfpi-consulting.com\/#organization"},"potentialAction":[{"@type":"SearchAction","target":{"@type":"EntryPoint","urlTemplate":"https:\/\/sfpi-consulting.com\/?s={search_term_string}"},"query-input":{"@type":"PropertyValueSpecification","valueRequired":true,"valueName":"search_term_string"}}],"inLanguage":"en-US"},{"@type":"Organization","@id":"https:\/\/sfpi-consulting.com\/#organization","name":"SFPI Consulting","url":"https:\/\/sfpi-consulting.com\/","logo":{"@type":"ImageObject","inLanguage":"en-US","@id":"https:\/\/sfpi-consulting.com\/#\/schema\/logo\/image\/","url":"https:\/\/sfpi-consulting.com\/wp-content\/uploads\/2025\/03\/cropped-SFPIC-scaled.png","contentUrl":"https:\/\/sfpi-consulting.com\/wp-content\/uploads\/2025\/03\/cropped-SFPIC-scaled.png","width":2560,"height":2109,"caption":"SFPI Consulting"},"image":{"@id":"https:\/\/sfpi-consulting.com\/#\/schema\/logo\/image\/"}}]}},"_links":{"self":[{"href":"https:\/\/sfpi-consulting.com\/index.php\/wp-json\/wp\/v2\/pages\/659","targetHints":{"allow":["GET"]}}],"collection":[{"href":"https:\/\/sfpi-consulting.com\/index.php\/wp-json\/wp\/v2\/pages"}],"about":[{"href":"https:\/\/sfpi-consulting.com\/index.php\/wp-json\/wp\/v2\/types\/page"}],"author":[{"embeddable":true,"href":"https:\/\/sfpi-consulting.com\/index.php\/wp-json\/wp\/v2\/users\/1"}],"replies":[{"embeddable":true,"href":"https:\/\/sfpi-consulting.com\/index.php\/wp-json\/wp\/v2\/comments?post=659"}],"version-history":[{"count":7,"href":"https:\/\/sfpi-consulting.com\/index.php\/wp-json\/wp\/v2\/pages\/659\/revisions"}],"predecessor-version":[{"id":911,"href":"https:\/\/sfpi-consulting.com\/index.php\/wp-json\/wp\/v2\/pages\/659\/revisions\/911"}],"wp:attachment":[{"href":"https:\/\/sfpi-consulting.com\/index.php\/wp-json\/wp\/v2\/media?parent=659"}],"curies":[{"name":"wp","href":"https:\/\/api.w.org\/{rel}","templated":true}]}}