{"id":624,"date":"2025-03-12T16:24:32","date_gmt":"2025-03-12T15:24:32","guid":{"rendered":"https:\/\/sfpi-consulting.com\/?page_id=624"},"modified":"2025-03-12T17:41:37","modified_gmt":"2025-03-12T16:41:37","slug":"se-former-aux-metiers-de-la-securite-privee-en-occitanie","status":"publish","type":"page","link":"https:\/\/sfpi-consulting.com\/index.php\/se-former-aux-metiers-de-la-securite-privee-en-occitanie\/","title":{"rendered":"Se former aux m\u00e9tiers de la s\u00e9curit\u00e9 priv\u00e9e en Occitanie"},"content":{"rendered":"\t\t<div data-elementor-type=\"wp-page\" data-elementor-id=\"624\" class=\"elementor elementor-624\">\n\t\t\t\t<div class=\"elementor-element elementor-element-dbcf992 e-flex e-con-boxed wpr-particle-no wpr-jarallax-no wpr-parallax-no wpr-sticky-section-no e-con e-parent\" data-id=\"dbcf992\" data-element_type=\"container\">\n\t\t\t\t\t<div class=\"e-con-inner\">\n\t\t\t\t<div class=\"elementor-element elementor-element-8c78394 elementor-widget elementor-widget-html\" data-id=\"8c78394\" data-element_type=\"widget\" data-widget_type=\"html.default\">\n\t\t\t\t<div class=\"elementor-widget-container\">\n\t\t\t\t\t<!DOCTYPE html>\n<html lang=\"fr\">\n<head>\n    <meta charset=\"UTF-8\">\n    <meta name=\"viewport\" content=\"width=device-width, initial-scale=1.0\">\n    <meta name=\"description\" content=\"D\u00e9couvrez les formations en s\u00e9curit\u00e9 priv\u00e9e en Occitanie avec SFPI Consulting. Obtenez une certification reconnue pour exercer en tant qu\u2019agent de s\u00e9curit\u00e9.\">\n    <title>Se former aux m\u00e9tiers de la s\u00e9curit\u00e9 priv\u00e9e en Occitanie<\/title>\n    <link rel=\"stylesheet\" href=\"styles.css\">\n<\/head>\n<body>\n\n<div class=\"container\">\n    <h1>Se former aux m\u00e9tiers de la s\u00e9curit\u00e9 priv\u00e9e en Occitanie<\/h1>\n\n    <section>\n        <h2>Pourquoi choisir une formation en s\u00e9curit\u00e9 priv\u00e9e ?<\/h2>\n        <p>Le secteur de la <strong>s\u00e9curit\u00e9 priv\u00e9e<\/strong> est en pleine expansion et offre de nombreuses opportunit\u00e9s professionnelles en <strong>Occitanie<\/strong>. SFPI Consulting propose des formations adapt\u00e9es aux exigences du m\u00e9tier, permettant d\u2019acqu\u00e9rir les comp\u00e9tences essentielles pour exercer en toute l\u00e9galit\u00e9.<\/p>\n    <\/section>\n\n    <section>\n        <h2>Des formations certifiantes reconnues<\/h2>\n        <p>Nos formations permettent d\u2019obtenir des certifications officielles comme le <strong>TFP APS<\/strong> (Agent de Pr\u00e9vention et de S\u00e9curit\u00e9) et les dipl\u00f4mes <strong>SSIAP 1, 2 et 3<\/strong> pour la s\u00e9curit\u00e9 incendie. Ces certifications sont indispensables pour travailler dans des environnements r\u00e9glement\u00e9s.<\/p>\n    <\/section>\n\n    <section>\n        <h2>Formation TFP APS : devenez agent de s\u00e9curit\u00e9<\/h2>\n        <p>Le <strong>TFP APS<\/strong> est la certification requise pour travailler en tant qu\u2019agent de s\u00e9curit\u00e9. Cette formation couvre la gestion des risques, la pr\u00e9vention des incidents et les interventions sur site.<\/p>\n        <a href=\"https:\/\/sfpi-consulting.com\/\" class=\"button\">En savoir plus<\/a>\n    <\/section>\n\n    <section>\n        <h2>Formations SSIAP : s\u00e9curit\u00e9 incendie<\/h2>\n        <p>Les formations <strong>SSIAP<\/strong> permettent d\u2019acc\u00e9der \u00e0 des postes dans la <strong>pr\u00e9vention et la lutte contre les incendies<\/strong>. Elles sont adapt\u00e9es aux professionnels souhaitant \u00e9voluer en tant qu\u2019agent ou responsable de s\u00e9curit\u00e9 incendie.<\/p>\n        <a href=\"https:\/\/sfpi-consulting.com\/\" class=\"button\">D\u00e9couvrir les formations<\/a>\n    <\/section>\n\n    <section>\n        <h2>Opportunit\u00e9s d\u2019emploi apr\u00e8s la formation<\/h2>\n        <p>Gr\u00e2ce \u00e0 nos formations, vous pourrez exercer dans des entreprises de s\u00e9curit\u00e9, des \u00e9v\u00e9nements, des centres commerciaux ou des sites sensibles. Le <strong>secteur recrute en permanence<\/strong>, garantissant de bonnes perspectives d\u2019embauche.<\/p>\n    <\/section>\n\n    <section>\n        <h2>Financer sa formation en s\u00e9curit\u00e9 priv\u00e9e<\/h2>\n        <p>Nos formations sont \u00e9ligibles \u00e0 plusieurs dispositifs de financement : <strong>CPF<\/strong> (Compte Personnel de Formation), P\u00f4le Emploi, financement d\u2019entreprise. Contactez-nous pour d\u00e9couvrir les options adapt\u00e9es \u00e0 votre situation.<\/p>\n        <a href=\"https:\/\/sfpi-consulting.com\/\" class=\"button\">Voir les financements<\/a>\n    <\/section>\n\n    <section>\n        <h2>Inscrivez-vous d\u00e8s maintenant<\/h2>\n        <p>SFPI Consulting vous accompagne dans votre <strong>formation en s\u00e9curit\u00e9 priv\u00e9e<\/strong>. Inscrivez-vous d\u00e8s aujourd\u2019hui et d\u00e9marrez votre carri\u00e8re dans un secteur dynamique et essentiel.<\/p>\n        <a href=\"https:\/\/sfpi-consulting.com\/\" class=\"button\">Je m\u2019inscris<\/a>\n    <\/section>\n<\/div>\n\n<\/body>\n<\/html>\n\t\t\t\t<\/div>\n\t\t\t\t<\/div>\n\t\t\t\t\t<\/div>\n\t\t\t\t<\/div>\n\t\t\t\t<\/div>\n\t\t","protected":false},"excerpt":{"rendered":"<p>Se former aux m\u00e9tiers de la s\u00e9curit\u00e9 priv\u00e9e en Occitanie Se former aux m\u00e9tiers de la s\u00e9curit\u00e9 priv\u00e9e en Occitanie Pourquoi choisir une formation en s\u00e9curit\u00e9 priv\u00e9e ? Le secteur de la s\u00e9curit\u00e9 priv\u00e9e est en pleine expansion et offre de nombreuses opportunit\u00e9s professionnelles en Occitanie. SFPI Consulting propose des formations adapt\u00e9es aux exigences du m\u00e9tier, permettant d\u2019acqu\u00e9rir les comp\u00e9tences essentielles pour exercer en toute l\u00e9galit\u00e9. Des formations certifiantes reconnues Nos formations permettent d\u2019obtenir des certifications officielles comme le TFP APS (Agent de Pr\u00e9vention et de S\u00e9curit\u00e9) et les dipl\u00f4mes SSIAP 1, 2 et 3 pour la s\u00e9curit\u00e9 incendie. Ces certifications sont indispensables pour travailler dans des environnements r\u00e9glement\u00e9s. Formation TFP APS : devenez agent de s\u00e9curit\u00e9 Le TFP APS est la certification requise pour travailler en tant qu\u2019agent de s\u00e9curit\u00e9. Cette formation couvre la gestion des risques, la pr\u00e9vention des incidents et les interventions sur site. En savoir plus Formations SSIAP : s\u00e9curit\u00e9 incendie Les formations SSIAP permettent d\u2019acc\u00e9der \u00e0 des postes dans la pr\u00e9vention et la lutte contre les incendies. Elles sont adapt\u00e9es aux professionnels souhaitant \u00e9voluer en tant qu\u2019agent ou responsable de s\u00e9curit\u00e9 incendie. D\u00e9couvrir les formations Opportunit\u00e9s d\u2019emploi apr\u00e8s la formation Gr\u00e2ce \u00e0 nos formations, vous pourrez exercer dans des entreprises de s\u00e9curit\u00e9, des \u00e9v\u00e9nements, des centres commerciaux ou des sites sensibles. Le secteur recrute en permanence, garantissant de bonnes perspectives d\u2019embauche. Financer sa formation en s\u00e9curit\u00e9 priv\u00e9e Nos formations sont \u00e9ligibles \u00e0 plusieurs dispositifs de financement : CPF (Compte Personnel de Formation), P\u00f4le Emploi, financement d\u2019entreprise. Contactez-nous pour d\u00e9couvrir les options adapt\u00e9es \u00e0 votre situation. Voir les financements Inscrivez-vous d\u00e8s maintenant SFPI Consulting vous accompagne dans votre formation en s\u00e9curit\u00e9 priv\u00e9e. Inscrivez-vous d\u00e8s aujourd\u2019hui et d\u00e9marrez votre carri\u00e8re dans un secteur dynamique et essentiel. Je m\u2019inscris<\/p>\n","protected":false},"author":1,"featured_media":0,"parent":0,"menu_order":0,"comment_status":"closed","ping_status":"closed","template":"","meta":{"site-sidebar-layout":"no-sidebar","site-content-layout":"","ast-site-content-layout":"full-width-container","site-content-style":"default","site-sidebar-style":"default","ast-global-header-display":"","ast-banner-title-visibility":"","ast-main-header-display":"","ast-hfb-above-header-display":"","ast-hfb-below-header-display":"","ast-hfb-mobile-header-display":"","site-post-title":"disabled","ast-breadcrumbs-content":"","ast-featured-img":"disabled","footer-sml-layout":"","theme-transparent-header-meta":"","adv-header-id-meta":"","stick-header-meta":"","header-above-stick-meta":"","header-main-stick-meta":"","header-below-stick-meta":"","astra-migrate-meta-layouts":"default","ast-page-background-enabled":"default","ast-page-background-meta":{"desktop":{"background-color":"var(--ast-global-color-5)","background-image":"","background-repeat":"repeat","background-position":"center center","background-size":"auto","background-attachment":"scroll","background-type":"","background-media":"","overlay-type":"","overlay-color":"","overlay-opacity":"","overlay-gradient":""},"tablet":{"background-color":"","background-image":"","background-repeat":"repeat","background-position":"center center","background-size":"auto","background-attachment":"scroll","background-type":"","background-media":"","overlay-type":"","overlay-color":"","overlay-opacity":"","overlay-gradient":""},"mobile":{"background-color":"","background-image":"","background-repeat":"repeat","background-position":"center center","background-size":"auto","background-attachment":"scroll","background-type":"","background-media":"","overlay-type":"","overlay-color":"","overlay-opacity":"","overlay-gradient":""}},"ast-content-background-meta":{"desktop":{"background-color":"var(--ast-global-color-4)","background-image":"","background-repeat":"repeat","background-position":"center center","background-size":"auto","background-attachment":"scroll","background-type":"","background-media":"","overlay-type":"","overlay-color":"","overlay-opacity":"","overlay-gradient":""},"tablet":{"background-color":"var(--ast-global-color-4)","background-image":"","background-repeat":"repeat","background-position":"center center","background-size":"auto","background-attachment":"scroll","background-type":"","background-media":"","overlay-type":"","overlay-color":"","overlay-opacity":"","overlay-gradient":""},"mobile":{"background-color":"var(--ast-global-color-4)","background-image":"","background-repeat":"repeat","background-position":"center center","background-size":"auto","background-attachment":"scroll","background-type":"","background-media":"","overlay-type":"","overlay-color":"","overlay-opacity":"","overlay-gradient":""}},"footnotes":""},"class_list":["post-624","page","type-page","status-publish","hentry"],"yoast_head":"<!-- This site is optimized with the Yoast SEO plugin v25.9 - https:\/\/yoast.com\/wordpress\/plugins\/seo\/ -->\n<title>Se former aux m\u00e9tiers de la s\u00e9curit\u00e9 priv\u00e9e en Occitanie - SFPI Consulting<\/title>\n<meta name=\"robots\" content=\"index, follow, max-snippet:-1, max-image-preview:large, max-video-preview:-1\" \/>\n<link rel=\"canonical\" href=\"https:\/\/sfpi-consulting.com\/index.php\/se-former-aux-metiers-de-la-securite-privee-en-occitanie\/\" \/>\n<meta property=\"og:locale\" content=\"en_US\" \/>\n<meta property=\"og:type\" content=\"article\" \/>\n<meta property=\"og:title\" content=\"Se former aux m\u00e9tiers de la s\u00e9curit\u00e9 priv\u00e9e en Occitanie - SFPI Consulting\" \/>\n<meta property=\"og:description\" content=\"Se former aux m\u00e9tiers de la s\u00e9curit\u00e9 priv\u00e9e en Occitanie Se former aux m\u00e9tiers de la s\u00e9curit\u00e9 priv\u00e9e en Occitanie Pourquoi choisir une formation en s\u00e9curit\u00e9 priv\u00e9e ? Le secteur de la s\u00e9curit\u00e9 priv\u00e9e est en pleine expansion et offre de nombreuses opportunit\u00e9s professionnelles en Occitanie. SFPI Consulting propose des formations adapt\u00e9es aux exigences du m\u00e9tier, permettant d\u2019acqu\u00e9rir les comp\u00e9tences essentielles pour exercer en toute l\u00e9galit\u00e9. Des formations certifiantes reconnues Nos formations permettent d\u2019obtenir des certifications officielles comme le TFP APS (Agent de Pr\u00e9vention et de S\u00e9curit\u00e9) et les dipl\u00f4mes SSIAP 1, 2 et 3 pour la s\u00e9curit\u00e9 incendie. Ces certifications sont indispensables pour travailler dans des environnements r\u00e9glement\u00e9s. Formation TFP APS : devenez agent de s\u00e9curit\u00e9 Le TFP APS est la certification requise pour travailler en tant qu\u2019agent de s\u00e9curit\u00e9. Cette formation couvre la gestion des risques, la pr\u00e9vention des incidents et les interventions sur site. En savoir plus Formations SSIAP : s\u00e9curit\u00e9 incendie Les formations SSIAP permettent d\u2019acc\u00e9der \u00e0 des postes dans la pr\u00e9vention et la lutte contre les incendies. Elles sont adapt\u00e9es aux professionnels souhaitant \u00e9voluer en tant qu\u2019agent ou responsable de s\u00e9curit\u00e9 incendie. D\u00e9couvrir les formations Opportunit\u00e9s d\u2019emploi apr\u00e8s la formation Gr\u00e2ce \u00e0 nos formations, vous pourrez exercer dans des entreprises de s\u00e9curit\u00e9, des \u00e9v\u00e9nements, des centres commerciaux ou des sites sensibles. Le secteur recrute en permanence, garantissant de bonnes perspectives d\u2019embauche. Financer sa formation en s\u00e9curit\u00e9 priv\u00e9e Nos formations sont \u00e9ligibles \u00e0 plusieurs dispositifs de financement : CPF (Compte Personnel de Formation), P\u00f4le Emploi, financement d\u2019entreprise. Contactez-nous pour d\u00e9couvrir les options adapt\u00e9es \u00e0 votre situation. Voir les financements Inscrivez-vous d\u00e8s maintenant SFPI Consulting vous accompagne dans votre formation en s\u00e9curit\u00e9 priv\u00e9e. Inscrivez-vous d\u00e8s aujourd\u2019hui et d\u00e9marrez votre carri\u00e8re dans un secteur dynamique et essentiel. Je m\u2019inscris\" \/>\n<meta property=\"og:url\" content=\"https:\/\/sfpi-consulting.com\/index.php\/se-former-aux-metiers-de-la-securite-privee-en-occitanie\/\" \/>\n<meta property=\"og:site_name\" content=\"SFPI Consulting\" \/>\n<meta property=\"article:modified_time\" content=\"2025-03-12T16:41:37+00:00\" \/>\n<meta name=\"twitter:card\" content=\"summary_large_image\" \/>\n<meta name=\"twitter:label1\" content=\"Est. reading time\" \/>\n\t<meta name=\"twitter:data1\" content=\"2 minutes\" \/>\n<script type=\"application\/ld+json\" class=\"yoast-schema-graph\">{\"@context\":\"https:\/\/schema.org\",\"@graph\":[{\"@type\":\"WebPage\",\"@id\":\"https:\/\/sfpi-consulting.com\/index.php\/se-former-aux-metiers-de-la-securite-privee-en-occitanie\/\",\"url\":\"https:\/\/sfpi-consulting.com\/index.php\/se-former-aux-metiers-de-la-securite-privee-en-occitanie\/\",\"name\":\"Se former aux m\u00e9tiers de la s\u00e9curit\u00e9 priv\u00e9e en Occitanie - SFPI Consulting\",\"isPartOf\":{\"@id\":\"https:\/\/sfpi-consulting.com\/#website\"},\"datePublished\":\"2025-03-12T15:24:32+00:00\",\"dateModified\":\"2025-03-12T16:41:37+00:00\",\"breadcrumb\":{\"@id\":\"https:\/\/sfpi-consulting.com\/index.php\/se-former-aux-metiers-de-la-securite-privee-en-occitanie\/#breadcrumb\"},\"inLanguage\":\"en-US\",\"potentialAction\":[{\"@type\":\"ReadAction\",\"target\":[\"https:\/\/sfpi-consulting.com\/index.php\/se-former-aux-metiers-de-la-securite-privee-en-occitanie\/\"]}]},{\"@type\":\"BreadcrumbList\",\"@id\":\"https:\/\/sfpi-consulting.com\/index.php\/se-former-aux-metiers-de-la-securite-privee-en-occitanie\/#breadcrumb\",\"itemListElement\":[{\"@type\":\"ListItem\",\"position\":1,\"name\":\"Accueil\",\"item\":\"https:\/\/sfpi-consulting.com\/\"},{\"@type\":\"ListItem\",\"position\":2,\"name\":\"Se former aux m\u00e9tiers de la s\u00e9curit\u00e9 priv\u00e9e en Occitanie\"}]},{\"@type\":\"WebSite\",\"@id\":\"https:\/\/sfpi-consulting.com\/#website\",\"url\":\"https:\/\/sfpi-consulting.com\/\",\"name\":\"SFPI Consulting\",\"description\":\"\",\"publisher\":{\"@id\":\"https:\/\/sfpi-consulting.com\/#organization\"},\"potentialAction\":[{\"@type\":\"SearchAction\",\"target\":{\"@type\":\"EntryPoint\",\"urlTemplate\":\"https:\/\/sfpi-consulting.com\/?s={search_term_string}\"},\"query-input\":{\"@type\":\"PropertyValueSpecification\",\"valueRequired\":true,\"valueName\":\"search_term_string\"}}],\"inLanguage\":\"en-US\"},{\"@type\":\"Organization\",\"@id\":\"https:\/\/sfpi-consulting.com\/#organization\",\"name\":\"SFPI Consulting\",\"url\":\"https:\/\/sfpi-consulting.com\/\",\"logo\":{\"@type\":\"ImageObject\",\"inLanguage\":\"en-US\",\"@id\":\"https:\/\/sfpi-consulting.com\/#\/schema\/logo\/image\/\",\"url\":\"https:\/\/sfpi-consulting.com\/wp-content\/uploads\/2025\/03\/cropped-SFPIC-scaled.png\",\"contentUrl\":\"https:\/\/sfpi-consulting.com\/wp-content\/uploads\/2025\/03\/cropped-SFPIC-scaled.png\",\"width\":2560,\"height\":2109,\"caption\":\"SFPI Consulting\"},\"image\":{\"@id\":\"https:\/\/sfpi-consulting.com\/#\/schema\/logo\/image\/\"}}]}<\/script>\n<!-- \/ Yoast SEO plugin. -->","yoast_head_json":{"title":"Se former aux m\u00e9tiers de la s\u00e9curit\u00e9 priv\u00e9e en Occitanie - SFPI Consulting","robots":{"index":"index","follow":"follow","max-snippet":"max-snippet:-1","max-image-preview":"max-image-preview:large","max-video-preview":"max-video-preview:-1"},"canonical":"https:\/\/sfpi-consulting.com\/index.php\/se-former-aux-metiers-de-la-securite-privee-en-occitanie\/","og_locale":"en_US","og_type":"article","og_title":"Se former aux m\u00e9tiers de la s\u00e9curit\u00e9 priv\u00e9e en Occitanie - SFPI Consulting","og_description":"Se former aux m\u00e9tiers de la s\u00e9curit\u00e9 priv\u00e9e en Occitanie Se former aux m\u00e9tiers de la s\u00e9curit\u00e9 priv\u00e9e en Occitanie Pourquoi choisir une formation en s\u00e9curit\u00e9 priv\u00e9e ? Le secteur de la s\u00e9curit\u00e9 priv\u00e9e est en pleine expansion et offre de nombreuses opportunit\u00e9s professionnelles en Occitanie. SFPI Consulting propose des formations adapt\u00e9es aux exigences du m\u00e9tier, permettant d\u2019acqu\u00e9rir les comp\u00e9tences essentielles pour exercer en toute l\u00e9galit\u00e9. Des formations certifiantes reconnues Nos formations permettent d\u2019obtenir des certifications officielles comme le TFP APS (Agent de Pr\u00e9vention et de S\u00e9curit\u00e9) et les dipl\u00f4mes SSIAP 1, 2 et 3 pour la s\u00e9curit\u00e9 incendie. Ces certifications sont indispensables pour travailler dans des environnements r\u00e9glement\u00e9s. Formation TFP APS : devenez agent de s\u00e9curit\u00e9 Le TFP APS est la certification requise pour travailler en tant qu\u2019agent de s\u00e9curit\u00e9. Cette formation couvre la gestion des risques, la pr\u00e9vention des incidents et les interventions sur site. En savoir plus Formations SSIAP : s\u00e9curit\u00e9 incendie Les formations SSIAP permettent d\u2019acc\u00e9der \u00e0 des postes dans la pr\u00e9vention et la lutte contre les incendies. Elles sont adapt\u00e9es aux professionnels souhaitant \u00e9voluer en tant qu\u2019agent ou responsable de s\u00e9curit\u00e9 incendie. D\u00e9couvrir les formations Opportunit\u00e9s d\u2019emploi apr\u00e8s la formation Gr\u00e2ce \u00e0 nos formations, vous pourrez exercer dans des entreprises de s\u00e9curit\u00e9, des \u00e9v\u00e9nements, des centres commerciaux ou des sites sensibles. Le secteur recrute en permanence, garantissant de bonnes perspectives d\u2019embauche. Financer sa formation en s\u00e9curit\u00e9 priv\u00e9e Nos formations sont \u00e9ligibles \u00e0 plusieurs dispositifs de financement : CPF (Compte Personnel de Formation), P\u00f4le Emploi, financement d\u2019entreprise. Contactez-nous pour d\u00e9couvrir les options adapt\u00e9es \u00e0 votre situation. Voir les financements Inscrivez-vous d\u00e8s maintenant SFPI Consulting vous accompagne dans votre formation en s\u00e9curit\u00e9 priv\u00e9e. Inscrivez-vous d\u00e8s aujourd\u2019hui et d\u00e9marrez votre carri\u00e8re dans un secteur dynamique et essentiel. Je m\u2019inscris","og_url":"https:\/\/sfpi-consulting.com\/index.php\/se-former-aux-metiers-de-la-securite-privee-en-occitanie\/","og_site_name":"SFPI Consulting","article_modified_time":"2025-03-12T16:41:37+00:00","twitter_card":"summary_large_image","twitter_misc":{"Est. reading time":"2 minutes"},"schema":{"@context":"https:\/\/schema.org","@graph":[{"@type":"WebPage","@id":"https:\/\/sfpi-consulting.com\/index.php\/se-former-aux-metiers-de-la-securite-privee-en-occitanie\/","url":"https:\/\/sfpi-consulting.com\/index.php\/se-former-aux-metiers-de-la-securite-privee-en-occitanie\/","name":"Se former aux m\u00e9tiers de la s\u00e9curit\u00e9 priv\u00e9e en Occitanie - SFPI Consulting","isPartOf":{"@id":"https:\/\/sfpi-consulting.com\/#website"},"datePublished":"2025-03-12T15:24:32+00:00","dateModified":"2025-03-12T16:41:37+00:00","breadcrumb":{"@id":"https:\/\/sfpi-consulting.com\/index.php\/se-former-aux-metiers-de-la-securite-privee-en-occitanie\/#breadcrumb"},"inLanguage":"en-US","potentialAction":[{"@type":"ReadAction","target":["https:\/\/sfpi-consulting.com\/index.php\/se-former-aux-metiers-de-la-securite-privee-en-occitanie\/"]}]},{"@type":"BreadcrumbList","@id":"https:\/\/sfpi-consulting.com\/index.php\/se-former-aux-metiers-de-la-securite-privee-en-occitanie\/#breadcrumb","itemListElement":[{"@type":"ListItem","position":1,"name":"Accueil","item":"https:\/\/sfpi-consulting.com\/"},{"@type":"ListItem","position":2,"name":"Se former aux m\u00e9tiers de la s\u00e9curit\u00e9 priv\u00e9e en Occitanie"}]},{"@type":"WebSite","@id":"https:\/\/sfpi-consulting.com\/#website","url":"https:\/\/sfpi-consulting.com\/","name":"SFPI Consulting","description":"","publisher":{"@id":"https:\/\/sfpi-consulting.com\/#organization"},"potentialAction":[{"@type":"SearchAction","target":{"@type":"EntryPoint","urlTemplate":"https:\/\/sfpi-consulting.com\/?s={search_term_string}"},"query-input":{"@type":"PropertyValueSpecification","valueRequired":true,"valueName":"search_term_string"}}],"inLanguage":"en-US"},{"@type":"Organization","@id":"https:\/\/sfpi-consulting.com\/#organization","name":"SFPI Consulting","url":"https:\/\/sfpi-consulting.com\/","logo":{"@type":"ImageObject","inLanguage":"en-US","@id":"https:\/\/sfpi-consulting.com\/#\/schema\/logo\/image\/","url":"https:\/\/sfpi-consulting.com\/wp-content\/uploads\/2025\/03\/cropped-SFPIC-scaled.png","contentUrl":"https:\/\/sfpi-consulting.com\/wp-content\/uploads\/2025\/03\/cropped-SFPIC-scaled.png","width":2560,"height":2109,"caption":"SFPI Consulting"},"image":{"@id":"https:\/\/sfpi-consulting.com\/#\/schema\/logo\/image\/"}}]}},"_links":{"self":[{"href":"https:\/\/sfpi-consulting.com\/index.php\/wp-json\/wp\/v2\/pages\/624","targetHints":{"allow":["GET"]}}],"collection":[{"href":"https:\/\/sfpi-consulting.com\/index.php\/wp-json\/wp\/v2\/pages"}],"about":[{"href":"https:\/\/sfpi-consulting.com\/index.php\/wp-json\/wp\/v2\/types\/page"}],"author":[{"embeddable":true,"href":"https:\/\/sfpi-consulting.com\/index.php\/wp-json\/wp\/v2\/users\/1"}],"replies":[{"embeddable":true,"href":"https:\/\/sfpi-consulting.com\/index.php\/wp-json\/wp\/v2\/comments?post=624"}],"version-history":[{"count":7,"href":"https:\/\/sfpi-consulting.com\/index.php\/wp-json\/wp\/v2\/pages\/624\/revisions"}],"predecessor-version":[{"id":860,"href":"https:\/\/sfpi-consulting.com\/index.php\/wp-json\/wp\/v2\/pages\/624\/revisions\/860"}],"wp:attachment":[{"href":"https:\/\/sfpi-consulting.com\/index.php\/wp-json\/wp\/v2\/media?parent=624"}],"curies":[{"name":"wp","href":"https:\/\/api.w.org\/{rel}","templated":true}]}}