{"id":622,"date":"2025-03-12T16:24:10","date_gmt":"2025-03-12T15:24:10","guid":{"rendered":"https:\/\/sfpi-consulting.com\/?page_id=622"},"modified":"2025-03-12T17:40:31","modified_gmt":"2025-03-12T16:40:31","slug":"formation-securite-privee-et-incendie-devenez-un-expert-certifie","status":"publish","type":"page","link":"https:\/\/sfpi-consulting.com\/index.php\/formation-securite-privee-et-incendie-devenez-un-expert-certifie\/","title":{"rendered":"Formation s\u00e9curit\u00e9 priv\u00e9e et incendie : devenez un expert certifi\u00e9"},"content":{"rendered":"\t\t<div data-elementor-type=\"wp-page\" data-elementor-id=\"622\" class=\"elementor elementor-622\">\n\t\t\t\t<div class=\"elementor-element elementor-element-447253e e-flex e-con-boxed wpr-particle-no wpr-jarallax-no wpr-parallax-no wpr-sticky-section-no e-con e-parent\" data-id=\"447253e\" data-element_type=\"container\">\n\t\t\t\t\t<div class=\"e-con-inner\">\n\t\t\t\t<div class=\"elementor-element elementor-element-4dc9f53 elementor-widget elementor-widget-html\" data-id=\"4dc9f53\" data-element_type=\"widget\" data-widget_type=\"html.default\">\n\t\t\t\t<div class=\"elementor-widget-container\">\n\t\t\t\t\t<!DOCTYPE html>\n<html lang=\"fr\">\n<head>\n    <meta charset=\"UTF-8\">\n    <meta name=\"viewport\" content=\"width=device-width, initial-scale=1.0\">\n    <meta name=\"description\" content=\"Suivez une formation en s\u00e9curit\u00e9 priv\u00e9e et incendie avec SFPI Consulting. Obtenez votre certification SSIAP ou TFP APS pour travailler dans la s\u00e9curit\u00e9.\">\n    <title>Formation s\u00e9curit\u00e9 priv\u00e9e et incendie : devenez un expert certifi\u00e9<\/title>\n    <link rel=\"stylesheet\" href=\"styles.css\">\n<\/head>\n<body>\n\n<div class=\"container\">\n    <h1>Formation s\u00e9curit\u00e9 priv\u00e9e et incendie : devenez un expert certifi\u00e9<\/h1>\n\n    <section>\n        <h2>Des formations adapt\u00e9es aux m\u00e9tiers de la s\u00e9curit\u00e9<\/h2>\n        <p>SFPI Consulting propose des formations en s\u00e9curit\u00e9 priv\u00e9e et en s\u00e9curit\u00e9 incendie pour r\u00e9pondre aux exigences du secteur. Nos formations permettent d\u2019obtenir des certifications officielles reconnues par l\u2019\u00c9tat, telles que le <strong>TFP APS<\/strong> (Agent de Pr\u00e9vention et de S\u00e9curit\u00e9) et le <strong>SSIAP<\/strong> (Service de S\u00e9curit\u00e9 Incendie et d\u2019Assistance \u00e0 Personnes).<\/p>\n    <\/section>\n\n    <section>\n        <h2>Pourquoi se former avec SFPI Consulting ?<\/h2>\n        <p>Avec notre expertise et notre engagement, nous vous accompagnons dans l\u2019acquisition des comp\u00e9tences n\u00e9cessaires pour travailler dans la <strong>s\u00e9curit\u00e9 \u00e9v\u00e9nementielle<\/strong>, la <strong>surveillance de sites sensibles<\/strong> ou encore la <strong>protection des personnes et des biens<\/strong>. Nos formateurs qualifi\u00e9s assurent un enseignement de qualit\u00e9.<\/p>\n    <\/section>\n\n    <section>\n        <h2>Formation TFP APS : devenez agent de s\u00e9curit\u00e9<\/h2>\n        <p>Le <strong>TFP APS<\/strong> est une certification essentielle pour exercer en tant qu\u2019<strong>agent de s\u00e9curit\u00e9<\/strong>. Cette formation couvre les techniques de pr\u00e9vention des risques, la gestion des conflits et la protection des sites sensibles.<\/p>\n        <a href=\"https:\/\/sfpi-consulting.com\/\" class=\"button\">En savoir plus<\/a>\n    <\/section>\n\n    <section>\n        <h2>Formation SSIAP : sp\u00e9cialiste en s\u00e9curit\u00e9 incendie<\/h2>\n        <p>Obtenez votre certification <strong>SSIAP 1, 2 ou 3<\/strong> pour travailler en tant qu\u2019agent, chef d\u2019\u00e9quipe ou chef de service de s\u00e9curit\u00e9 incendie. Cette formation inclut la pr\u00e9vention des incendies et l\u2019intervention en cas de sinistre.<\/p>\n        <a href=\"https:\/\/sfpi-consulting.com\/\" class=\"button\">Voir nos formations<\/a>\n    <\/section>\n\n    <section>\n        <h2>Certifications et d\u00e9bouch\u00e9s professionnels<\/h2>\n        <p>Nos formations sont reconnues et permettent d\u2019acc\u00e9der \u00e0 divers m\u00e9tiers dans la <strong>s\u00e9curit\u00e9 priv\u00e9e<\/strong>, que ce soit dans des entreprises, des centres commerciaux ou des \u00e9v\u00e9nements. Obtenez votre certification et d\u00e9marrez votre carri\u00e8re.<\/p>\n    <\/section>\n\n    <section>\n        <h2>Financement et prise en charge des formations<\/h2>\n        <p>Nos formations en s\u00e9curit\u00e9 priv\u00e9e et incendie peuvent \u00eatre financ\u00e9es via des dispositifs comme le <strong>CPF<\/strong> (Compte Personnel de Formation), P\u00f4le Emploi ou encore des financements d\u2019entreprise. Contactez-nous pour plus d\u2019informations.<\/p>\n        <a href=\"https:\/\/sfpi-consulting.com\/\" class=\"button\">Consulter les financements<\/a>\n    <\/section>\n\n    <section>\n        <h2>Inscrivez-vous d\u00e8s maintenant<\/h2>\n        <p>Rejoignez SFPI Consulting et devenez un expert en <strong>s\u00e9curit\u00e9 priv\u00e9e et incendie<\/strong>. Remplissez notre formulaire en ligne ou contactez-nous directement pour r\u00e9server votre session de formation.<\/p>\n        <a href=\"https:\/\/sfpi-consulting.com\/\" class=\"button\">Je m\u2019inscris<\/a>\n    <\/section>\n<\/div>\n\n<\/body>\n<\/html>\n\t\t\t\t<\/div>\n\t\t\t\t<\/div>\n\t\t\t\t\t<\/div>\n\t\t\t\t<\/div>\n\t\t\t\t<\/div>\n\t\t","protected":false},"excerpt":{"rendered":"<p>Formation s\u00e9curit\u00e9 priv\u00e9e et incendie : devenez un expert certifi\u00e9 Formation s\u00e9curit\u00e9 priv\u00e9e et incendie : devenez un expert certifi\u00e9 Des formations adapt\u00e9es aux m\u00e9tiers de la s\u00e9curit\u00e9 SFPI Consulting propose des formations en s\u00e9curit\u00e9 priv\u00e9e et en s\u00e9curit\u00e9 incendie pour r\u00e9pondre aux exigences du secteur. Nos formations permettent d\u2019obtenir des certifications officielles reconnues par l\u2019\u00c9tat, telles que le TFP APS (Agent de Pr\u00e9vention et de S\u00e9curit\u00e9) et le SSIAP (Service de S\u00e9curit\u00e9 Incendie et d\u2019Assistance \u00e0 Personnes). Pourquoi se former avec SFPI Consulting ? Avec notre expertise et notre engagement, nous vous accompagnons dans l\u2019acquisition des comp\u00e9tences n\u00e9cessaires pour travailler dans la s\u00e9curit\u00e9 \u00e9v\u00e9nementielle, la surveillance de sites sensibles ou encore la protection des personnes et des biens. Nos formateurs qualifi\u00e9s assurent un enseignement de qualit\u00e9. Formation TFP APS : devenez agent de s\u00e9curit\u00e9 Le TFP APS est une certification essentielle pour exercer en tant qu\u2019agent de s\u00e9curit\u00e9. Cette formation couvre les techniques de pr\u00e9vention des risques, la gestion des conflits et la protection des sites sensibles. En savoir plus Formation SSIAP : sp\u00e9cialiste en s\u00e9curit\u00e9 incendie Obtenez votre certification SSIAP 1, 2 ou 3 pour travailler en tant qu\u2019agent, chef d\u2019\u00e9quipe ou chef de service de s\u00e9curit\u00e9 incendie. Cette formation inclut la pr\u00e9vention des incendies et l\u2019intervention en cas de sinistre. Voir nos formations Certifications et d\u00e9bouch\u00e9s professionnels Nos formations sont reconnues et permettent d\u2019acc\u00e9der \u00e0 divers m\u00e9tiers dans la s\u00e9curit\u00e9 priv\u00e9e, que ce soit dans des entreprises, des centres commerciaux ou des \u00e9v\u00e9nements. Obtenez votre certification et d\u00e9marrez votre carri\u00e8re. Financement et prise en charge des formations Nos formations en s\u00e9curit\u00e9 priv\u00e9e et incendie peuvent \u00eatre financ\u00e9es via des dispositifs comme le CPF (Compte Personnel de Formation), P\u00f4le Emploi ou encore des financements d\u2019entreprise. Contactez-nous pour plus d\u2019informations. Consulter les financements Inscrivez-vous d\u00e8s maintenant Rejoignez SFPI Consulting et devenez un expert en s\u00e9curit\u00e9 priv\u00e9e et incendie. Remplissez notre formulaire en ligne ou contactez-nous directement pour r\u00e9server votre session de formation. Je m\u2019inscris<\/p>\n","protected":false},"author":1,"featured_media":0,"parent":0,"menu_order":0,"comment_status":"closed","ping_status":"closed","template":"","meta":{"site-sidebar-layout":"no-sidebar","site-content-layout":"","ast-site-content-layout":"full-width-container","site-content-style":"default","site-sidebar-style":"default","ast-global-header-display":"","ast-banner-title-visibility":"","ast-main-header-display":"","ast-hfb-above-header-display":"","ast-hfb-below-header-display":"","ast-hfb-mobile-header-display":"","site-post-title":"disabled","ast-breadcrumbs-content":"","ast-featured-img":"disabled","footer-sml-layout":"","theme-transparent-header-meta":"","adv-header-id-meta":"","stick-header-meta":"","header-above-stick-meta":"","header-main-stick-meta":"","header-below-stick-meta":"","astra-migrate-meta-layouts":"default","ast-page-background-enabled":"default","ast-page-background-meta":{"desktop":{"background-color":"var(--ast-global-color-5)","background-image":"","background-repeat":"repeat","background-position":"center center","background-size":"auto","background-attachment":"scroll","background-type":"","background-media":"","overlay-type":"","overlay-color":"","overlay-opacity":"","overlay-gradient":""},"tablet":{"background-color":"","background-image":"","background-repeat":"repeat","background-position":"center center","background-size":"auto","background-attachment":"scroll","background-type":"","background-media":"","overlay-type":"","overlay-color":"","overlay-opacity":"","overlay-gradient":""},"mobile":{"background-color":"","background-image":"","background-repeat":"repeat","background-position":"center center","background-size":"auto","background-attachment":"scroll","background-type":"","background-media":"","overlay-type":"","overlay-color":"","overlay-opacity":"","overlay-gradient":""}},"ast-content-background-meta":{"desktop":{"background-color":"var(--ast-global-color-4)","background-image":"","background-repeat":"repeat","background-position":"center center","background-size":"auto","background-attachment":"scroll","background-type":"","background-media":"","overlay-type":"","overlay-color":"","overlay-opacity":"","overlay-gradient":""},"tablet":{"background-color":"var(--ast-global-color-4)","background-image":"","background-repeat":"repeat","background-position":"center center","background-size":"auto","background-attachment":"scroll","background-type":"","background-media":"","overlay-type":"","overlay-color":"","overlay-opacity":"","overlay-gradient":""},"mobile":{"background-color":"var(--ast-global-color-4)","background-image":"","background-repeat":"repeat","background-position":"center center","background-size":"auto","background-attachment":"scroll","background-type":"","background-media":"","overlay-type":"","overlay-color":"","overlay-opacity":"","overlay-gradient":""}},"footnotes":""},"class_list":["post-622","page","type-page","status-publish","hentry"],"yoast_head":"<!-- This site is optimized with the Yoast SEO plugin v25.9 - https:\/\/yoast.com\/wordpress\/plugins\/seo\/ -->\n<title>Formation s\u00e9curit\u00e9 priv\u00e9e et incendie : devenez un expert certifi\u00e9 - SFPI Consulting<\/title>\n<meta name=\"robots\" content=\"index, follow, max-snippet:-1, max-image-preview:large, max-video-preview:-1\" \/>\n<link rel=\"canonical\" href=\"https:\/\/sfpi-consulting.com\/index.php\/formation-securite-privee-et-incendie-devenez-un-expert-certifie\/\" \/>\n<meta property=\"og:locale\" content=\"en_US\" \/>\n<meta property=\"og:type\" content=\"article\" \/>\n<meta property=\"og:title\" content=\"Formation s\u00e9curit\u00e9 priv\u00e9e et incendie : devenez un expert certifi\u00e9 - SFPI Consulting\" \/>\n<meta property=\"og:description\" content=\"Formation s\u00e9curit\u00e9 priv\u00e9e et incendie : devenez un expert certifi\u00e9 Formation s\u00e9curit\u00e9 priv\u00e9e et incendie : devenez un expert certifi\u00e9 Des formations adapt\u00e9es aux m\u00e9tiers de la s\u00e9curit\u00e9 SFPI Consulting propose des formations en s\u00e9curit\u00e9 priv\u00e9e et en s\u00e9curit\u00e9 incendie pour r\u00e9pondre aux exigences du secteur. Nos formations permettent d\u2019obtenir des certifications officielles reconnues par l\u2019\u00c9tat, telles que le TFP APS (Agent de Pr\u00e9vention et de S\u00e9curit\u00e9) et le SSIAP (Service de S\u00e9curit\u00e9 Incendie et d\u2019Assistance \u00e0 Personnes). Pourquoi se former avec SFPI Consulting ? Avec notre expertise et notre engagement, nous vous accompagnons dans l\u2019acquisition des comp\u00e9tences n\u00e9cessaires pour travailler dans la s\u00e9curit\u00e9 \u00e9v\u00e9nementielle, la surveillance de sites sensibles ou encore la protection des personnes et des biens. Nos formateurs qualifi\u00e9s assurent un enseignement de qualit\u00e9. Formation TFP APS : devenez agent de s\u00e9curit\u00e9 Le TFP APS est une certification essentielle pour exercer en tant qu\u2019agent de s\u00e9curit\u00e9. Cette formation couvre les techniques de pr\u00e9vention des risques, la gestion des conflits et la protection des sites sensibles. En savoir plus Formation SSIAP : sp\u00e9cialiste en s\u00e9curit\u00e9 incendie Obtenez votre certification SSIAP 1, 2 ou 3 pour travailler en tant qu\u2019agent, chef d\u2019\u00e9quipe ou chef de service de s\u00e9curit\u00e9 incendie. Cette formation inclut la pr\u00e9vention des incendies et l\u2019intervention en cas de sinistre. Voir nos formations Certifications et d\u00e9bouch\u00e9s professionnels Nos formations sont reconnues et permettent d\u2019acc\u00e9der \u00e0 divers m\u00e9tiers dans la s\u00e9curit\u00e9 priv\u00e9e, que ce soit dans des entreprises, des centres commerciaux ou des \u00e9v\u00e9nements. Obtenez votre certification et d\u00e9marrez votre carri\u00e8re. Financement et prise en charge des formations Nos formations en s\u00e9curit\u00e9 priv\u00e9e et incendie peuvent \u00eatre financ\u00e9es via des dispositifs comme le CPF (Compte Personnel de Formation), P\u00f4le Emploi ou encore des financements d\u2019entreprise. Contactez-nous pour plus d\u2019informations. Consulter les financements Inscrivez-vous d\u00e8s maintenant Rejoignez SFPI Consulting et devenez un expert en s\u00e9curit\u00e9 priv\u00e9e et incendie. Remplissez notre formulaire en ligne ou contactez-nous directement pour r\u00e9server votre session de formation. Je m\u2019inscris\" \/>\n<meta property=\"og:url\" content=\"https:\/\/sfpi-consulting.com\/index.php\/formation-securite-privee-et-incendie-devenez-un-expert-certifie\/\" \/>\n<meta property=\"og:site_name\" content=\"SFPI Consulting\" \/>\n<meta property=\"article:modified_time\" content=\"2025-03-12T16:40:31+00:00\" \/>\n<meta name=\"twitter:card\" content=\"summary_large_image\" \/>\n<meta name=\"twitter:label1\" content=\"Est. reading time\" \/>\n\t<meta name=\"twitter:data1\" content=\"2 minutes\" \/>\n<script type=\"application\/ld+json\" class=\"yoast-schema-graph\">{\"@context\":\"https:\/\/schema.org\",\"@graph\":[{\"@type\":\"WebPage\",\"@id\":\"https:\/\/sfpi-consulting.com\/index.php\/formation-securite-privee-et-incendie-devenez-un-expert-certifie\/\",\"url\":\"https:\/\/sfpi-consulting.com\/index.php\/formation-securite-privee-et-incendie-devenez-un-expert-certifie\/\",\"name\":\"Formation s\u00e9curit\u00e9 priv\u00e9e et incendie : devenez un expert certifi\u00e9 - SFPI Consulting\",\"isPartOf\":{\"@id\":\"https:\/\/sfpi-consulting.com\/#website\"},\"datePublished\":\"2025-03-12T15:24:10+00:00\",\"dateModified\":\"2025-03-12T16:40:31+00:00\",\"breadcrumb\":{\"@id\":\"https:\/\/sfpi-consulting.com\/index.php\/formation-securite-privee-et-incendie-devenez-un-expert-certifie\/#breadcrumb\"},\"inLanguage\":\"en-US\",\"potentialAction\":[{\"@type\":\"ReadAction\",\"target\":[\"https:\/\/sfpi-consulting.com\/index.php\/formation-securite-privee-et-incendie-devenez-un-expert-certifie\/\"]}]},{\"@type\":\"BreadcrumbList\",\"@id\":\"https:\/\/sfpi-consulting.com\/index.php\/formation-securite-privee-et-incendie-devenez-un-expert-certifie\/#breadcrumb\",\"itemListElement\":[{\"@type\":\"ListItem\",\"position\":1,\"name\":\"Accueil\",\"item\":\"https:\/\/sfpi-consulting.com\/\"},{\"@type\":\"ListItem\",\"position\":2,\"name\":\"Formation s\u00e9curit\u00e9 priv\u00e9e et incendie : devenez un expert certifi\u00e9\"}]},{\"@type\":\"WebSite\",\"@id\":\"https:\/\/sfpi-consulting.com\/#website\",\"url\":\"https:\/\/sfpi-consulting.com\/\",\"name\":\"SFPI Consulting\",\"description\":\"\",\"publisher\":{\"@id\":\"https:\/\/sfpi-consulting.com\/#organization\"},\"potentialAction\":[{\"@type\":\"SearchAction\",\"target\":{\"@type\":\"EntryPoint\",\"urlTemplate\":\"https:\/\/sfpi-consulting.com\/?s={search_term_string}\"},\"query-input\":{\"@type\":\"PropertyValueSpecification\",\"valueRequired\":true,\"valueName\":\"search_term_string\"}}],\"inLanguage\":\"en-US\"},{\"@type\":\"Organization\",\"@id\":\"https:\/\/sfpi-consulting.com\/#organization\",\"name\":\"SFPI Consulting\",\"url\":\"https:\/\/sfpi-consulting.com\/\",\"logo\":{\"@type\":\"ImageObject\",\"inLanguage\":\"en-US\",\"@id\":\"https:\/\/sfpi-consulting.com\/#\/schema\/logo\/image\/\",\"url\":\"https:\/\/sfpi-consulting.com\/wp-content\/uploads\/2025\/03\/cropped-SFPIC-scaled.png\",\"contentUrl\":\"https:\/\/sfpi-consulting.com\/wp-content\/uploads\/2025\/03\/cropped-SFPIC-scaled.png\",\"width\":2560,\"height\":2109,\"caption\":\"SFPI Consulting\"},\"image\":{\"@id\":\"https:\/\/sfpi-consulting.com\/#\/schema\/logo\/image\/\"}}]}<\/script>\n<!-- \/ Yoast SEO plugin. -->","yoast_head_json":{"title":"Formation s\u00e9curit\u00e9 priv\u00e9e et incendie : devenez un expert certifi\u00e9 - SFPI Consulting","robots":{"index":"index","follow":"follow","max-snippet":"max-snippet:-1","max-image-preview":"max-image-preview:large","max-video-preview":"max-video-preview:-1"},"canonical":"https:\/\/sfpi-consulting.com\/index.php\/formation-securite-privee-et-incendie-devenez-un-expert-certifie\/","og_locale":"en_US","og_type":"article","og_title":"Formation s\u00e9curit\u00e9 priv\u00e9e et incendie : devenez un expert certifi\u00e9 - SFPI Consulting","og_description":"Formation s\u00e9curit\u00e9 priv\u00e9e et incendie : devenez un expert certifi\u00e9 Formation s\u00e9curit\u00e9 priv\u00e9e et incendie : devenez un expert certifi\u00e9 Des formations adapt\u00e9es aux m\u00e9tiers de la s\u00e9curit\u00e9 SFPI Consulting propose des formations en s\u00e9curit\u00e9 priv\u00e9e et en s\u00e9curit\u00e9 incendie pour r\u00e9pondre aux exigences du secteur. Nos formations permettent d\u2019obtenir des certifications officielles reconnues par l\u2019\u00c9tat, telles que le TFP APS (Agent de Pr\u00e9vention et de S\u00e9curit\u00e9) et le SSIAP (Service de S\u00e9curit\u00e9 Incendie et d\u2019Assistance \u00e0 Personnes). Pourquoi se former avec SFPI Consulting ? Avec notre expertise et notre engagement, nous vous accompagnons dans l\u2019acquisition des comp\u00e9tences n\u00e9cessaires pour travailler dans la s\u00e9curit\u00e9 \u00e9v\u00e9nementielle, la surveillance de sites sensibles ou encore la protection des personnes et des biens. Nos formateurs qualifi\u00e9s assurent un enseignement de qualit\u00e9. Formation TFP APS : devenez agent de s\u00e9curit\u00e9 Le TFP APS est une certification essentielle pour exercer en tant qu\u2019agent de s\u00e9curit\u00e9. Cette formation couvre les techniques de pr\u00e9vention des risques, la gestion des conflits et la protection des sites sensibles. En savoir plus Formation SSIAP : sp\u00e9cialiste en s\u00e9curit\u00e9 incendie Obtenez votre certification SSIAP 1, 2 ou 3 pour travailler en tant qu\u2019agent, chef d\u2019\u00e9quipe ou chef de service de s\u00e9curit\u00e9 incendie. Cette formation inclut la pr\u00e9vention des incendies et l\u2019intervention en cas de sinistre. Voir nos formations Certifications et d\u00e9bouch\u00e9s professionnels Nos formations sont reconnues et permettent d\u2019acc\u00e9der \u00e0 divers m\u00e9tiers dans la s\u00e9curit\u00e9 priv\u00e9e, que ce soit dans des entreprises, des centres commerciaux ou des \u00e9v\u00e9nements. Obtenez votre certification et d\u00e9marrez votre carri\u00e8re. Financement et prise en charge des formations Nos formations en s\u00e9curit\u00e9 priv\u00e9e et incendie peuvent \u00eatre financ\u00e9es via des dispositifs comme le CPF (Compte Personnel de Formation), P\u00f4le Emploi ou encore des financements d\u2019entreprise. Contactez-nous pour plus d\u2019informations. Consulter les financements Inscrivez-vous d\u00e8s maintenant Rejoignez SFPI Consulting et devenez un expert en s\u00e9curit\u00e9 priv\u00e9e et incendie. Remplissez notre formulaire en ligne ou contactez-nous directement pour r\u00e9server votre session de formation. Je m\u2019inscris","og_url":"https:\/\/sfpi-consulting.com\/index.php\/formation-securite-privee-et-incendie-devenez-un-expert-certifie\/","og_site_name":"SFPI Consulting","article_modified_time":"2025-03-12T16:40:31+00:00","twitter_card":"summary_large_image","twitter_misc":{"Est. reading time":"2 minutes"},"schema":{"@context":"https:\/\/schema.org","@graph":[{"@type":"WebPage","@id":"https:\/\/sfpi-consulting.com\/index.php\/formation-securite-privee-et-incendie-devenez-un-expert-certifie\/","url":"https:\/\/sfpi-consulting.com\/index.php\/formation-securite-privee-et-incendie-devenez-un-expert-certifie\/","name":"Formation s\u00e9curit\u00e9 priv\u00e9e et incendie : devenez un expert certifi\u00e9 - SFPI Consulting","isPartOf":{"@id":"https:\/\/sfpi-consulting.com\/#website"},"datePublished":"2025-03-12T15:24:10+00:00","dateModified":"2025-03-12T16:40:31+00:00","breadcrumb":{"@id":"https:\/\/sfpi-consulting.com\/index.php\/formation-securite-privee-et-incendie-devenez-un-expert-certifie\/#breadcrumb"},"inLanguage":"en-US","potentialAction":[{"@type":"ReadAction","target":["https:\/\/sfpi-consulting.com\/index.php\/formation-securite-privee-et-incendie-devenez-un-expert-certifie\/"]}]},{"@type":"BreadcrumbList","@id":"https:\/\/sfpi-consulting.com\/index.php\/formation-securite-privee-et-incendie-devenez-un-expert-certifie\/#breadcrumb","itemListElement":[{"@type":"ListItem","position":1,"name":"Accueil","item":"https:\/\/sfpi-consulting.com\/"},{"@type":"ListItem","position":2,"name":"Formation s\u00e9curit\u00e9 priv\u00e9e et incendie : devenez un expert certifi\u00e9"}]},{"@type":"WebSite","@id":"https:\/\/sfpi-consulting.com\/#website","url":"https:\/\/sfpi-consulting.com\/","name":"SFPI Consulting","description":"","publisher":{"@id":"https:\/\/sfpi-consulting.com\/#organization"},"potentialAction":[{"@type":"SearchAction","target":{"@type":"EntryPoint","urlTemplate":"https:\/\/sfpi-consulting.com\/?s={search_term_string}"},"query-input":{"@type":"PropertyValueSpecification","valueRequired":true,"valueName":"search_term_string"}}],"inLanguage":"en-US"},{"@type":"Organization","@id":"https:\/\/sfpi-consulting.com\/#organization","name":"SFPI Consulting","url":"https:\/\/sfpi-consulting.com\/","logo":{"@type":"ImageObject","inLanguage":"en-US","@id":"https:\/\/sfpi-consulting.com\/#\/schema\/logo\/image\/","url":"https:\/\/sfpi-consulting.com\/wp-content\/uploads\/2025\/03\/cropped-SFPIC-scaled.png","contentUrl":"https:\/\/sfpi-consulting.com\/wp-content\/uploads\/2025\/03\/cropped-SFPIC-scaled.png","width":2560,"height":2109,"caption":"SFPI Consulting"},"image":{"@id":"https:\/\/sfpi-consulting.com\/#\/schema\/logo\/image\/"}}]}},"_links":{"self":[{"href":"https:\/\/sfpi-consulting.com\/index.php\/wp-json\/wp\/v2\/pages\/622","targetHints":{"allow":["GET"]}}],"collection":[{"href":"https:\/\/sfpi-consulting.com\/index.php\/wp-json\/wp\/v2\/pages"}],"about":[{"href":"https:\/\/sfpi-consulting.com\/index.php\/wp-json\/wp\/v2\/types\/page"}],"author":[{"embeddable":true,"href":"https:\/\/sfpi-consulting.com\/index.php\/wp-json\/wp\/v2\/users\/1"}],"replies":[{"embeddable":true,"href":"https:\/\/sfpi-consulting.com\/index.php\/wp-json\/wp\/v2\/comments?post=622"}],"version-history":[{"count":7,"href":"https:\/\/sfpi-consulting.com\/index.php\/wp-json\/wp\/v2\/pages\/622\/revisions"}],"predecessor-version":[{"id":857,"href":"https:\/\/sfpi-consulting.com\/index.php\/wp-json\/wp\/v2\/pages\/622\/revisions\/857"}],"wp:attachment":[{"href":"https:\/\/sfpi-consulting.com\/index.php\/wp-json\/wp\/v2\/media?parent=622"}],"curies":[{"name":"wp","href":"https:\/\/api.w.org\/{rel}","templated":true}]}}