{"id":609,"date":"2025-03-12T16:07:14","date_gmt":"2025-03-12T15:07:14","guid":{"rendered":"https:\/\/sfpi-consulting.com\/?page_id=609"},"modified":"2025-03-13T11:14:30","modified_gmt":"2025-03-13T10:14:30","slug":"plan-du-site","status":"publish","type":"page","link":"https:\/\/sfpi-consulting.com\/index.php\/plan-du-site\/","title":{"rendered":"Plan du site"},"content":{"rendered":"<ul class=\"wp-block-page-list\"><li class=\"wp-block-pages-list__item\"><a class=\"wp-block-pages-list__item__link\" href=\"https:\/\/sfpi-consulting.com\/index.php\/a1-events\/\">A1 Events<\/a><\/li><li class=\"wp-block-pages-list__item\"><a class=\"wp-block-pages-list__item__link\" href=\"https:\/\/sfpi-consulting.com\/index.php\/a1-events-entreprise-de-securite-privee-et-gardiennage-a-toulouse\/\">A1 EVENTS : entreprise de s\u00e9curit\u00e9 priv\u00e9e et gardiennage \u00e0 Toulouse<\/a><\/li><li class=\"wp-block-pages-list__item menu-item-home\"><a class=\"wp-block-pages-list__item__link\" href=\"https:\/\/sfpi-consulting.com\/\">Accueil<\/a><\/li><li class=\"wp-block-pages-list__item\"><a class=\"wp-block-pages-list__item__link\" href=\"https:\/\/sfpi-consulting.com\/index.php\/agrements-et-certifications-en-securite-privee-ce-quil-faut-savoir\/\">Agr\u00e9ments et certifications en s\u00e9curit\u00e9 priv\u00e9e : ce qu\u2019il faut savoir<\/a><\/li><li class=\"wp-block-pages-list__item\"><a class=\"wp-block-pages-list__item__link\" href=\"https:\/\/sfpi-consulting.com\/index.php\/audit-de-securite-en-entreprise-reglementation-et-solutions-adaptees\/\">Audit de s\u00e9curit\u00e9 en entreprise : r\u00e9glementation et solutions adapt\u00e9es<\/a><\/li><li class=\"wp-block-pages-list__item\"><a class=\"wp-block-pages-list__item__link\" href=\"https:\/\/sfpi-consulting.com\/index.php\/centre-de-formation-en-securite-privee-a-toulouse-et-saverdun\/\">Centre de formation en s\u00e9curit\u00e9 priv\u00e9e \u00e0 Toulouse et Saverdun<\/a><\/li><li class=\"wp-block-pages-list__item\"><a class=\"wp-block-pages-list__item__link\" href=\"https:\/\/sfpi-consulting.com\/index.php\/certification-et-agrements-pour-exercer-en-securite-privee\/\">Certification et agr\u00e9ments pour exercer en s\u00e9curit\u00e9 priv\u00e9e<\/a><\/li><li class=\"wp-block-pages-list__item\"><a class=\"wp-block-pages-list__item__link\" href=\"https:\/\/sfpi-consulting.com\/index.php\/comment-bien-utiliser-un-extincteur-en-cas-dincendie\/\">Comment bien utiliser un extincteur en cas d\u2019incendie ?<\/a><\/li><li class=\"wp-block-pages-list__item\"><a class=\"wp-block-pages-list__item__link\" href=\"https:\/\/sfpi-consulting.com\/index.php\/comment-devenir-secouriste-en-entreprise-ou-en-milieu-professionnel\/\">Comment devenir secouriste en entreprise ou en milieu professionnel ?<\/a><\/li><li class=\"wp-block-pages-list__item\"><a class=\"wp-block-pages-list__item__link\" href=\"https:\/\/sfpi-consulting.com\/index.php\/comment-financer-sa-formation-tfp-aps-en-occitanie\/\">Comment financer sa formation TFP APS en Occitanie ?<\/a><\/li><li class=\"wp-block-pages-list__item\"><a class=\"wp-block-pages-list__item__link\" href=\"https:\/\/sfpi-consulting.com\/index.php\/conseil-en-securite-entreprise-audits-et-formations-personnalisees\/\">Conseil en s\u00e9curit\u00e9 entreprise : audits et formations personnalis\u00e9es<\/a><\/li><li class=\"wp-block-pages-list__item\"><a class=\"wp-block-pages-list__item__link\" href=\"https:\/\/sfpi-consulting.com\/index.php\/consulting\/\">Consulting<\/a><\/li><li class=\"wp-block-pages-list__item\"><a class=\"wp-block-pages-list__item__link\" href=\"https:\/\/sfpi-consulting.com\/index.php\/accueil-copy-2\/\">Contact<\/a><\/li><li class=\"wp-block-pages-list__item\"><a class=\"wp-block-pages-list__item__link\" href=\"https:\/\/sfpi-consulting.com\/index.php\/devenir-agent-de-prevention-et-de-securite-formation-tfp-aps\/\">Devenir agent de pr\u00e9vention et de s\u00e9curit\u00e9 : formation TFP APS<\/a><\/li><li class=\"wp-block-pages-list__item\"><a class=\"wp-block-pages-list__item__link\" href=\"https:\/\/sfpi-consulting.com\/index.php\/evaluation-des-risques-professionnels-optimiser-la-securite-en-entreprise\/\">\u00c9valuation des risques professionnels : optimiser la s\u00e9curit\u00e9 en entreprise<\/a><\/li><li class=\"wp-block-pages-list__item\"><a class=\"wp-block-pages-list__item__link\" href=\"https:\/\/sfpi-consulting.com\/index.php\/accueil-copy\/\">FAQ<\/a><\/li><li class=\"wp-block-pages-list__item\"><a class=\"wp-block-pages-list__item__link\" href=\"https:\/\/sfpi-consulting.com\/index.php\/financement\/\">Financement<\/a><\/li><li class=\"wp-block-pages-list__item\"><a class=\"wp-block-pages-list__item__link\" href=\"https:\/\/sfpi-consulting.com\/index.php\/financer-sa-formation-en-securite-cpf-opco-pole-emploi\/\">Financer sa formation en s\u00e9curit\u00e9 : CPF, OPCO, P\u00f4le Emploi<\/a><\/li><li class=\"wp-block-pages-list__item\"><a class=\"wp-block-pages-list__item__link\" href=\"https:\/\/sfpi-consulting.com\/index.php\/formation-agent-de-securite-tfp-aps-a-toulouse-et-saverdun\/\">Formation Agent de S\u00e9curit\u00e9 (TFP APS) \u00e0 Toulouse et Saverdun<\/a><\/li><li class=\"wp-block-pages-list__item\"><a class=\"wp-block-pages-list__item__link\" href=\"https:\/\/sfpi-consulting.com\/index.php\/formation-equipier-de-premiere-intervention-epi-securite-en-entreprise\/\">Formation \u00c9quipier de Premi\u00e8re Intervention (EPI) : s\u00e9curit\u00e9 en entreprise<\/a><\/li><li class=\"wp-block-pages-list__item\"><a class=\"wp-block-pages-list__item__link\" href=\"https:\/\/sfpi-consulting.com\/index.php\/formation-habilitation-electrique-h0b0-bs-be-securite-au-travail\/\">Formation habilitation \u00e9lectrique H0B0, BS, BE : s\u00e9curit\u00e9 au travail<\/a><\/li><li class=\"wp-block-pages-list__item\"><a class=\"wp-block-pages-list__item__link\" href=\"https:\/\/sfpi-consulting.com\/index.php\/formation-manipulation-extincteurs-apprendre-a-reagir-en-cas-dincendie\/\">Formation manipulation extincteurs : apprendre \u00e0 r\u00e9agir en cas d\u2019incendie<\/a><\/li><li class=\"wp-block-pages-list__item\"><a class=\"wp-block-pages-list__item__link\" href=\"https:\/\/sfpi-consulting.com\/index.php\/formation-premiers-secours-en-equipe-pse1-pse2-a-toulouse\/\">Formation Premiers Secours en \u00c9quipe (PSE1 &amp; PSE2) \u00e0 Toulouse<\/a><\/li><li class=\"wp-block-pages-list__item\"><a class=\"wp-block-pages-list__item__link\" href=\"https:\/\/sfpi-consulting.com\/index.php\/formation-sauveteur-secouriste-du-travail-sst-en-ariege\/\">Formation Sauveteur Secouriste du Travail (SST) en Ari\u00e8ge<\/a><\/li><li class=\"wp-block-pages-list__item\"><a class=\"wp-block-pages-list__item__link\" href=\"https:\/\/sfpi-consulting.com\/index.php\/formation-secourisme-entreprise-initiez-vos-employes-aux-gestes-qui-sauvent\/\">Formation secourisme entreprise : initiez vos employ\u00e9s aux gestes qui sauvent<\/a><\/li><li class=\"wp-block-pages-list__item\"><a class=\"wp-block-pages-list__item__link\" href=\"https:\/\/sfpi-consulting.com\/index.php\/formation-securite-electrique-pour-les-entreprises-en-occitanie\/\">Formation s\u00e9curit\u00e9 \u00e9lectrique pour les entreprises en Occitanie<\/a><\/li><li class=\"wp-block-pages-list__item\"><a class=\"wp-block-pages-list__item__link\" href=\"https:\/\/sfpi-consulting.com\/index.php\/formation-securite-incendie-pour-les-salaries-et-chefs-dentreprise\/\">Formation s\u00e9curit\u00e9 incendie pour les salari\u00e9s et chefs d\u2019entreprise<\/a><\/li><li class=\"wp-block-pages-list__item\"><a class=\"wp-block-pages-list__item__link\" href=\"https:\/\/sfpi-consulting.com\/index.php\/formation-securite-privee-et-incendie-devenez-un-expert-certifie\/\">Formation s\u00e9curit\u00e9 priv\u00e9e et incendie : devenez un expert certifi\u00e9<\/a><\/li><li class=\"wp-block-pages-list__item\"><a class=\"wp-block-pages-list__item__link\" href=\"https:\/\/sfpi-consulting.com\/index.php\/formation-ssiap-1-a-toulouse-devenez-agent-de-securite-incendie\/\">Formation SSIAP 1 \u00e0 Toulouse : devenez agent de s\u00e9curit\u00e9 incendie<\/a><\/li><li class=\"wp-block-pages-list__item\"><a class=\"wp-block-pages-list__item__link\" href=\"https:\/\/sfpi-consulting.com\/index.php\/formation-ssiap-2-chef-dequipe-en-securite-incendie\/\">Formation SSIAP 2 : chef d\u2019\u00e9quipe en s\u00e9curit\u00e9 incendie<\/a><\/li><li class=\"wp-block-pages-list__item\"><a class=\"wp-block-pages-list__item__link\" href=\"https:\/\/sfpi-consulting.com\/index.php\/formation-ssiap-3-chef-de-service-en-securite-incendie\/\">Formation SSIAP 3 : chef de service en s\u00e9curit\u00e9 incendie<\/a><\/li><li class=\"wp-block-pages-list__item\"><a class=\"wp-block-pages-list__item__link\" href=\"https:\/\/sfpi-consulting.com\/index.php\/gardiennage-et-surveillance-de-sites-protection-24h-24-en-ariege-et-haute-garonne\/\">Gardiennage et surveillance de sites : protection 24h\/24 en Ari\u00e8ge et Haute-Garonne<\/a><\/li><li class=\"wp-block-pages-list__item\"><a class=\"wp-block-pages-list__item__link\" href=\"https:\/\/sfpi-consulting.com\/index.php\/mentions-legales\/\">Mentions l\u00e9gales<\/a><\/li><li class=\"wp-block-pages-list__item\"><a class=\"wp-block-pages-list__item__link\" href=\"https:\/\/sfpi-consulting.com\/index.php\/nos-certifications-et-agrements\/\">Nos certifications et Agr\u00e9ments<\/a><\/li><li class=\"wp-block-pages-list__item\"><a class=\"wp-block-pages-list__item__link\" href=\"https:\/\/sfpi-consulting.com\/index.php\/nos-formations\/\">Nos formations<\/a><\/li><li class=\"wp-block-pages-list__item\"><a class=\"wp-block-pages-list__item__link\" href=\"https:\/\/sfpi-consulting.com\/index.php\/obtenir-une-habilitation-electrique-pourquoi-est-ce-obligatoire\/\">Obtenir une habilitation \u00e9lectrique : pourquoi est-ce obligatoire ?<\/a><\/li><li class=\"wp-block-pages-list__item\"><a class=\"wp-block-pages-list__item__link\" href=\"https:\/\/sfpi-consulting.com\/index.php\/page-d-exemple\/\">Page d\u2019exemple<\/a><\/li><li class=\"wp-block-pages-list__item\"><a class=\"wp-block-pages-list__item__link\" href=\"https:\/\/sfpi-consulting.com\/index.php\/plan-devacuation-et-securite-incendie-obligations-et-formations\/\">Plan d\u2019\u00e9vacuation et s\u00e9curit\u00e9 incendie : obligations et formations<\/a><\/li><li class=\"wp-block-pages-list__item\"><a class=\"wp-block-pages-list__item__link\" href=\"https:\/\/sfpi-consulting.com\/index.php\/plan-du-site\/\">Plan du site<\/a><\/li><li class=\"wp-block-pages-list__item\"><a class=\"wp-block-pages-list__item__link\" href=\"https:\/\/sfpi-consulting.com\/index.php\/politique-de-confidentialite\/\">Politique de confidentialit\u00e9<\/a><\/li><li class=\"wp-block-pages-list__item\"><a class=\"wp-block-pages-list__item__link\" href=\"https:\/\/sfpi-consulting.com\/index.php\/pourquoi-choisir-sfpi-consulting-pour-votre-formation-en-securite\/\">Pourquoi choisir SFPI CONSULTING pour votre formation en s\u00e9curit\u00e9 ?<\/a><\/li><li class=\"wp-block-pages-list__item\"><a class=\"wp-block-pages-list__item__link\" href=\"https:\/\/sfpi-consulting.com\/index.php\/pourquoi-faire-appel-a-a1-events-pour-la-securite-de-votre-entreprise-ou-evenement\/\">Pourquoi faire appel \u00e0 A1 EVENTS pour la s\u00e9curit\u00e9 de votre entreprise ou \u00e9v\u00e9nement ?<\/a><\/li><li class=\"wp-block-pages-list__item\"><a class=\"wp-block-pages-list__item__link\" href=\"https:\/\/sfpi-consulting.com\/index.php\/recyclage-et-maintien-des-competences-en-securite-quelles-obligations\/\">Recyclage et maintien des comp\u00e9tences en s\u00e9curit\u00e9 : quelles obligations ?<\/a><\/li><li class=\"wp-block-pages-list__item\"><a class=\"wp-block-pages-list__item__link\" href=\"https:\/\/sfpi-consulting.com\/index.php\/recyclage-et-remise-a-niveau-ssiap-restez-certifie-en-incendie\/\">Recyclage et remise \u00e0 niveau SSIAP : restez certifi\u00e9 en incendie<\/a><\/li><li class=\"wp-block-pages-list__item\"><a class=\"wp-block-pages-list__item__link\" href=\"https:\/\/sfpi-consulting.com\/index.php\/recyclage-habilitation-electrique-mise-a-jour-des-connaissances\/\">Recyclage habilitation \u00e9lectrique : mise \u00e0 jour des connaissances<\/a><\/li><li class=\"wp-block-pages-list__item\"><a class=\"wp-block-pages-list__item__link\" href=\"https:\/\/sfpi-consulting.com\/index.php\/recyclage-sst-maintien-et-actualisation-des-competences-en-secourisme\/\">Recyclage SST : maintien et actualisation des comp\u00e9tences en secourisme<\/a><\/li><li class=\"wp-block-pages-list__item\"><a class=\"wp-block-pages-list__item__link\" href=\"https:\/\/sfpi-consulting.com\/index.php\/recyclage-tfp-aps-mise-a-jour-des-competences-en-securite-privee\/\">Recyclage TFP APS : mise \u00e0 jour des comp\u00e9tences en s\u00e9curit\u00e9 priv\u00e9e<\/a><\/li><li class=\"wp-block-pages-list__item\"><a class=\"wp-block-pages-list__item__link\" href=\"https:\/\/sfpi-consulting.com\/index.php\/reglementation-securite-privee-obligations-pour-travailler-dans-la-securite\/\">R\u00e8glementation s\u00e9curit\u00e9 priv\u00e9e : obligations pour travailler dans la s\u00e9curit\u00e9<\/a><\/li><li class=\"wp-block-pages-list__item\"><a class=\"wp-block-pages-list__item__link\" href=\"https:\/\/sfpi-consulting.com\/index.php\/risques-electriques-en-entreprise-importance-de-lhabilitation\/\">Risques \u00e9lectriques en entreprise : importance de l\u2019habilitation<\/a><\/li><li class=\"wp-block-pages-list__item\"><a class=\"wp-block-pages-list__item__link\" href=\"https:\/\/sfpi-consulting.com\/index.php\/se-former-aux-metiers-de-la-securite-privee-en-occitanie\/\">Se former aux m\u00e9tiers de la s\u00e9curit\u00e9 priv\u00e9e en Occitanie<\/a><\/li><li class=\"wp-block-pages-list__item\"><a class=\"wp-block-pages-list__item__link\" href=\"https:\/\/sfpi-consulting.com\/index.php\/securite-des-evenements-prevention-et-gestion-des-risques\/\">S\u00e9curit\u00e9 des \u00e9v\u00e9nements : pr\u00e9vention et gestion des risques<\/a><\/li><li class=\"wp-block-pages-list__item\"><a class=\"wp-block-pages-list__item__link\" href=\"https:\/\/sfpi-consulting.com\/index.php\/securite-evenementielle-agents-de-securite-pour-vos-evenements-en-occitanie\/\">S\u00e9curit\u00e9 \u00e9v\u00e9nementielle : agents de s\u00e9curit\u00e9 pour vos \u00e9v\u00e9nements en Occitanie<\/a><\/li><li class=\"wp-block-pages-list__item\"><a class=\"wp-block-pages-list__item__link\" href=\"https:\/\/sfpi-consulting.com\/index.php\/securite-incendie-en-entreprise-formations-obligatoires-et-reglementations\/\">S\u00e9curit\u00e9 incendie en entreprise : formations obligatoires et r\u00e9glementations<\/a><\/li><li class=\"wp-block-pages-list__item\"><a class=\"wp-block-pages-list__item__link\" href=\"https:\/\/sfpi-consulting.com\/index.php\/securite-incendie-et-secours-des-agents-qualifies-pour-vos-evenements\/\">S\u00e9curit\u00e9 incendie et secours : des agents qualifi\u00e9s pour vos \u00e9v\u00e9nements<\/a><\/li><li class=\"wp-block-pages-list__item\"><a class=\"wp-block-pages-list__item__link\" href=\"https:\/\/sfpi-consulting.com\/index.php\/sensibilisation-aux-risques-incendie-en-entreprise-limportance-de-la-formation\/\">Sensibilisation aux risques incendie en entreprise : l\u2019importance de la formation<\/a><\/li><li class=\"wp-block-pages-list__item\"><a class=\"wp-block-pages-list__item__link\" href=\"https:\/\/sfpi-consulting.com\/index.php\/sfpi-consulting\/\">SFPI Consulting<\/a><\/li><li class=\"wp-block-pages-list__item\"><a class=\"wp-block-pages-list__item__link\" href=\"https:\/\/sfpi-consulting.com\/index.php\/sfpi-consulting-formations-securite-et-prevention-des-risques\/\">SFPI CONSULTING : formations s\u00e9curit\u00e9 et pr\u00e9vention des risques<\/a><\/li><li class=\"wp-block-pages-list__item\"><a class=\"wp-block-pages-list__item__link\" href=\"https:\/\/sfpi-consulting.com\/index.php\/tout-savoir-sur-le-metier-dagent-de-securite-et-sa-formation\/\">Tout savoir sur le m\u00e9tier d\u2019agent de s\u00e9curit\u00e9 et sa formation<\/a><\/li><\/ul>","protected":false},"excerpt":{"rendered":"","protected":false},"author":1,"featured_media":0,"parent":0,"menu_order":0,"comment_status":"closed","ping_status":"closed","template":"","meta":{"site-sidebar-layout":"default","site-content-layout":"","ast-site-content-layout":"","site-content-style":"default","site-sidebar-style":"default","ast-global-header-display":"","ast-banner-title-visibility":"","ast-main-header-display":"","ast-hfb-above-header-display":"","ast-hfb-below-header-display":"","ast-hfb-mobile-header-display":"","site-post-title":"","ast-breadcrumbs-content":"","ast-featured-img":"","footer-sml-layout":"","theme-transparent-header-meta":"","adv-header-id-meta":"","stick-header-meta":"","header-above-stick-meta":"","header-main-stick-meta":"","header-below-stick-meta":"","astra-migrate-meta-layouts":"default","ast-page-background-enabled":"default","ast-page-background-meta":{"desktop":{"background-color":"var(--ast-global-color-5)","background-image":"","background-repeat":"repeat","background-position":"center center","background-size":"auto","background-attachment":"scroll","background-type":"","background-media":"","overlay-type":"","overlay-color":"","overlay-opacity":"","overlay-gradient":""},"tablet":{"background-color":"","background-image":"","background-repeat":"repeat","background-position":"center center","background-size":"auto","background-attachment":"scroll","background-type":"","background-media":"","overlay-type":"","overlay-color":"","overlay-opacity":"","overlay-gradient":""},"mobile":{"background-color":"","background-image":"","background-repeat":"repeat","background-position":"center center","background-size":"auto","background-attachment":"scroll","background-type":"","background-media":"","overlay-type":"","overlay-color":"","overlay-opacity":"","overlay-gradient":""}},"ast-content-background-meta":{"desktop":{"background-color":"var(--ast-global-color-4)","background-image":"","background-repeat":"repeat","background-position":"center center","background-size":"auto","background-attachment":"scroll","background-type":"","background-media":"","overlay-type":"","overlay-color":"","overlay-opacity":"","overlay-gradient":""},"tablet":{"background-color":"var(--ast-global-color-4)","background-image":"","background-repeat":"repeat","background-position":"center center","background-size":"auto","background-attachment":"scroll","background-type":"","background-media":"","overlay-type":"","overlay-color":"","overlay-opacity":"","overlay-gradient":""},"mobile":{"background-color":"var(--ast-global-color-4)","background-image":"","background-repeat":"repeat","background-position":"center center","background-size":"auto","background-attachment":"scroll","background-type":"","background-media":"","overlay-type":"","overlay-color":"","overlay-opacity":"","overlay-gradient":""}},"footnotes":""},"class_list":["post-609","page","type-page","status-publish","hentry"],"yoast_head":"<!-- This site is optimized with the Yoast SEO plugin v25.9 - https:\/\/yoast.com\/wordpress\/plugins\/seo\/ -->\n<title>Plan du site - SFPI Consulting<\/title>\n<meta name=\"robots\" content=\"index, follow, max-snippet:-1, max-image-preview:large, max-video-preview:-1\" \/>\n<link rel=\"canonical\" href=\"https:\/\/sfpi-consulting.com\/index.php\/plan-du-site\/\" \/>\n<meta property=\"og:locale\" content=\"en_US\" \/>\n<meta property=\"og:type\" content=\"article\" \/>\n<meta property=\"og:title\" content=\"Plan du site - SFPI Consulting\" \/>\n<meta property=\"og:url\" content=\"https:\/\/sfpi-consulting.com\/index.php\/plan-du-site\/\" \/>\n<meta property=\"og:site_name\" content=\"SFPI Consulting\" \/>\n<meta property=\"article:modified_time\" content=\"2025-03-13T10:14:30+00:00\" \/>\n<meta name=\"twitter:card\" content=\"summary_large_image\" \/>\n<script type=\"application\/ld+json\" class=\"yoast-schema-graph\">{\"@context\":\"https:\/\/schema.org\",\"@graph\":[{\"@type\":\"WebPage\",\"@id\":\"https:\/\/sfpi-consulting.com\/index.php\/plan-du-site\/\",\"url\":\"https:\/\/sfpi-consulting.com\/index.php\/plan-du-site\/\",\"name\":\"Plan du site - SFPI Consulting\",\"isPartOf\":{\"@id\":\"https:\/\/sfpi-consulting.com\/#website\"},\"datePublished\":\"2025-03-12T15:07:14+00:00\",\"dateModified\":\"2025-03-13T10:14:30+00:00\",\"breadcrumb\":{\"@id\":\"https:\/\/sfpi-consulting.com\/index.php\/plan-du-site\/#breadcrumb\"},\"inLanguage\":\"en-US\",\"potentialAction\":[{\"@type\":\"ReadAction\",\"target\":[\"https:\/\/sfpi-consulting.com\/index.php\/plan-du-site\/\"]}]},{\"@type\":\"BreadcrumbList\",\"@id\":\"https:\/\/sfpi-consulting.com\/index.php\/plan-du-site\/#breadcrumb\",\"itemListElement\":[{\"@type\":\"ListItem\",\"position\":1,\"name\":\"Accueil\",\"item\":\"https:\/\/sfpi-consulting.com\/\"},{\"@type\":\"ListItem\",\"position\":2,\"name\":\"Plan du site\"}]},{\"@type\":\"WebSite\",\"@id\":\"https:\/\/sfpi-consulting.com\/#website\",\"url\":\"https:\/\/sfpi-consulting.com\/\",\"name\":\"SFPI Consulting\",\"description\":\"\",\"publisher\":{\"@id\":\"https:\/\/sfpi-consulting.com\/#organization\"},\"potentialAction\":[{\"@type\":\"SearchAction\",\"target\":{\"@type\":\"EntryPoint\",\"urlTemplate\":\"https:\/\/sfpi-consulting.com\/?s={search_term_string}\"},\"query-input\":{\"@type\":\"PropertyValueSpecification\",\"valueRequired\":true,\"valueName\":\"search_term_string\"}}],\"inLanguage\":\"en-US\"},{\"@type\":\"Organization\",\"@id\":\"https:\/\/sfpi-consulting.com\/#organization\",\"name\":\"SFPI Consulting\",\"url\":\"https:\/\/sfpi-consulting.com\/\",\"logo\":{\"@type\":\"ImageObject\",\"inLanguage\":\"en-US\",\"@id\":\"https:\/\/sfpi-consulting.com\/#\/schema\/logo\/image\/\",\"url\":\"https:\/\/sfpi-consulting.com\/wp-content\/uploads\/2025\/03\/cropped-SFPIC-scaled.png\",\"contentUrl\":\"https:\/\/sfpi-consulting.com\/wp-content\/uploads\/2025\/03\/cropped-SFPIC-scaled.png\",\"width\":2560,\"height\":2109,\"caption\":\"SFPI Consulting\"},\"image\":{\"@id\":\"https:\/\/sfpi-consulting.com\/#\/schema\/logo\/image\/\"}}]}<\/script>\n<!-- \/ Yoast SEO plugin. -->","yoast_head_json":{"title":"Plan du site - SFPI Consulting","robots":{"index":"index","follow":"follow","max-snippet":"max-snippet:-1","max-image-preview":"max-image-preview:large","max-video-preview":"max-video-preview:-1"},"canonical":"https:\/\/sfpi-consulting.com\/index.php\/plan-du-site\/","og_locale":"en_US","og_type":"article","og_title":"Plan du site - SFPI Consulting","og_url":"https:\/\/sfpi-consulting.com\/index.php\/plan-du-site\/","og_site_name":"SFPI Consulting","article_modified_time":"2025-03-13T10:14:30+00:00","twitter_card":"summary_large_image","schema":{"@context":"https:\/\/schema.org","@graph":[{"@type":"WebPage","@id":"https:\/\/sfpi-consulting.com\/index.php\/plan-du-site\/","url":"https:\/\/sfpi-consulting.com\/index.php\/plan-du-site\/","name":"Plan du site - SFPI Consulting","isPartOf":{"@id":"https:\/\/sfpi-consulting.com\/#website"},"datePublished":"2025-03-12T15:07:14+00:00","dateModified":"2025-03-13T10:14:30+00:00","breadcrumb":{"@id":"https:\/\/sfpi-consulting.com\/index.php\/plan-du-site\/#breadcrumb"},"inLanguage":"en-US","potentialAction":[{"@type":"ReadAction","target":["https:\/\/sfpi-consulting.com\/index.php\/plan-du-site\/"]}]},{"@type":"BreadcrumbList","@id":"https:\/\/sfpi-consulting.com\/index.php\/plan-du-site\/#breadcrumb","itemListElement":[{"@type":"ListItem","position":1,"name":"Accueil","item":"https:\/\/sfpi-consulting.com\/"},{"@type":"ListItem","position":2,"name":"Plan du site"}]},{"@type":"WebSite","@id":"https:\/\/sfpi-consulting.com\/#website","url":"https:\/\/sfpi-consulting.com\/","name":"SFPI Consulting","description":"","publisher":{"@id":"https:\/\/sfpi-consulting.com\/#organization"},"potentialAction":[{"@type":"SearchAction","target":{"@type":"EntryPoint","urlTemplate":"https:\/\/sfpi-consulting.com\/?s={search_term_string}"},"query-input":{"@type":"PropertyValueSpecification","valueRequired":true,"valueName":"search_term_string"}}],"inLanguage":"en-US"},{"@type":"Organization","@id":"https:\/\/sfpi-consulting.com\/#organization","name":"SFPI Consulting","url":"https:\/\/sfpi-consulting.com\/","logo":{"@type":"ImageObject","inLanguage":"en-US","@id":"https:\/\/sfpi-consulting.com\/#\/schema\/logo\/image\/","url":"https:\/\/sfpi-consulting.com\/wp-content\/uploads\/2025\/03\/cropped-SFPIC-scaled.png","contentUrl":"https:\/\/sfpi-consulting.com\/wp-content\/uploads\/2025\/03\/cropped-SFPIC-scaled.png","width":2560,"height":2109,"caption":"SFPI Consulting"},"image":{"@id":"https:\/\/sfpi-consulting.com\/#\/schema\/logo\/image\/"}}]}},"_links":{"self":[{"href":"https:\/\/sfpi-consulting.com\/index.php\/wp-json\/wp\/v2\/pages\/609","targetHints":{"allow":["GET"]}}],"collection":[{"href":"https:\/\/sfpi-consulting.com\/index.php\/wp-json\/wp\/v2\/pages"}],"about":[{"href":"https:\/\/sfpi-consulting.com\/index.php\/wp-json\/wp\/v2\/types\/page"}],"author":[{"embeddable":true,"href":"https:\/\/sfpi-consulting.com\/index.php\/wp-json\/wp\/v2\/users\/1"}],"replies":[{"embeddable":true,"href":"https:\/\/sfpi-consulting.com\/index.php\/wp-json\/wp\/v2\/comments?post=609"}],"version-history":[{"count":2,"href":"https:\/\/sfpi-consulting.com\/index.php\/wp-json\/wp\/v2\/pages\/609\/revisions"}],"predecessor-version":[{"id":1040,"href":"https:\/\/sfpi-consulting.com\/index.php\/wp-json\/wp\/v2\/pages\/609\/revisions\/1040"}],"wp:attachment":[{"href":"https:\/\/sfpi-consulting.com\/index.php\/wp-json\/wp\/v2\/media?parent=609"}],"curies":[{"name":"wp","href":"https:\/\/api.w.org\/{rel}","templated":true}]}}